{"id":1120,"date":"2023-11-18T19:34:32","date_gmt":"2023-11-18T19:34:32","guid":{"rendered":"https:\/\/legalinfonb.ca\/a-propos\/annual-reports\/"},"modified":"2024-08-21T13:00:37","modified_gmt":"2024-08-21T13:00:37","slug":"annual-reports","status":"publish","type":"page","link":"https:\/\/legalinfonb.ca\/fr\/a-propos-de-nous\/annual-reports\/","title":{"rendered":"Rapports annuels"},"content":{"rendered":"<p><div class=\"fusion-fullwidth fullwidth-box fusion-builder-row-1 fusion-flex-container has-pattern-background has-mask-background nonhundred-percent-fullwidth non-hundred-percent-height-scrolling\" style=\"--awb-border-radius-top-left:0px;--awb-border-radius-top-right:0px;--awb-border-radius-bottom-right:0px;--awb-border-radius-bottom-left:0px;--awb-flex-wrap:wrap;\" ><div class=\"fusion-builder-row fusion-row fusion-flex-align-items-flex-start fusion-flex-content-wrap\" style=\"max-width:104%;margin-left: calc(-4% \/ 2 );margin-right: calc(-4% \/ 2 );\"><div class=\"fusion-layout-column fusion_builder_column fusion-builder-column-0 fusion_builder_column_1_1 1_1 fusion-flex-column\" style=\"--awb-bg-size:cover;--awb-width-large:100%;--awb-margin-top-large:0px;--awb-spacing-right-large:1.92%;--awb-margin-bottom-large:20px;--awb-spacing-left-large:1.92%;--awb-width-medium:100%;--awb-order-medium:0;--awb-spacing-right-medium:1.92%;--awb-spacing-left-medium:1.92%;--awb-width-small:100%;--awb-order-small:0;--awb-spacing-right-small:1.92%;--awb-spacing-left-small:1.92%;\"><div class=\"fusion-column-wrapper fusion-column-has-shadow fusion-flex-justify-content-flex-start fusion-content-layout-column\"><div class=\"fusion-title title fusion-title-1 fusion-sep-none fusion-title-text fusion-title-size-one\"><h1 class=\"fusion-title-heading title-heading-left\" style=\"margin:0;\">Rapports annuels<\/h1><\/div><\/div><\/div><\/div><\/div><div class=\"fusion-fullwidth fullwidth-box fusion-builder-row-2 fusion-flex-container has-pattern-background has-mask-background nonhundred-percent-fullwidth non-hundred-percent-height-scrolling\" style=\"--awb-border-radius-top-left:0px;--awb-border-radius-top-right:0px;--awb-border-radius-bottom-right:0px;--awb-border-radius-bottom-left:0px;--awb-flex-wrap:wrap;\" ><div class=\"fusion-builder-row fusion-row fusion-flex-align-items-flex-start fusion-flex-content-wrap\" style=\"max-width:104%;margin-left: calc(-4% \/ 2 );margin-right: calc(-4% \/ 2 );\"><div class=\"fusion-layout-column fusion_builder_column fusion-builder-column-1 fusion_builder_column_1_1 1_1 fusion-flex-column\" style=\"--awb-bg-size:cover;--awb-width-large:100%;--awb-margin-top-large:0px;--awb-spacing-right-large:1.92%;--awb-margin-bottom-large:20px;--awb-spacing-left-large:1.92%;--awb-width-medium:100%;--awb-order-medium:0;--awb-spacing-right-medium:1.92%;--awb-spacing-left-medium:1.92%;--awb-width-small:100%;--awb-order-small:0;--awb-spacing-right-small:1.92%;--awb-spacing-left-small:1.92%;\"><div class=\"fusion-column-wrapper fusion-column-has-shadow fusion-flex-justify-content-flex-start fusion-content-layout-column\"><div class=\"fusion-text fusion-text-1\"><p>Chaque ann\u00e9e, le SPEIJ-NB publie un rapport annuel pour souligner ses r\u00e9alisations, faire \u00e9tat de ses activit\u00e9s principales et dresser la liste de ses nouvelles publications. Il pr\u00e9sente \u00e9galement le profil de toute initiative sp\u00e9ciale. Vous \u00eates invit\u00e9s \u00e0 les consulter pour en apprendre davantage sur le travail du SPEIJ-NB.<\/p>\n<\/div><\/div><\/div><\/div><\/div><div class=\"fusion-fullwidth fullwidth-box fusion-builder-row-3 fusion-flex-container has-pattern-background has-mask-background nonhundred-percent-fullwidth non-hundred-percent-height-scrolling\" style=\"--awb-border-radius-top-left:0px;--awb-border-radius-top-right:0px;--awb-border-radius-bottom-right:0px;--awb-border-radius-bottom-left:0px;--awb-flex-wrap:wrap;\" ><div class=\"fusion-builder-row fusion-row fusion-flex-align-items-flex-start fusion-flex-content-wrap\" style=\"max-width:104%;margin-left: calc(-4% \/ 2 );margin-right: calc(-4% \/ 2 );\"><div class=\"fusion-layout-column fusion_builder_column fusion-builder-column-2 fusion_builder_column_1_3 1_3 fusion-flex-column fusion-column-inner-bg-wrapper\" style=\"--awb-inner-bg-size:cover;--awb-width-large:33.333333333333%;--awb-margin-top-large:0px;--awb-spacing-right-large:5.76%;--awb-margin-bottom-large:20px;--awb-spacing-left-large:5.76%;--awb-width-medium:33.333333333333%;--awb-order-medium:0;--awb-spacing-right-medium:5.76%;--awb-spacing-left-medium:5.76%;--awb-width-small:100%;--awb-order-small:0;--awb-spacing-right-small:1.92%;--awb-spacing-left-small:1.92%;\" data-scroll-devices=\"small-visibility,medium-visibility,large-visibility\"><span class=\"fusion-column-inner-bg hover-type-none\"><a class=\"fusion-column-anchor\" href=\"https:\/\/legalinfonb.ca\/wp-content\/uploads\/2024\/03\/FINAL-EN-Annual-Report-2022.pdf\" rel=\"noopener noreferrer\" target=\"_blank\"><span class=\"fusion-column-inner-bg-image\"><\/span><\/a><\/span><div class=\"fusion-column-wrapper fusion-column-has-shadow fusion-flex-justify-content-flex-start fusion-content-layout-column\"><div class=\"fusion-image-element awb-imageframe-style awb-imageframe-style-below awb-imageframe-style-1\" style=\"--awb-liftup-border-radius:0px;--awb-caption-title-font-family:var(--h3_typography-font-family);--awb-caption-title-font-weight:var(--h3_typography-font-weight);--awb-caption-title-font-style:var(--h3_typography-font-style);--awb-caption-title-size:var(--h3_typography-font-size);--awb-caption-title-transform:var(--h3_typography-text-transform);--awb-caption-title-line-height:var(--h3_typography-line-height);--awb-caption-title-letter-spacing:var(--h3_typography-letter-spacing);\"><div class=\"awb-image-frame awb-image-frame-1 imageframe-liftup\"><span class=\" fusion-imageframe imageframe-none imageframe-1\"><a class=\"fusion-no-lightbox\" href=\"https:\/\/legalinfonb.ca\/wp-content\/uploads\/2024\/03\/FINAL-FR-Annual-Report-2022.pdf\" target=\"_blank\" rel=\"noopener noreferrer\"><img decoding=\"async\" width=\"300\" height=\"388\" alt=\"Rapport annuel 2021-22\" src=\"https:\/\/legalinfonb.ca\/wp-content\/uploads\/2022\/11\/news_annual_report_2021_22_cover_fr.png\" class=\"img-responsive wp-image-804\" srcset=\"https:\/\/legalinfonb.ca\/wp-content\/uploads\/2022\/11\/news_annual_report_2021_22_cover_fr-200x259.png 200w, https:\/\/legalinfonb.ca\/wp-content\/uploads\/2022\/11\/news_annual_report_2021_22_cover_fr.png 300w\" sizes=\"(max-width: 640px) 100vw, 300px\" \/><\/a><\/span><\/div><div class=\"awb-imageframe-caption-container\"><div class=\"awb-imageframe-caption\"><p class=\"awb-imageframe-caption-text\">Rapport annuel 2021-22<\/p><\/div><\/div><\/div><\/div><\/div><div class=\"fusion-layout-column fusion_builder_column fusion-builder-column-3 fusion_builder_column_1_3 1_3 fusion-flex-column\" style=\"--awb-bg-size:cover;--awb-width-large:33.333333333333%;--awb-margin-top-large:0px;--awb-spacing-right-large:5.76%;--awb-margin-bottom-large:20px;--awb-spacing-left-large:5.76%;--awb-width-medium:33.333333333333%;--awb-order-medium:0;--awb-spacing-right-medium:5.76%;--awb-spacing-left-medium:5.76%;--awb-width-small:100%;--awb-order-small:0;--awb-spacing-right-small:1.92%;--awb-spacing-left-small:1.92%;\"><div class=\"fusion-column-wrapper fusion-column-has-shadow fusion-flex-justify-content-flex-start fusion-content-layout-column\"><\/div><\/div><div class=\"fusion-layout-column fusion_builder_column fusion-builder-column-4 fusion_builder_column_1_3 1_3 fusion-flex-column\" style=\"--awb-bg-size:cover;--awb-width-large:33.333333333333%;--awb-margin-top-large:0px;--awb-spacing-right-large:5.76%;--awb-margin-bottom-large:20px;--awb-spacing-left-large:5.76%;--awb-width-medium:33.333333333333%;--awb-order-medium:0;--awb-spacing-right-medium:5.76%;--awb-spacing-left-medium:5.76%;--awb-width-small:100%;--awb-order-small:0;--awb-spacing-right-small:1.92%;--awb-spacing-left-small:1.92%;\"><div class=\"fusion-column-wrapper fusion-column-has-shadow fusion-flex-justify-content-flex-start fusion-content-layout-column\"><\/div><\/div><\/div><\/div><\/p>\n","protected":false},"excerpt":{"rendered":"","protected":false},"author":1,"featured_media":0,"parent":920,"menu_order":0,"comment_status":"closed","ping_status":"closed","template":"","meta":{"footnotes":""},"categories":[],"tags":[],"class_list":["post-1120","page","type-page","status-publish","hentry"],"_links":{"self":[{"href":"https:\/\/legalinfonb.ca\/fr\/wp-json\/wp\/v2\/pages\/1120","targetHints":{"allow":["GET"]}}],"collection":[{"href":"https:\/\/legalinfonb.ca\/fr\/wp-json\/wp\/v2\/pages"}],"about":[{"href":"https:\/\/legalinfonb.ca\/fr\/wp-json\/wp\/v2\/types\/page"}],"author":[{"embeddable":true,"href":"https:\/\/legalinfonb.ca\/fr\/wp-json\/wp\/v2\/users\/1"}],"replies":[{"embeddable":true,"href":"https:\/\/legalinfonb.ca\/fr\/wp-json\/wp\/v2\/comments?post=1120"}],"version-history":[{"count":2,"href":"https:\/\/legalinfonb.ca\/fr\/wp-json\/wp\/v2\/pages\/1120\/revisions"}],"predecessor-version":[{"id":1122,"href":"https:\/\/legalinfonb.ca\/fr\/wp-json\/wp\/v2\/pages\/1120\/revisions\/1122"}],"up":[{"embeddable":true,"href":"https:\/\/legalinfonb.ca\/fr\/wp-json\/wp\/v2\/pages\/920"}],"wp:attachment":[{"href":"https:\/\/legalinfonb.ca\/fr\/wp-json\/wp\/v2\/media?parent=1120"}],"wp:term":[{"taxonomy":"category","embeddable":true,"href":"https:\/\/legalinfonb.ca\/fr\/wp-json\/wp\/v2\/categories?post=1120"},{"taxonomy":"post_tag","embeddable":true,"href":"https:\/\/legalinfonb.ca\/fr\/wp-json\/wp\/v2\/tags?post=1120"}],"curies":[{"name":"wp","href":"https:\/\/api.w.org\/{rel}","templated":true}]}}