{"id":1264,"date":"2024-03-13T14:39:31","date_gmt":"2024-03-13T17:39:31","guid":{"rendered":"https:\/\/legalinfonb.ca\/info-legale\/abuse-violence\/emergency-intervention-orders\/"},"modified":"2025-07-31T14:45:01","modified_gmt":"2025-07-31T17:45:01","slug":"emergency-intervention-orders","status":"publish","type":"page","link":"https:\/\/legalinfonb.ca\/fr\/info-legale\/abuse-violence\/emergency-intervention-orders\/","title":{"rendered":"Ordonnances d\u2019intervention d\u2019urgence"},"content":{"rendered":"<p><div class=\"fusion-fullwidth fullwidth-box fusion-builder-row-1 fusion-flex-container has-pattern-background has-mask-background nonhundred-percent-fullwidth non-hundred-percent-height-scrolling\" style=\"--awb-border-radius-top-left:0px;--awb-border-radius-top-right:0px;--awb-border-radius-bottom-right:0px;--awb-border-radius-bottom-left:0px;--awb-flex-wrap:wrap;\" ><div class=\"fusion-builder-row fusion-row fusion-flex-align-items-flex-start fusion-flex-content-wrap\" style=\"max-width:104%;margin-left: calc(-4% \/ 2 );margin-right: calc(-4% \/ 2 );\"><div class=\"fusion-layout-column fusion_builder_column fusion-builder-column-0 fusion_builder_column_1_1 1_1 fusion-flex-column\" style=\"--awb-bg-size:cover;--awb-width-large:100%;--awb-margin-top-large:0px;--awb-spacing-right-large:1.92%;--awb-margin-bottom-large:20px;--awb-spacing-left-large:1.92%;--awb-width-medium:100%;--awb-order-medium:0;--awb-spacing-right-medium:1.92%;--awb-spacing-left-medium:1.92%;--awb-width-small:100%;--awb-order-small:0;--awb-spacing-right-small:1.92%;--awb-spacing-left-small:1.92%;\"><div class=\"fusion-column-wrapper fusion-column-has-shadow fusion-flex-justify-content-flex-start fusion-content-layout-column\"><div class=\"fusion-title title fusion-title-1 fusion-sep-none fusion-title-text fusion-title-size-one\"><h1 class=\"fusion-title-heading title-heading-left\" style=\"margin:0;\">Ordonnances d\u2019intervention d\u2019urgence<\/h1><\/div><\/div><\/div><\/div><\/div><div class=\"fusion-fullwidth fullwidth-box fusion-builder-row-2 fusion-flex-container has-pattern-background has-mask-background nonhundred-percent-fullwidth non-hundred-percent-height-scrolling\" style=\"--awb-border-radius-top-left:0px;--awb-border-radius-top-right:0px;--awb-border-radius-bottom-right:0px;--awb-border-radius-bottom-left:0px;--awb-flex-wrap:wrap;\" ><div class=\"fusion-builder-row fusion-row fusion-flex-align-items-flex-start fusion-flex-content-wrap\" style=\"max-width:104%;margin-left: calc(-4% \/ 2 );margin-right: calc(-4% \/ 2 );\"><div class=\"fusion-layout-column fusion_builder_column fusion-builder-column-1 fusion_builder_column_1_1 1_1 fusion-flex-column\" style=\"--awb-bg-size:cover;--awb-width-large:100%;--awb-margin-top-large:0px;--awb-spacing-right-large:1.92%;--awb-margin-bottom-large:20px;--awb-spacing-left-large:1.92%;--awb-width-medium:100%;--awb-order-medium:0;--awb-spacing-right-medium:1.92%;--awb-spacing-left-medium:1.92%;--awb-width-small:100%;--awb-order-small:0;--awb-spacing-right-small:1.92%;--awb-spacing-left-small:1.92%;\"><div class=\"fusion-column-wrapper fusion-column-has-shadow fusion-flex-justify-content-flex-start fusion-content-layout-column\"><div class=\"fusion-text fusion-text-1\"><p>Une <strong>ordonnance d\u2019intervention d\u2019urgence (OIU)<\/strong>\u00a0est une ordonnance rendue en vertu de la Loi sur l\u2019intervention en mati\u00e8re de violence entre partenaires intimes en r\u00e9ponse \u00e0 une requ\u00eate de la part d\u2019une personne victime de violence entre partenaires intimes. De telles ordonnances peuvent comporter diverses conditions temporaires visant \u00e0 am\u00e9liorer la s\u00e9curit\u00e9 des victimes. Elles peuvent, par exemple, contenir des dispositions permettant au requ\u00e9rant de demeurer temporairement dans la r\u00e9sidence familiale (appartement, maison, maison mobile, etc.) alors que le partenaire (intim\u00e9) doit quitter la r\u00e9sidence.<\/p>\n<p>Les ordonnances d\u2019intervention d\u2019urgence sont pr\u00e9vues pour les cas o\u00f9 est survenue ou est susceptible de survenir de la violence entre partenaires intimes et o\u00f9 la situation est suffisamment s\u00e9rieuse pour n\u00e9cessiter une attention urgente.<\/p>\n<p>Une OIU est un type d\u2019ordonnance de protection parmi d\u2019autres. Vous pouvez en savoir plus sur les ordonnances de protection d\u2019urgences, les engagements de ne pas troubler l&rsquo;ordre public et les ordonnances d\u2019interdiction de communiquer ici :\u00a0<a href=\"https:\/\/legalinfonb.ca\/fr\/info-legale\/abuse-violence\/emergency-intervention-orders\/other-protective-orders\/\">Autres ordonnances de protection<\/a>.<\/p>\n<p>Une personne qui demande une OIU est appel\u00e9e le requ\u00e9rant. La personne contre qui le requ\u00e9rant demande l\u2019OIU est l\u2019intim\u00e9.<\/p>\n<p class=\"highlighted_titles\"><strong>Renseignements pour les requ\u00e9rants<\/strong><\/p>\n<p>Les OIU sont disponibles pour les personnes qui subissent des abus ou de la violence dans le cadre d&rsquo;une \u00ab relation personnelle intime \u00bb, ceci est d\u00e9finie comme:<\/p>\n<ul>\n<li>Deux individus qui sont ou ont \u00e9t\u00e9 mari\u00e9s l\u2019un \u00e0 l\u2019autre;<\/li>\n<li>Deux individus qui entretiennent ou ont entretenus une relation conjugale; ou<\/li>\n<li>Deux individus qui se fr\u00e9quentent ou se sont fr\u00e9quent\u00e9s ou entretiennent ou ont entretenu une relation sentimentale.<\/li>\n<\/ul>\n<p>La\u00a0<em>Loi sur l\u2019intervention en mati\u00e8re de violence entre partenaires intimes<\/em>\u00a0d\u00e9finit chacune de ces actions comme de la violence :<\/p>\n<ul>\n<li>Un comportement abusif, mena\u00e7ant, harcelant ou violent;<\/li>\n<li>Une privation de nourriture, d\u2019habillement, de soins m\u00e9dicaux; ou<\/li>\n<li>Restriction en mati\u00e8re de logement, de transport ou de toutes autres n\u00e9cessit\u00e9s de la vie.<\/li>\n<\/ul>\n<p>Il y a beaucoup plus d&rsquo;informations sur ce qu&rsquo;une OIU peut faire et qui est \u00e9ligible pour une OIU dans notre brochure d&rsquo;information :\u00a0<a href=\"https:\/\/pomis.legalinfonb.ca\/publication-files\/EIO-booklet-FR.pdf\" target=\"_blank\" rel=\"noopener\">Ordonnances d\u2019intervention d\u2019urgence &#8211; renseignements pour les requ\u00e9rants<\/a>.<\/p>\n<p><strong>Comment demander une OIU<\/strong><\/p>\n<p>Pour demander une OIU, vous devez vous adresser \u00e0 un\u00a0<strong>fournisseur de services d\u00e9sign\u00e9<\/strong>. Ils peuvent vous aider \u00e0 remplir les formulaires et ils soumettront la demande pour vous. Voici\u00a0<a href=\"https:\/\/pomis.legalinfonb.ca\/publication-files\/EIO_List_of_Helpers_FR.pdf\" target=\"_blank\" rel=\"noopener\">une liste des fournisseurs de services d\u00e9sign\u00e9s<\/a>.<\/p>\n<p>Votre demande pour une OIU doit contenir tous ces formulaires :<\/p>\n<ul>\n<li><a href=\"https:\/\/www.pxw1.snb.ca\/snb7001\/f\/1000\/EIO-application-form-fr.pdf\" target=\"_blank\" rel=\"noopener\">Requ\u00eate en vue de l&rsquo;obtention d&rsquo;une ordonnance d&rsquo;intervention d&rsquo;urgence en vertu de la Loi sur l&rsquo;intervention en mati\u00e8re de violence entre partenaires intimes<\/a><\/li>\n<li><a href=\"https:\/\/www.pxw1.snb.ca\/snb7001\/f\/1000\/EIO-confidential-information-sheet-FR.pdf\" target=\"_blank\" rel=\"noopener\">Fiche de renseignements confidentiels &#8211; Requ\u00e9rant En vertu du paragraphe 13(1) de la Loi sur l&rsquo;intervention en mati\u00e8re de violence entre partenaires intimes du Nouveau-Brunswick<\/a><\/li>\n<li><a href=\"https:\/\/www.pxw1.snb.ca\/snb7001\/f\/1000\/EIO-respondent-information-sheet-fr.pdf\" target=\"_blank\" rel=\"noopener\">Feuille de renseignements &#8211; Intim\u00e9<\/a><\/li>\n<\/ul>\n<p>Le fournisseur de services d\u00e9sign\u00e9 soumettra vos formulaires \u00e0 un agent d\u2019audienceou au tribunal. L\u2019agent d\u2019audience fixera une date d\u2019audience par t\u00e9l\u00e9phone dans les prochaines heures. Les audiences peuvent avoir lieu entre 8h30 et 16h30, 7 jours sur 7. L\u2019intim\u00e9 n\u2019est pas au courant de l\u2019audience et n\u2019y assiste pas. Lors de l\u2019audience, l\u2019agent d\u2019audience d\u00e9cidera d\u2019accorder ou non la requ\u00eate.<\/p>\n<p>Remarque : si le requ\u00e9rant a moins de 19 ans ou s&rsquo;il est incapable de g\u00e9rer ses propres affaires, quelqu&rsquo;un d&rsquo;autre peut faire la demande en son nom. Nous vous recommandons fortement de contacter\u00a0<a href=\"https:\/\/pomis.legalinfonb.ca\/publication-files\/EIO_List_of_Helpers_FR.pdf\" target=\"_blank\" rel=\"noopener\">pour obtenir de l&rsquo;aide dans ce processus. Vous aurez besoin de ces formulaires :<\/a><\/p>\n<ul>\n<li><a href=\"https:\/\/www.pxw1.snb.ca\/snb7001\/f\/1000\/EIO-application-form-on-behalf-of-victim-fr.pdf\" target=\"_blank\" rel=\"noopener\">Requ\u00eate en vue de l&rsquo;obtention d&rsquo;une ordonnance d&rsquo;intervention d&rsquo;urgence au nom du requ\u00e9rant en vertu de la Loi sur l&rsquo;intervention en mati\u00e8re de violence entre partenaires intimes<\/a><\/li>\n<li><a href=\"https:\/\/www.pxw1.snb.ca\/snb7001\/f\/1000\/EIO-confidential-information-sheet-FR.pdf\" target=\"_blank\" rel=\"noopener\">Fiche de renseignements confidentiels &#8211; Requ\u00e9rant En vertu du paragraphe 13(1) de la Loi sur l&rsquo;intervention en mati\u00e8re de violence entre partenaires intimes du Nouveau-Brunswick<\/a><\/li>\n<li><a href=\"https:\/\/www.pxw1.snb.ca\/snb7001\/f\/1000\/EIO-respondent-information-sheet-fr.pdf\" target=\"_blank\" rel=\"noopener\">Feuille de renseignements &#8211; Intim\u00e9<\/a><\/li>\n<li><a href=\"https:\/\/www.pxw1.snb.ca\/snb7001\/f\/1000\/EIO-litigation-guardian-consent-form-fr.pdf\" target=\"_blank\" rel=\"noopener\">Consentement pour agir en qualit\u00e9 de tuteur d&rsquo;instance En vertu de la Loi sur l&rsquo;intervention en mati\u00e8re de violence entre partenaires intimes<\/a><\/li>\n<\/ul>\n<p class=\"highlighted_titles\"><strong>Renseignements pour les intim\u00e9s<\/strong><\/p>\n<p>Les personnes \u00e0 qui l\u2019on signifie une ordonnance d\u2019intervention d\u2019urgence (OIU) sont appel\u00e9es les intim\u00e9s. Si vous recevez une OIU, vous devez la lire attentivement pour prendre connaissance de ses conditions et vous assurer de bien les respecter.<\/p>\n<p>Vous avez re\u00e7u une OIU parce que votre partenaire intime ou ex-partenaire intime a d\u00e9pos\u00e9 une requ\u00eate en vertu de la\u00a0<em>Loi sur l\u2019intervention en mati\u00e8re de violence entre partenaires intimes<\/em>, qui pr\u00e9cise que de mauvais traitements graves et n\u00e9cessitant une intervention urgente ont cours dans la relation.<\/p>\n<p>Vous devez vous assurer de bien comprendre vos droits et les conditions que vous devez respecter en lisant notre livret d&rsquo;information :\u00a0<a href=\"https:\/\/pomis.legalinfonb.ca\/publication-files\/Emergency_Intervention_Orders_Respondents_FR.pdf\" target=\"_blank\" rel=\"noopener\">Ordonnances d\u2019intervention d\u2019urgence &#8211; Renseignements pour les intim\u00e9s<\/a>.<\/p>\n<\/div><\/div><\/div><\/div><\/div><\/p>\n","protected":false},"excerpt":{"rendered":"","protected":false},"author":1,"featured_media":0,"parent":1136,"menu_order":0,"comment_status":"closed","ping_status":"closed","template":"","meta":{"footnotes":""},"categories":[44,43],"tags":[],"class_list":["post-1264","page","type-page","status-publish","hentry","category-law-topics-fr","category-abuse-violence-fr"],"_links":{"self":[{"href":"https:\/\/legalinfonb.ca\/fr\/wp-json\/wp\/v2\/pages\/1264","targetHints":{"allow":["GET"]}}],"collection":[{"href":"https:\/\/legalinfonb.ca\/fr\/wp-json\/wp\/v2\/pages"}],"about":[{"href":"https:\/\/legalinfonb.ca\/fr\/wp-json\/wp\/v2\/types\/page"}],"author":[{"embeddable":true,"href":"https:\/\/legalinfonb.ca\/fr\/wp-json\/wp\/v2\/users\/1"}],"replies":[{"embeddable":true,"href":"https:\/\/legalinfonb.ca\/fr\/wp-json\/wp\/v2\/comments?post=1264"}],"version-history":[{"count":7,"href":"https:\/\/legalinfonb.ca\/fr\/wp-json\/wp\/v2\/pages\/1264\/revisions"}],"predecessor-version":[{"id":4094,"href":"https:\/\/legalinfonb.ca\/fr\/wp-json\/wp\/v2\/pages\/1264\/revisions\/4094"}],"up":[{"embeddable":true,"href":"https:\/\/legalinfonb.ca\/fr\/wp-json\/wp\/v2\/pages\/1136"}],"wp:attachment":[{"href":"https:\/\/legalinfonb.ca\/fr\/wp-json\/wp\/v2\/media?parent=1264"}],"wp:term":[{"taxonomy":"category","embeddable":true,"href":"https:\/\/legalinfonb.ca\/fr\/wp-json\/wp\/v2\/categories?post=1264"},{"taxonomy":"post_tag","embeddable":true,"href":"https:\/\/legalinfonb.ca\/fr\/wp-json\/wp\/v2\/tags?post=1264"}],"curies":[{"name":"wp","href":"https:\/\/api.w.org\/{rel}","templated":true}]}}