{"id":1356,"date":"2024-03-14T13:59:46","date_gmt":"2024-03-14T13:59:46","guid":{"rendered":"https:\/\/legalinfonb.ca\/info-legale\/nonprofits-charities\/"},"modified":"2024-05-03T20:53:36","modified_gmt":"2024-05-03T20:53:36","slug":"nonprofits-charities","status":"publish","type":"page","link":"https:\/\/legalinfonb.ca\/fr\/info-legale\/nonprofits-charities\/","title":{"rendered":"Organismes sans but lucratif"},"content":{"rendered":"<p><div class=\"fusion-fullwidth fullwidth-box fusion-builder-row-1 fusion-flex-container has-pattern-background has-mask-background nonhundred-percent-fullwidth non-hundred-percent-height-scrolling\" style=\"--awb-border-radius-top-left:0px;--awb-border-radius-top-right:0px;--awb-border-radius-bottom-right:0px;--awb-border-radius-bottom-left:0px;--awb-flex-wrap:wrap;\" ><div class=\"fusion-builder-row fusion-row fusion-flex-align-items-flex-start fusion-flex-content-wrap\" style=\"max-width:104%;margin-left: calc(-4% \/ 2 );margin-right: calc(-4% \/ 2 );\"><div class=\"fusion-layout-column fusion_builder_column fusion-builder-column-0 fusion_builder_column_1_1 1_1 fusion-flex-column\" style=\"--awb-bg-size:cover;--awb-width-large:100%;--awb-margin-top-large:0px;--awb-spacing-right-large:1.92%;--awb-margin-bottom-large:20px;--awb-spacing-left-large:1.92%;--awb-width-medium:100%;--awb-order-medium:0;--awb-spacing-right-medium:1.92%;--awb-spacing-left-medium:1.92%;--awb-width-small:100%;--awb-order-small:0;--awb-spacing-right-small:1.92%;--awb-spacing-left-small:1.92%;\"><div class=\"fusion-column-wrapper fusion-column-has-shadow fusion-flex-justify-content-flex-start fusion-content-layout-column\"><div class=\"fusion-title title fusion-title-1 fusion-sep-none fusion-title-text fusion-title-size-one\"><h1 class=\"fusion-title-heading title-heading-left\" style=\"margin:0;\">Organismes sans but lucratif et organismes de bienfaisance<\/h1><\/div><\/div><\/div><\/div><\/div><div class=\"fusion-fullwidth fullwidth-box fusion-builder-row-2 fusion-flex-container has-pattern-background has-mask-background nonhundred-percent-fullwidth non-hundred-percent-height-scrolling\" style=\"--awb-border-radius-top-left:0px;--awb-border-radius-top-right:0px;--awb-border-radius-bottom-right:0px;--awb-border-radius-bottom-left:0px;--awb-flex-wrap:wrap;\" ><div class=\"fusion-builder-row fusion-row fusion-flex-align-items-flex-start fusion-flex-content-wrap\" style=\"max-width:104%;margin-left: calc(-4% \/ 2 );margin-right: calc(-4% \/ 2 );\"><div class=\"fusion-layout-column fusion_builder_column fusion-builder-column-1 fusion_builder_column_1_1 1_1 fusion-flex-column\" style=\"--awb-bg-size:cover;--awb-width-large:100%;--awb-margin-top-large:0px;--awb-spacing-right-large:1.92%;--awb-margin-bottom-large:20px;--awb-spacing-left-large:1.92%;--awb-width-medium:100%;--awb-order-medium:0;--awb-spacing-right-medium:1.92%;--awb-spacing-left-medium:1.92%;--awb-width-small:100%;--awb-order-small:0;--awb-spacing-right-small:1.92%;--awb-spacing-left-small:1.92%;\"><div class=\"fusion-column-wrapper fusion-column-has-shadow fusion-flex-justify-content-flex-start fusion-content-layout-column\"><div class=\"fusion-text fusion-text-1\"><p>Les organismes sans but lucratif et les organismes de bienfaisance enregistr\u00e9s se ressemblent, mais diff\u00e8rent sur certains points importants.<\/p>\n<p><strong>Les organismes sans but lucratif<\/strong> sont des associations, des clubs ou des soci\u00e9t\u00e9s ayant une mission d\u2019utilit\u00e9 sociale, notamment dans les domaines suivants\u00a0:<\/p>\n<ul>\n<li>Bien-\u00eatre social<\/li>\n<li>Am\u00e9lioration de la soci\u00e9t\u00e9 civile<\/li>\n<li>Activit\u00e9s de plaisance<\/li>\n<li>Loisirs<\/li>\n<li>Autres buts, sauf le profit<\/li>\n<\/ul>\n<p>Les organismes sans but lucratif doivent servir un ou plusieurs de ces objectifs. Ils ne sont pas autoris\u00e9s \u00e0 gagner de l\u2019argent pour en faire b\u00e9n\u00e9ficier leurs membres.<\/p>\n<p>Les organismes sans but lucratif ne sont pas forc\u00e9ment des organismes de bienfaisance. Pour devenir un organisme de bienfaisance, un organisme sans but lucratif doit en faire la demande aupr\u00e8s de l\u2019Agence du revenu du Canada (ARC). La plupart des organisations se constituent en soci\u00e9t\u00e9 avant de demander une reconnaissance en tant qu\u2019organisme de bienfaisance.<\/p>\n<p><strong>Les organismes de bienfaisance enregistr\u00e9s<\/strong> sont des organismes sans but lucratif auxquels l\u2019ARC a accord\u00e9 le statut d\u2019organisme de bienfaisance. Le statut d\u2019organisme de bienfaisance permet de d\u00e9livrer des re\u00e7us fiscaux officiels \u00e0 des donateurs et de b\u00e9n\u00e9ficier d\u2019une exon\u00e9ration des imp\u00f4ts qui devraient normalement \u00eatre pay\u00e9s.<\/p>\n<p>Les organismes de bienfaisance enregistr\u00e9s doivent limiter leurs activit\u00e9s aux domaines suivants\u00a0:<\/p>\n<ul>\n<li>Diminution de la pauvret\u00e9<\/li>\n<li>\u00c9ducation<\/li>\n<li>Activit\u00e9s religieuses<\/li>\n<li>Autres missions utiles \u00e0 la population<\/li>\n<\/ul>\n<p>Votre organisation devrait r\u00e9fl\u00e9chir \u00e0 sa mission avant d\u2019entreprendre les d\u00e9marches pour devenir un organisme de bienfaisance enregistr\u00e9.<\/p>\n<p><a href=\"https:\/\/www.canada.ca\/fr\/agence-revenu\/services\/organismes-bienfaisance-dons\/faire-bienfaisance-renseignements-a-intention-donateurs\/a-propos-organismes-bienfaisance-enregistres.html\" target=\"_blank\" rel=\"noopener\">Vous trouverez de plus amples informations sur les organismes sans but lucratif et les organismes de bienfaisance enregistr\u00e9s sur le site Web de l\u2019ARC.<\/a><\/p>\n<p><a href=\"https:\/\/legalinfonb.ca\/fr\/info-legale\/nonprofits-charities\/board-of-directors\/\">En savoir plus sur les conseils d&rsquo;administration<\/a><\/p>\n<\/div><\/div><\/div><\/div><\/div><\/p>\n","protected":false},"excerpt":{"rendered":"","protected":false},"author":1,"featured_media":0,"parent":424,"menu_order":0,"comment_status":"closed","ping_status":"closed","template":"","meta":{"footnotes":""},"categories":[50,44],"tags":[],"class_list":["post-1356","page","type-page","status-publish","hentry","category-organismes-sans-but-lucrative-oeuvres-bienfaisance","category-law-topics-fr"],"_links":{"self":[{"href":"https:\/\/legalinfonb.ca\/fr\/wp-json\/wp\/v2\/pages\/1356","targetHints":{"allow":["GET"]}}],"collection":[{"href":"https:\/\/legalinfonb.ca\/fr\/wp-json\/wp\/v2\/pages"}],"about":[{"href":"https:\/\/legalinfonb.ca\/fr\/wp-json\/wp\/v2\/types\/page"}],"author":[{"embeddable":true,"href":"https:\/\/legalinfonb.ca\/fr\/wp-json\/wp\/v2\/users\/1"}],"replies":[{"embeddable":true,"href":"https:\/\/legalinfonb.ca\/fr\/wp-json\/wp\/v2\/comments?post=1356"}],"version-history":[{"count":4,"href":"https:\/\/legalinfonb.ca\/fr\/wp-json\/wp\/v2\/pages\/1356\/revisions"}],"predecessor-version":[{"id":1442,"href":"https:\/\/legalinfonb.ca\/fr\/wp-json\/wp\/v2\/pages\/1356\/revisions\/1442"}],"up":[{"embeddable":true,"href":"https:\/\/legalinfonb.ca\/fr\/wp-json\/wp\/v2\/pages\/424"}],"wp:attachment":[{"href":"https:\/\/legalinfonb.ca\/fr\/wp-json\/wp\/v2\/media?parent=1356"}],"wp:term":[{"taxonomy":"category","embeddable":true,"href":"https:\/\/legalinfonb.ca\/fr\/wp-json\/wp\/v2\/categories?post=1356"},{"taxonomy":"post_tag","embeddable":true,"href":"https:\/\/legalinfonb.ca\/fr\/wp-json\/wp\/v2\/tags?post=1356"}],"curies":[{"name":"wp","href":"https:\/\/api.w.org\/{rel}","templated":true}]}}