{"id":1439,"date":"2024-03-14T14:05:39","date_gmt":"2024-03-14T14:05:39","guid":{"rendered":"https:\/\/legalinfonb.ca\/info-legale\/nonprofits-charities\/board-of-directors\/"},"modified":"2024-05-09T14:46:54","modified_gmt":"2024-05-09T14:46:54","slug":"board-of-directors","status":"publish","type":"page","link":"https:\/\/legalinfonb.ca\/fr\/info-legale\/nonprofits-charities\/board-of-directors\/","title":{"rendered":"Conseil d\u2019administration"},"content":{"rendered":"<p><div class=\"fusion-fullwidth fullwidth-box fusion-builder-row-1 fusion-flex-container has-pattern-background has-mask-background nonhundred-percent-fullwidth non-hundred-percent-height-scrolling\" style=\"--awb-border-radius-top-left:0px;--awb-border-radius-top-right:0px;--awb-border-radius-bottom-right:0px;--awb-border-radius-bottom-left:0px;--awb-flex-wrap:wrap;\" ><div class=\"fusion-builder-row fusion-row fusion-flex-align-items-flex-start fusion-flex-content-wrap\" style=\"max-width:104%;margin-left: calc(-4% \/ 2 );margin-right: calc(-4% \/ 2 );\"><div class=\"fusion-layout-column fusion_builder_column fusion-builder-column-0 fusion_builder_column_1_1 1_1 fusion-flex-column\" style=\"--awb-bg-size:cover;--awb-width-large:100%;--awb-margin-top-large:0px;--awb-spacing-right-large:1.92%;--awb-margin-bottom-large:20px;--awb-spacing-left-large:1.92%;--awb-width-medium:100%;--awb-order-medium:0;--awb-spacing-right-medium:1.92%;--awb-spacing-left-medium:1.92%;--awb-width-small:100%;--awb-order-small:0;--awb-spacing-right-small:1.92%;--awb-spacing-left-small:1.92%;\"><div class=\"fusion-column-wrapper fusion-column-has-shadow fusion-flex-justify-content-flex-start fusion-content-layout-column\"><div class=\"fusion-title title fusion-title-1 fusion-sep-none fusion-title-text fusion-title-size-one\"><h1 class=\"fusion-title-heading title-heading-left\" style=\"margin:0;\">Conseil d\u2019administration<\/h1><\/div><\/div><\/div><\/div><\/div><div class=\"fusion-fullwidth fullwidth-box fusion-builder-row-2 fusion-flex-container has-pattern-background has-mask-background nonhundred-percent-fullwidth non-hundred-percent-height-scrolling\" style=\"--awb-border-radius-top-left:0px;--awb-border-radius-top-right:0px;--awb-border-radius-bottom-right:0px;--awb-border-radius-bottom-left:0px;--awb-flex-wrap:wrap;\" ><div class=\"fusion-builder-row fusion-row fusion-flex-align-items-flex-start fusion-flex-content-wrap\" style=\"max-width:104%;margin-left: calc(-4% \/ 2 );margin-right: calc(-4% \/ 2 );\"><div class=\"fusion-layout-column fusion_builder_column fusion-builder-column-1 fusion_builder_column_1_1 1_1 fusion-flex-column\" style=\"--awb-bg-size:cover;--awb-width-large:100%;--awb-margin-top-large:0px;--awb-spacing-right-large:1.92%;--awb-margin-bottom-large:20px;--awb-spacing-left-large:1.92%;--awb-width-medium:100%;--awb-order-medium:0;--awb-spacing-right-medium:1.92%;--awb-spacing-left-medium:1.92%;--awb-width-small:100%;--awb-order-small:0;--awb-spacing-right-small:1.92%;--awb-spacing-left-small:1.92%;\"><div class=\"fusion-column-wrapper fusion-column-has-shadow fusion-flex-justify-content-flex-start fusion-content-layout-column\"><div class=\"fusion-text fusion-text-1\"><p>Les organismes sans but lucratif ou de bienfaisance constitu\u00e9s en soci\u00e9t\u00e9 doivent avoir un conseil d\u2019administration. Les personnes qui si\u00e8gent au conseil d\u2019administration sont appel\u00e9es membres du conseil ou administrateurs de l\u2019organisation. Le conseil d\u2019administration est l\u00e9galement responsable de l\u2019organisation, de ses actes et de sa gouvernance.<\/p>\n<p>Les administrateurs ont une obligation<strong> fiduciaire<\/strong> \u00e0 l\u2019\u00e9gard de l\u2019organisation, ce qui signifie qu\u2019ils doivent agir dans l\u2019int\u00e9r\u00eat de l\u2019organisation.<\/p>\n<p>Un conseil d\u2019administration peut engager du personnel et recruter des b\u00e9n\u00e9voles pour r\u00e9aliser une partie, voire la grande majorit\u00e9, du travail quotidien de l\u2019organisation et prendre les d\u00e9cisions qui s\u2019imposent, mais le conseil d\u2019administration demeure toujours responsable de l\u2019organisation et de ses actes.<\/p>\n<p>La fonction d\u2019administrateur exige un engagement envers l\u2019organisation. Il est important que vous connaissiez parfaitement votre r\u00f4le, vos responsabilit\u00e9s et vos obligations l\u00e9gales en tant qu\u2019administrateur ou administratrice.<\/p>\n<\/div><\/div><\/div><div class=\"fusion-layout-column fusion_builder_column fusion-builder-column-2 fusion_builder_column_1_1 1_1 fusion-flex-column\" style=\"--awb-bg-size:cover;--awb-width-large:100%;--awb-margin-top-large:0px;--awb-spacing-right-large:1.92%;--awb-margin-bottom-large:20px;--awb-spacing-left-large:1.92%;--awb-width-medium:100%;--awb-order-medium:0;--awb-spacing-right-medium:1.92%;--awb-spacing-left-medium:1.92%;--awb-width-small:100%;--awb-order-small:0;--awb-spacing-right-small:1.92%;--awb-spacing-left-small:1.92%;\"><div class=\"fusion-column-wrapper fusion-column-has-shadow fusion-flex-justify-content-flex-start fusion-content-layout-column\"><div class=\"accordian fusion-accordian\" style=\"--awb-border-size:1px;--awb-icon-size:36px;--awb-content-font-size:var(--awb-typography4-font-size);--awb-icon-alignment:right;--awb-hover-color:var(--awb-color2);--awb-border-color:var(--awb-color2);--awb-background-color:var(--awb-color1);--awb-divider-color:var(--awb-color2);--awb-divider-hover-color:var(--awb-color2);--awb-icon-color:var(--awb-color2);--awb-title-color:var(--awb-color8);--awb-content-color:var(--awb-color8);--awb-icon-box-color:var(--awb-color8);--awb-toggle-hover-accent-color:var(--awb-color2);--awb-title-font-family:&quot;Montserrat&quot;;--awb-title-font-weight:700;--awb-title-font-style:normal;--awb-title-font-size:34px;--awb-content-font-family:&quot;Open Sans&quot;;--awb-content-font-style:normal;--awb-content-font-weight:400;\"><div class=\"panel-group fusion-toggle-icon-right fusion-toggle-icon-boxed\" id=\"accordion-1439-1\"><div class=\"fusion-panel panel-default panel-6e9a71c7408dad0e9 fusion-toggle-has-divider\" style=\"--awb-title-color:var(--awb-color8);--awb-content-color:var(--awb-color8);\"><div class=\"panel-heading\"><h4 class=\"panel-title toggle\" id=\"toggle_6e9a71c7408dad0e9\"><a aria-expanded=\"false\" aria-controls=\"6e9a71c7408dad0e9\" role=\"button\" data-toggle=\"collapse\" data-target=\"#6e9a71c7408dad0e9\" href=\"#6e9a71c7408dad0e9\"><span class=\"fusion-toggle-icon-wrapper\" aria-hidden=\"true\"><i class=\"fa-fusion-box active-icon awb-icon-minus\" aria-hidden=\"true\"><\/i><i class=\"fa-fusion-box inactive-icon awb-icon-plus\" aria-hidden=\"true\"><\/i><\/span><span class=\"fusion-toggle-heading\">Int\u00e9grer un conseil d\u2019administration<\/span><\/a><\/h4><\/div><div id=\"6e9a71c7408dad0e9\" class=\"panel-collapse collapse \" aria-labelledby=\"toggle_6e9a71c7408dad0e9\"><div class=\"panel-body toggle-content fusion-clearfix\">\n<p>Chaque organisation a ses propres r\u00e8gles concernant l\u2019int\u00e9gration de nouveaux membres \u00e0 son conseil d\u2019administration. Certaines organisations recrutent et nomment des personnes en fonction de leurs comp\u00e9tences. D\u2019autres organisent des appels publics de candidatures. Certaines organisations ont des exigences ou des pratiques de s\u00e9lection des candidatures. D\u2019autres n\u2019ont pas d\u2019exigences particuli\u00e8res de qualification professionnelle ou d\u2019\u00e9tudes.<\/p>\n<p>Vous pouvez contacter une organisation et lui demander comment elle int\u00e8gre de nouveaux membres \u00e0 son conseil d\u2019administration.<\/p>\n<p>Les administrateurs doivent \u00eatre dignes de confiance et fiables. Ils auront acc\u00e8s aux informations sur le personnel, les programmes et les finances de l\u2019organisation. De nombreuses organisations demandent des r\u00e9f\u00e9rences ou une v\u00e9rification des ant\u00e9c\u00e9dents judiciaires dans le cadre de la proc\u00e9dure de recrutement, principalement pour s\u2019assurer que les nouveaux administrateurs poss\u00e8dent r\u00e9ellement les comp\u00e9tences et l\u2019exp\u00e9rience qu\u2019ils pr\u00e9tendent avoir ainsi que pour \u00e9viter les personnes ayant d\u00e9j\u00e0 eu des activit\u00e9s criminelles qui pourraient \u00eatre en conflit avec leur poste.<\/p>\n<p>Certaines organisations donnent aux nouveaux administrateurs une orientation initiale et une description de poste pour les informer sur ce qu\u2019ils doivent faire et sur le fonctionnement de l\u2019organisation. Il arrive aussi que organisations ins\u00e8rent la description de poste des administrateurs dans leurs r\u00e8glements administratifs ou leurs politiques. Tous les administrateurs doivent avoir acc\u00e8s aux r\u00e8glements administratifs de l\u2019organisation.<\/p>\n<\/div><\/div><\/div><div class=\"fusion-panel panel-default panel-d53c7c4d9d596bd40 fusion-toggle-has-divider\" style=\"--awb-title-color:var(--awb-color8);--awb-content-color:var(--awb-color8);\"><div class=\"panel-heading\"><h4 class=\"panel-title toggle\" id=\"toggle_d53c7c4d9d596bd40\"><a aria-expanded=\"false\" aria-controls=\"d53c7c4d9d596bd40\" role=\"button\" data-toggle=\"collapse\" data-target=\"#d53c7c4d9d596bd40\" href=\"#d53c7c4d9d596bd40\"><span class=\"fusion-toggle-icon-wrapper\" aria-hidden=\"true\"><i class=\"fa-fusion-box active-icon awb-icon-minus\" aria-hidden=\"true\"><\/i><i class=\"fa-fusion-box inactive-icon awb-icon-plus\" aria-hidden=\"true\"><\/i><\/span><span class=\"fusion-toggle-heading\">Liste publique d\u2019administrateurs<\/span><\/a><\/h4><\/div><div id=\"d53c7c4d9d596bd40\" class=\"panel-collapse collapse \" aria-labelledby=\"toggle_d53c7c4d9d596bd40\"><div class=\"panel-body toggle-content fusion-clearfix\">\n<p>Le nom et l\u2019adresse des administrateurs de toute organisation constituent des informations publiques. Ces informations doivent \u00eatre communiqu\u00e9es \u00e0\u00a0:<\/p>\n<ul>\n<li>Corporations Canada, si l\u2019organisation est constitu\u00e9e en soci\u00e9t\u00e9 de droit f\u00e9d\u00e9ral;<\/li>\n<li>Service Nouveau-Brunswick, si l\u2019organisation est constitu\u00e9e en soci\u00e9t\u00e9 au Nouveau-Brunswick;<\/li>\n<li>La Direction des organismes de bienfaisance de l\u2019ARC, si l\u2019organisation est un organisme de bienfaisance enregistr\u00e9.<\/li>\n<\/ul>\n<\/div><\/div><\/div><div class=\"fusion-panel panel-default panel-979b7207a2c27c3ef fusion-toggle-has-divider\" style=\"--awb-title-color:var(--awb-color8);--awb-content-color:var(--awb-color8);\"><div class=\"panel-heading\"><h4 class=\"panel-title toggle\" id=\"toggle_979b7207a2c27c3ef\"><a aria-expanded=\"false\" aria-controls=\"979b7207a2c27c3ef\" role=\"button\" data-toggle=\"collapse\" data-target=\"#979b7207a2c27c3ef\" href=\"#979b7207a2c27c3ef\"><span class=\"fusion-toggle-icon-wrapper\" aria-hidden=\"true\"><i class=\"fa-fusion-box active-icon awb-icon-minus\" aria-hidden=\"true\"><\/i><i class=\"fa-fusion-box inactive-icon awb-icon-plus\" aria-hidden=\"true\"><\/i><\/span><span class=\"fusion-toggle-heading\">R\u00e9vocation d\u2019un administrateur<\/span><\/a><\/h4><\/div><div id=\"979b7207a2c27c3ef\" class=\"panel-collapse collapse \" aria-labelledby=\"toggle_979b7207a2c27c3ef\"><div class=\"panel-body toggle-content fusion-clearfix\">\n<p>Les conseils d\u2019administration arrivent g\u00e9n\u00e9ralement \u00e0 r\u00e9soudre leurs probl\u00e8mes et \u00e0 r\u00e9gler leurs conflits en interne. Il est n\u00e9anmoins possible qu\u2019une organisation doive r\u00e9voquer un administrateur pour diverses raisons, par exemple\u00a0:<\/p>\n<ul>\n<li>Administrateur ne s\u2019acquittant pas de ses responsabilit\u00e9s;<\/li>\n<li>Administrateur ne respectant pas son obligation fiduciaire;<\/li>\n<li>Conflits d\u2019int\u00e9r\u00eats;<\/li>\n<li>Violation d\u2019autres r\u00e8gles ou politiques de l\u2019organisation;<\/li>\n<li>Comportements improductifs, tels que manquer des r\u00e9unions ou ne pas faire un travail convenu;<\/li>\n<li>Autres probl\u00e8mes majeurs, r\u00e9p\u00e9t\u00e9s ou persistants.<\/li>\n<\/ul>\n<p>Les administrateurs ont un lien juridique avec l\u2019organisation, ce qui signifie que la r\u00e9vocation d\u2019un membre de votre conseil d\u2019administration peut s\u2019av\u00e9rer compliqu\u00e9e et doit \u00eatre fait selon des r\u00e8gles particuli\u00e8res. Avant de r\u00e9voquer un administrateur de votre conseil d\u2019administration, passez en revue les r\u00e8glements administratifs et les politiques de votre organisation et assurez-vous qu\u2019ils sont conformes \u00e0 la loi qui r\u00e9git votre organisation. En g\u00e9n\u00e9ral, vous devez vous r\u00e9f\u00e9rer soit \u00e0 la <em>Loi sur les compagnies<\/em> du Nouveau-Brunswick, soit \u00e0 la <em>Loi canadienne sur les organisations \u00e0 but non lucratif<\/em>. Ces textes peuvent prescrire des r\u00e8gles particuli\u00e8res sur les modalit\u00e9s et les raisons de la r\u00e9vocation d\u2019un membre du conseil d\u2019administration.<\/p>\n<p>Un avocat peut s\u2019av\u00e9rer utile, en particulier si l\u2019organisation n\u2019a pas consult\u00e9 de juriste lors de l\u2019\u00e9laboration de ses r\u00e8glements administratifs. Les r\u00e8glements administratifs d\u2019une organisation peuvent notamment contenir des r\u00e8gles concernant l\u2019absent\u00e9isme, le nombre de mandats et la r\u00e9vocation des administrateurs.<\/p>\n<\/div><\/div><\/div><\/div><\/div><\/div><\/div><\/div><\/div><\/p>\n","protected":false},"excerpt":{"rendered":"","protected":false},"author":1,"featured_media":0,"parent":1356,"menu_order":0,"comment_status":"closed","ping_status":"closed","template":"","meta":{"footnotes":""},"categories":[50,44],"tags":[],"class_list":["post-1439","page","type-page","status-publish","hentry","category-organismes-sans-but-lucrative-oeuvres-bienfaisance","category-law-topics-fr"],"_links":{"self":[{"href":"https:\/\/legalinfonb.ca\/fr\/wp-json\/wp\/v2\/pages\/1439","targetHints":{"allow":["GET"]}}],"collection":[{"href":"https:\/\/legalinfonb.ca\/fr\/wp-json\/wp\/v2\/pages"}],"about":[{"href":"https:\/\/legalinfonb.ca\/fr\/wp-json\/wp\/v2\/types\/page"}],"author":[{"embeddable":true,"href":"https:\/\/legalinfonb.ca\/fr\/wp-json\/wp\/v2\/users\/1"}],"replies":[{"embeddable":true,"href":"https:\/\/legalinfonb.ca\/fr\/wp-json\/wp\/v2\/comments?post=1439"}],"version-history":[{"count":3,"href":"https:\/\/legalinfonb.ca\/fr\/wp-json\/wp\/v2\/pages\/1439\/revisions"}],"predecessor-version":[{"id":1449,"href":"https:\/\/legalinfonb.ca\/fr\/wp-json\/wp\/v2\/pages\/1439\/revisions\/1449"}],"up":[{"embeddable":true,"href":"https:\/\/legalinfonb.ca\/fr\/wp-json\/wp\/v2\/pages\/1356"}],"wp:attachment":[{"href":"https:\/\/legalinfonb.ca\/fr\/wp-json\/wp\/v2\/media?parent=1439"}],"wp:term":[{"taxonomy":"category","embeddable":true,"href":"https:\/\/legalinfonb.ca\/fr\/wp-json\/wp\/v2\/categories?post=1439"},{"taxonomy":"post_tag","embeddable":true,"href":"https:\/\/legalinfonb.ca\/fr\/wp-json\/wp\/v2\/tags?post=1439"}],"curies":[{"name":"wp","href":"https:\/\/api.w.org\/{rel}","templated":true}]}}