{"id":2023,"date":"2024-10-02T17:14:41","date_gmt":"2024-10-02T20:14:41","guid":{"rendered":"https:\/\/legalinfonb.ca\/?page_id=2023"},"modified":"2026-01-19T10:42:38","modified_gmt":"2026-01-19T14:42:38","slug":"formulaires-pour-la-cour-des-petites-creances","status":"publish","type":"page","link":"https:\/\/legalinfonb.ca\/fr\/info-legale\/cour-petites-creances\/formulaires-pour-la-cour-des-petites-creances\/","title":{"rendered":"Formulaires pour la Cour des petites cr\u00e9ances"},"content":{"rendered":"<p><div class=\"fusion-fullwidth fullwidth-box fusion-builder-row-1 fusion-flex-container has-pattern-background has-mask-background nonhundred-percent-fullwidth non-hundred-percent-height-scrolling\" style=\"--awb-border-radius-top-left:0px;--awb-border-radius-top-right:0px;--awb-border-radius-bottom-right:0px;--awb-border-radius-bottom-left:0px;--awb-flex-wrap:wrap;\" ><div class=\"fusion-builder-row fusion-row fusion-flex-align-items-flex-start fusion-flex-content-wrap\" style=\"max-width:104%;margin-left: calc(-4% \/ 2 );margin-right: calc(-4% \/ 2 );\"><div class=\"fusion-layout-column fusion_builder_column fusion-builder-column-0 fusion_builder_column_1_1 1_1 fusion-flex-column\" style=\"--awb-bg-size:cover;--awb-width-large:100%;--awb-margin-top-large:0px;--awb-spacing-right-large:1.92%;--awb-margin-bottom-large:20px;--awb-spacing-left-large:1.92%;--awb-width-medium:100%;--awb-order-medium:0;--awb-spacing-right-medium:1.92%;--awb-spacing-left-medium:1.92%;--awb-width-small:100%;--awb-order-small:0;--awb-spacing-right-small:1.92%;--awb-spacing-left-small:1.92%;\"><div class=\"fusion-column-wrapper fusion-column-has-shadow fusion-flex-justify-content-flex-start fusion-content-layout-column\"><div class=\"fusion-title title fusion-title-1 fusion-sep-none fusion-title-text fusion-title-size-one\"><h1 class=\"fusion-title-heading title-heading-left\" style=\"margin:0;\">Formulaires pour la Cour des petites cr\u00e9ances<\/h1><\/div><div class=\"fusion-text fusion-text-1\"><p>Vous trouverez ci-dessous les versions PDF remplissable de quelques formulaires de la Cour des petites cr\u00e9ances. Tous les formulaires de la Cour des petites cr\u00e9ances ne sont pas r\u00e9pertori\u00e9s. L\u2019ensemble des formulaires de la Cour des petites cr\u00e9ances se trouvent dans le <a href=\"https:\/\/laws.gnb.ca\/en\/pdf\/cr\/2012-103.pdf\" target=\"_blank\" rel=\"noopener\"><em>R\u00e8glement g\u00e9n\u00e9ral \u2013 Loi sur les petites cr\u00e9ances<\/em><\/a>.<\/p>\n<\/div><\/div><\/div><\/div><\/div><div class=\"fusion-fullwidth fullwidth-box fusion-builder-row-2 fusion-flex-container has-pattern-background has-mask-background nonhundred-percent-fullwidth non-hundred-percent-height-scrolling\" style=\"--awb-border-radius-top-left:0px;--awb-border-radius-top-right:0px;--awb-border-radius-bottom-right:0px;--awb-border-radius-bottom-left:0px;--awb-flex-wrap:wrap;\" ><div class=\"fusion-builder-row fusion-row fusion-flex-align-items-flex-start fusion-flex-content-wrap\" style=\"max-width:104%;margin-left: calc(-4% \/ 2 );margin-right: calc(-4% \/ 2 );\"><div class=\"fusion-layout-column fusion_builder_column fusion-builder-column-1 fusion_builder_column_1_1 1_1 fusion-flex-column\" style=\"--awb-bg-size:cover;--awb-width-large:100%;--awb-margin-top-large:0px;--awb-spacing-right-large:1.92%;--awb-margin-bottom-large:20px;--awb-spacing-left-large:1.92%;--awb-width-medium:100%;--awb-order-medium:0;--awb-spacing-right-medium:1.92%;--awb-spacing-left-medium:1.92%;--awb-width-small:100%;--awb-order-small:0;--awb-spacing-right-small:1.92%;--awb-spacing-left-small:1.92%;\"><div class=\"fusion-column-wrapper fusion-column-has-shadow fusion-flex-justify-content-flex-start fusion-content-layout-column\">\n<div class=\"table-1\">\n<table width=\"100%\">\n<tbody>\n<tr>\n<th align=\"left\"><strong>Form<\/strong><\/th>\n<th align=\"left\"><strong>Description<\/strong><\/th>\n<\/tr>\n<tr>\n<td align=\"left\"><a href=\"https:\/\/www.pxw1.snb.ca\/snb7001\/b\/1000\/CSS-FOL-SNB-45-9001B.pdf\" target=\"_blank\" rel=\"noopener\">Formule 1 &#8211; Demande de recouvrement<\/a><\/td>\n<td align=\"left\">Pour pr\u00e9senter votre demande<\/td>\n<\/tr>\n<tr>\n<td align=\"left\"><a href=\"https:\/\/www.pxw1.snb.ca\/snb7001\/b\/1000\/CSS-FOL-SNB-45-9002B.pdf\" target=\"_blank\" rel=\"noopener\">Formule 2 &#8211; R\u00e9ponse<\/a><\/td>\n<td align=\"left\">Pour d\u00e9fendre ou admettre la demande<\/td>\n<\/tr>\n<tr>\n<td align=\"left\"><a href=\"https:\/\/www.pxw1.snb.ca\/snb7001\/b\/1000\/CSS-FOL-SNB-45-9003B.pdf\" target=\"_blank\" rel=\"noopener\">Formule 3 &#8211; Mise en cause<\/a><\/td>\n<td align=\"left\">Pour joindre \u00e0 l\u2019action une partie que le d\u00e9fendeur juge concern\u00e9 par la demande de recouvrement<\/td>\n<\/tr>\n<tr>\n<td align=\"left\"><a href=\"https:\/\/www.pxw1.snb.ca\/snb7001\/b\/1000\/CSS-FOL-SNB-45-9004B.pdf\" target=\"_blank\" rel=\"noopener\">Formule 4 &#8211; R\u00e9ponse \u00e0 la mise en cause<\/a><\/td>\n<td align=\"left\">Pour se d\u00e9fendre contre la mise en cause ou l\u2019admettre<\/td>\n<\/tr>\n<tr>\n<td align=\"left\"><a href=\"https:\/\/www.pxw1.snb.ca\/snb7001\/b\/1000\/CSS-FOL-SNB-45-9005AB.pdf\" target=\"_blank\" rel=\"noopener\">Formule 5A &#8211; Avis de retrait du demandeur<\/a><\/td>\n<td align=\"left\">Pour que le demandeur retire sa demande de la cour<\/td>\n<\/tr>\n<tr>\n<td align=\"left\"><a href=\"https:\/\/www.pxw1.snb.ca\/snb7001\/b\/1000\/CSS-FOL-SNB-45-9005BB.pdf\" target=\"_blank\" rel=\"noopener\">Formule 5B &#8211; Avis de retrait du d\u00e9fendeur<\/a><\/td>\n<td align=\"left\">Pour que le d\u00e9fendeur retire sa demande de la cour<\/td>\n<\/tr>\n<tr>\n<td align=\"left\"><a href=\"https:\/\/www.pxw1.snb.ca\/snb7001\/b\/1000\/CSS-FOL-SNB-45-9006B.pdf\">Formule 6 &#8211; Demande de jugement <\/a><\/td>\n<td align=\"left\">Pour donner suite \u00e0 la demande lorsqu\u2019aucune r\u00e9ponse n\u2019a \u00e9t\u00e9 d\u00e9pos\u00e9e ou que la demande de recouvrement a \u00e9t\u00e9 admise<\/td>\n<\/tr>\n<tr>\n<td align=\"left\"><a href=\"https:\/\/www.pxw1.snb.ca\/snb7001\/f\/1000\/CSS-FOL-SNB-45-9008F.pdf\" target=\"_blank\" rel=\"noopener\">Formule 8 : Affidavit visant l\u2019annulation d\u2019un jugement par d\u00e9faut ou d\u2019un jugement provisoire<\/a><\/td>\n<td align=\"left\">Pour faire annuler un jugement si l\u2019on n\u2019a pas d\u00e9pos\u00e9 de contredit<\/td>\n<\/tr>\n<tr>\n<td align=\"left\"><a href=\"https:\/\/www.pxw1.snb.ca\/snb7001\/b\/1000\/CSS-FOL-SNB-45-9010B.pdf\" target=\"_blank\" rel=\"noopener\">Formule 10 &#8211; Entente de paiement <\/a><\/td>\n<td align=\"left\">Pour consigner l\u2019accord conclu \u00e0 l\u2019audience de paiement<\/td>\n<\/tr>\n<tr>\n<td align=\"left\"><a href=\"https:\/\/www.pxw1.snb.ca\/snb7001\/b\/1000\/CSS-FOL-SNB-45-9012B.pdf\" target=\"_blank\" rel=\"noopener\">Formule 12 &#8211; Assignation \u00e0 t\u00e9moin<\/a><\/td>\n<td align=\"left\">Pour enjoindre \u00e0 une personne de compara\u00eetre \u00e0 l\u2019audience en tant que t\u00e9moin<\/td>\n<\/tr>\n<tr>\n<td align=\"left\"><a href=\"https:\/\/www.pxw1.snb.ca\/snb7001\/b\/1000\/CSS-FOL-SNB-45-9013B.pdf\" target=\"_blank\" rel=\"noopener\">Formule 13 &#8211; Entente de r\u00e8glement amiable<\/a><\/td>\n<td align=\"left\">Pour consigner tout accord conclu entre les parties<\/td>\n<\/tr>\n<tr>\n<td align=\"left\"><a href=\"https:\/\/www.pxw1.snb.ca\/snb7001\/f\/1000\/CSS-FOL-SNB-45-9015F.pdf\" target=\"_blank\" rel=\"noopener\">Formule 15 &#8211; Affidavit visant l\u2019annulation d\u2019un jugement apr\u00e8s la tenue d\u2019une audience<\/a><\/td>\n<td align=\"left\">Pour faire annuler un jugement si l\u2019on n\u2019a pas assist\u00e9 \u00e0 l\u2019audience<\/td>\n<\/tr>\n<tr>\n<td align=\"left\"><a href=\"https:\/\/www.pxw1.snb.ca\/snb7001\/b\/1000\/CSS-FOL-SNB-45-9017-1B.pdf\" target=\"_blank\" rel=\"noopener\">Formule 17.1 &#8211; Avis d\u2019appel<\/a><\/td>\n<td align=\"left\">Pour faire appel d&rsquo;une d\u00e9cision de la Cour des petites cr\u00e9ances \u00e0 la Cour du Banc du Roi<\/td>\n<\/tr>\n<tr>\n<td align=\"left\"><a href=\"https:\/\/www.pxw1.snb.ca\/snb7001\/b\/1000\/CSS-FOL-SNB-45-9018B.pdf\" target=\"_blank\" rel=\"noopener\">Formule 18 &#8211; Demande d\u2019autorisation d\u2019appel<\/a><\/td>\n<td align=\"left\">Pour demander la permission d\u2019interjeter appel devant la Cour d\u2019appel<\/td>\n<\/tr>\n<tr>\n<td align=\"left\"><a href=\"https:\/\/www.pxw1.snb.ca\/snb7001\/b\/1000\/CSS-FOL-SNB-45-9019B.pdf\" target=\"_blank\" rel=\"noopener\">Formule 19 &#8211; Avis d\u2019appel <\/a><\/td>\n<td align=\"left\">Pour signaler aux parties qu\u2019un appel a \u00e9t\u00e9 interjet\u00e9 \u00e0 la Cour d\u2019appel<\/td>\n<\/tr>\n<tr>\n<td align=\"left\"><a href=\"https:\/\/www.pxw1.snb.ca\/snb7001\/f\/1000\/CSS-FOL-SNB-45-9020F.pdf\" target=\"_blank\" rel=\"noopener\"> Formule 20 &#8211; Affidavit de signification<\/a><\/td>\n<td align=\"left\">Pour prouver que l\u2019on a signifi\u00e9 les documents aux parties ou aux t\u00e9moins<\/td>\n<\/tr>\n<tr>\n<td align=\"left\"><a href=\"https:\/\/www.pxw1.snb.ca\/snb7001\/b\/1000\/CSS-FOL-SNB-45-9021B.pdf\" target=\"_blank\" rel=\"noopener\"> Formule 21 &#8211; Consentement pour agir en qualit\u00e9 de tuteur d\u2019instance<\/a><\/td>\n<td align=\"left\">Pour demander de pr\u00e9senter ou de contester une demande de recouvrement au nom d\u2019une personne \u00e2g\u00e9e de moins de 19 ans ou atteinte d\u2019incapacit\u00e9<\/td>\n<\/tr>\n<tr>\n<td align=\"left\"><a href=\"https:\/\/www.pxw1.snb.ca\/snb7001\/b\/1000\/CSS-FOL-SNB-45-9022B.pdf\" target=\"_blank\" rel=\"noopener\">Formule 22 &#8211; Demande de transfert d\u2019un cas de la Cour des petites cr\u00e9ances \u00e0 la Cour du Banc du Roi<\/a><\/td>\n<td align=\"left\">Pour d\u00e9placer sa cause devant la Cour du Banc du Roi afin de pouvoir demander un recouvrement plus \u00e9lev\u00e9 ou pour d\u2019autres motifs \u00e9nonc\u00e9s<\/td>\n<\/tr>\n<tr>\n<td align=\"left\"><a href=\"https:\/\/www.pxw1.snb.ca\/snb7001\/b\/1000\/CSS-FOL-SNB-45-9023B.pdf\" target=\"_blank\" rel=\"noopener\">Formule 23 &#8211; Demande d\u2019ordonnance de la Cour des petites cr\u00e9ances<\/a><\/td>\n<td align=\"left\">Pour obtenir une ordonnance de la cour<\/td>\n<\/tr>\n<tr>\n<td align=\"left\"><a href=\"https:\/\/www.pxw1.snb.ca\/snb7001\/b\/1000\/CSS-FOL-SNB-45-9026AB.pdf\" target=\"_blank\" rel=\"noopener\">Formule 26A &#8211; Certificat d&rsquo;ex\u00e9cution de jugement<\/a><\/td>\n<td align=\"left\">Sign\u00e9 par la personne b\u00e9n\u00e9ficiaire en titre du jugement<\/td>\n<\/tr>\n<\/tbody>\n<\/table>\n<\/div>\n<\/div><\/div><\/div><\/div><\/p>\n","protected":false},"excerpt":{"rendered":"","protected":false},"author":4,"featured_media":0,"parent":2228,"menu_order":0,"comment_status":"closed","ping_status":"closed","template":"","meta":{"footnotes":""},"categories":[45,60,44],"tags":[],"class_list":["post-2023","page","type-page","status-publish","hentry","category-going-to-court-fr","category-cour-petites-creances","category-law-topics-fr"],"_links":{"self":[{"href":"https:\/\/legalinfonb.ca\/fr\/wp-json\/wp\/v2\/pages\/2023","targetHints":{"allow":["GET"]}}],"collection":[{"href":"https:\/\/legalinfonb.ca\/fr\/wp-json\/wp\/v2\/pages"}],"about":[{"href":"https:\/\/legalinfonb.ca\/fr\/wp-json\/wp\/v2\/types\/page"}],"author":[{"embeddable":true,"href":"https:\/\/legalinfonb.ca\/fr\/wp-json\/wp\/v2\/users\/4"}],"replies":[{"embeddable":true,"href":"https:\/\/legalinfonb.ca\/fr\/wp-json\/wp\/v2\/comments?post=2023"}],"version-history":[{"count":8,"href":"https:\/\/legalinfonb.ca\/fr\/wp-json\/wp\/v2\/pages\/2023\/revisions"}],"predecessor-version":[{"id":2270,"href":"https:\/\/legalinfonb.ca\/fr\/wp-json\/wp\/v2\/pages\/2023\/revisions\/2270"}],"up":[{"embeddable":true,"href":"https:\/\/legalinfonb.ca\/fr\/wp-json\/wp\/v2\/pages\/2228"}],"wp:attachment":[{"href":"https:\/\/legalinfonb.ca\/fr\/wp-json\/wp\/v2\/media?parent=2023"}],"wp:term":[{"taxonomy":"category","embeddable":true,"href":"https:\/\/legalinfonb.ca\/fr\/wp-json\/wp\/v2\/categories?post=2023"},{"taxonomy":"post_tag","embeddable":true,"href":"https:\/\/legalinfonb.ca\/fr\/wp-json\/wp\/v2\/tags?post=2023"}],"curies":[{"name":"wp","href":"https:\/\/api.w.org\/{rel}","templated":true}]}}