{"id":2975,"date":"2025-06-03T14:48:52","date_gmt":"2025-06-03T17:48:52","guid":{"rendered":"https:\/\/legalinfonb.ca\/?page_id=2975"},"modified":"2025-06-03T14:51:47","modified_gmt":"2025-06-03T17:51:47","slug":"lordonnance-de-contact","status":"publish","type":"page","link":"https:\/\/legalinfonb.ca\/fr\/info-legale\/droit-famille\/lordonnance-de-contact\/","title":{"rendered":"L\u2019ordonnance de contact"},"content":{"rendered":"<div class=\"fusion-fullwidth fullwidth-box fusion-builder-row-1 fusion-flex-container has-pattern-background has-mask-background nonhundred-percent-fullwidth non-hundred-percent-height-scrolling\" style=\"--awb-border-radius-top-left:0px;--awb-border-radius-top-right:0px;--awb-border-radius-bottom-right:0px;--awb-border-radius-bottom-left:0px;--awb-flex-wrap:wrap;\" ><div class=\"fusion-builder-row fusion-row fusion-flex-align-items-flex-start fusion-flex-content-wrap\" style=\"max-width:104%;margin-left: calc(-4% \/ 2 );margin-right: calc(-4% \/ 2 );\"><div class=\"fusion-layout-column fusion_builder_column fusion-builder-column-0 fusion_builder_column_1_1 1_1 fusion-flex-column\" style=\"--awb-bg-size:cover;--awb-width-large:100%;--awb-margin-top-large:0px;--awb-spacing-right-large:1.92%;--awb-margin-bottom-large:20px;--awb-spacing-left-large:1.92%;--awb-width-medium:100%;--awb-order-medium:0;--awb-spacing-right-medium:1.92%;--awb-spacing-left-medium:1.92%;--awb-width-small:100%;--awb-order-small:0;--awb-spacing-right-small:1.92%;--awb-spacing-left-small:1.92%;\"><div class=\"fusion-column-wrapper fusion-column-has-shadow fusion-flex-justify-content-flex-start fusion-content-layout-column\"><div class=\"fusion-title title fusion-title-1 fusion-sep-none fusion-title-text fusion-title-size-one\"><h1 class=\"fusion-title-heading title-heading-left\" style=\"margin:0;\">L\u2019ordonnance de contact<\/h1><\/div><div class=\"fusion-text fusion-text-1\"><p>Une ordonnance de contact est une d\u00e9cision de la cour qui donne \u00e0 une personne le droit d\u2019avoir des contacts avec un enfant sans \u00eatre l\u2019un de ses parents.<\/p>\n<p>N\u2019importe quel adulte peut demander une ordonnance de contact. Les personnes qui demandent le plus souvent une ordonnance de contact sont\u00a0:<\/p>\n<ul>\n<li>Les grands-parents<\/li>\n<li>Un fr\u00e8re ou une s\u0153ur de l\u2019enfant<\/li>\n<li>Un ancien beau-parent<\/li>\n<li>Une tante ou un oncle de l\u2019enfant<\/li>\n<\/ul>\n<p>La cour peut accorder une ordonnance de contact quand elle juge que la demande est faite pour le bien de l\u2019enfant. C\u2019est ce que la loi d\u00e9finit comme <a href=\"https:\/\/justice.gc.ca\/fra\/pr-rp\/lf-fl\/parent\/2000_5\/p3.html\" target=\"_blank\" rel=\"noopener\">\u201cl\u2019int\u00e9r\u00eat sup\u00e9rieur de l\u2019enfant\u201d.<\/a><\/p>\n<\/div><div class=\"accordian fusion-accordian\" style=\"--awb-border-size:1px;--awb-icon-size:36px;--awb-content-font-size:var(--awb-typography4-font-size);--awb-icon-alignment:right;--awb-hover-color:var(--awb-color2);--awb-border-color:var(--awb-color2);--awb-background-color:var(--awb-color1);--awb-divider-color:var(--awb-color2);--awb-divider-hover-color:var(--awb-color2);--awb-icon-color:var(--awb-color2);--awb-title-color:var(--awb-color8);--awb-content-color:var(--awb-color8);--awb-icon-box-color:var(--awb-color8);--awb-toggle-hover-accent-color:var(--awb-color2);--awb-title-font-family:&quot;Montserrat&quot;;--awb-title-font-weight:700;--awb-title-font-style:normal;--awb-title-font-size:34px;--awb-content-font-family:&quot;Open Sans&quot;;--awb-content-font-style:normal;--awb-content-font-weight:400;\"><div class=\"panel-group fusion-toggle-icon-right fusion-toggle-icon-boxed\" id=\"accordion-2975-1\"><div class=\"fusion-panel panel-default panel-37265fbcfada9385c fusion-toggle-has-divider\" style=\"--awb-title-color:var(--awb-color8);--awb-content-color:var(--awb-color8);\"><div class=\"panel-heading\"><h4 class=\"panel-title toggle\" id=\"toggle_37265fbcfada9385c\"><a aria-expanded=\"false\" aria-controls=\"37265fbcfada9385c\" role=\"button\" data-toggle=\"collapse\" data-target=\"#37265fbcfada9385c\" href=\"#37265fbcfada9385c\"><span class=\"fusion-toggle-icon-wrapper\" aria-hidden=\"true\"><i class=\"fa-fusion-box active-icon awb-icon-minus\" aria-hidden=\"true\"><\/i><i class=\"fa-fusion-box inactive-icon awb-icon-plus\" aria-hidden=\"true\"><\/i><\/span><span class=\"fusion-toggle-heading\">Quand demander une ordonnance de contact<\/span><\/a><\/h4><\/div><div id=\"37265fbcfada9385c\" class=\"panel-collapse collapse \" aria-labelledby=\"toggle_37265fbcfada9385c\"><div class=\"panel-body toggle-content fusion-clearfix\">\n<p>Quand les personnes qui ont la responsabilit\u00e9 l\u00e9gale de l\u2019enfant, comme ses parents ou encore sa tutrice ou son tuteur l\u00e9gal, sont d\u2019accord pour que vous ayez des contacts avec lui, il n\u2019est habituellement pas n\u00e9cessaire de demander une ordonnance de contact \u00e0 la cour. En d\u2019autres mots, l\u2019ordonnance de contact est un dernier recours. C\u2019est une option dans les circonstances o\u00f9 les personnes qui ont la responsabilit\u00e9 l\u00e9gale de l\u2019enfant ne sont pas d\u2019accord pour que vous ayez des contacts avec lui, et que vos efforts pour arriver \u00e0 un accord ne fonctionnent pas.<\/p>\n<p>S\u2019il y a un d\u00e9saccord entre vous et les parents, il est bon de tenter d\u2019abord de le r\u00e9gler hors cour, \u00e0 l\u2019amiable. Demandez-vous, par exemple, pourquoi les parents refusent que vous entriez en contact avec l\u2019enfant ou que vous passiez du temps avec lui\u2009? Pourriez-vous prendre des mesures pour r\u00e9soudre les conflits ou les probl\u00e8mes de communication?<\/p>\n<p>Si, apr\u00e8s vos efforts pour communiquer et r\u00e9soudre les probl\u00e8mes, on vous emp\u00eache encore de voir l\u2019enfant, vous pouvez demander une ordonnance de contact \u00e0 la cour.<\/p>\n<\/div><\/div><\/div><div class=\"fusion-panel panel-default panel-7cb15eac594c90459 fusion-toggle-has-divider\" style=\"--awb-title-color:var(--awb-color8);--awb-content-color:var(--awb-color8);\"><div class=\"panel-heading\"><h4 class=\"panel-title toggle\" id=\"toggle_7cb15eac594c90459\"><a aria-expanded=\"false\" aria-controls=\"7cb15eac594c90459\" role=\"button\" data-toggle=\"collapse\" data-target=\"#7cb15eac594c90459\" href=\"#7cb15eac594c90459\"><span class=\"fusion-toggle-icon-wrapper\" aria-hidden=\"true\"><i class=\"fa-fusion-box active-icon awb-icon-minus\" aria-hidden=\"true\"><\/i><i class=\"fa-fusion-box inactive-icon awb-icon-plus\" aria-hidden=\"true\"><\/i><\/span><span class=\"fusion-toggle-heading\">Les crit\u00e8res pour obtenir une ordonnance de contact<\/span><\/a><\/h4><\/div><div id=\"7cb15eac594c90459\" class=\"panel-collapse collapse \" aria-labelledby=\"toggle_7cb15eac594c90459\"><div class=\"panel-body toggle-content fusion-clearfix\">\n<p>La <a href=\"https:\/\/laws.gnb.ca\/en\/pdf\/cs\/2020,%20C.23.pdf\" target=\"_blank\" rel=\"noopener\"><em>Loi sur le droit de la famille<\/em><\/a> \u00e9tablit les crit\u00e8res que la cour doit consid\u00e9rer lorsqu\u2019elle rend ses d\u00e9cisions concernant les enfants et les ordonnances de contact.<\/p>\n<p>Dans sa d\u00e9cision de vous accorder ou non une ordonnance de contact, la ou le juge tiendra compte de \u00ab\u2009l\u2019int\u00e9r\u00eat sup\u00e9rieur de l\u2019enfant\u2009\u00bb. Les facteurs \u00e0 consid\u00e9rer sont pr\u00e9sent\u00e9s dans l\u2019article\u00a050 (2) de la <a href=\"https:\/\/laws.gnb.ca\/en\/pdf\/cs\/2020,%20C.23.pdf\" target=\"_blank\" rel=\"noopener\"><em>Loi sur le droit de la famille<\/em><\/a><em>. <\/em>Voici quelques exemples de facteurs pris en compte\u00a0:<\/p>\n<ul>\n<li>l\u2019\u00e9ducation de l\u2019enfant, sa culture et sa langue<\/li>\n<li>les besoins de l\u2019enfant, dont celui de stabilit\u00e9<\/li>\n<li>la nature et la solidit\u00e9 des rapports que l\u2019enfant entretient avec ses proches<\/li>\n<li>la volont\u00e9 de chaque parent de favoriser le d\u00e9veloppement et l\u2019entretien d\u2019une relation entre l\u2019enfant et l\u2019autre parent<\/li>\n<li>l\u2019historique des soins que l\u2019enfant a re\u00e7us<\/li>\n<li>le point de vue de l\u2019enfant et ses pr\u00e9f\u00e9rences, selon son \u00e2ge et son degr\u00e9 de maturit\u00e9<\/li>\n<\/ul>\n<p>Notez que, selon cette loi, la cour doit examiner l\u2019importance de soutenir une relation saine et aimante avec les autres adultes jouant un r\u00f4le important dans la vie d\u2019un enfant. Mais ce n\u2019est pas le seul facteur qui influence sa d\u00e9cision.<\/p>\n<p>Il faut, entre autres, que la cour \u00e9value si les personnes qui ont la responsabilit\u00e9 l\u00e9gale de l\u2019enfant sont d\u2019accord pour que vous ayez des contacts avec lui. Elle voudra aussi conna\u00eetre leurs raisons si elles ne sont pas d\u2019accord. Elle se demandera aussi s\u2019il est n\u00e9cessaire de rendre une ordonnance.<\/p>\n<p>La cour \u00e9tudie aussi la possibilit\u00e9 que vous puissiez entrer en contact avec l\u2019enfant pendant qu\u2019il est avec un seul de ses parents. Par exemple, si les parents sont s\u00e9par\u00e9s et qu\u2019un seul refuse de faciliter les contacts, vous pourriez passer du temps avec l\u2019enfant pendant qu\u2019il est avec l\u2019autre parent. Dans une telle situation, vous n\u2019auriez pas besoin d\u2019une ordonnance.<\/p>\n<p>De votre c\u00f4t\u00e9, vous devrez d\u00e9montrer \u00e0 la cour pourquoi il est dans l\u2019int\u00e9r\u00eat sup\u00e9rieur de l\u2019enfant de passer du temps avec vous, m\u00eame sans le consentement des parents.<\/p>\n<p>Dans la plupart des cas, ce sont les parents qui d\u00e9cident si leurs enfants devraient ou non avoir des contacts avec d\u2019autres adultes, notamment d\u2019autres membres de la famille. La cour pourrait ne pas vouloir intervenir dans les d\u00e9cisions des parents ou des tuteurs concernant l\u2019\u00e9ducation d\u2019un enfant.<\/p>\n<p>Si vous vous entendez mal avec les parents, la cour pourrait d\u00e9cider qu\u2019il n\u2019est pas dans l\u2019int\u00e9r\u00eat de l\u2019enfant de passer du temps avec vous. Vous devrez alors vous pr\u00e9parer \u00e0 la convaincre qu\u2019il est dans l\u2019int\u00e9r\u00eat sup\u00e9rieur de l\u2019enfant d\u2019\u00eatre en relation avec vous.<\/p>\n<\/div><\/div><\/div><div class=\"fusion-panel panel-default panel-c82f86b7cff4eaa9f fusion-toggle-has-divider\" style=\"--awb-title-color:var(--awb-color8);--awb-content-color:var(--awb-color8);\"><div class=\"panel-heading\"><h4 class=\"panel-title toggle\" id=\"toggle_c82f86b7cff4eaa9f\"><a aria-expanded=\"false\" aria-controls=\"c82f86b7cff4eaa9f\" role=\"button\" data-toggle=\"collapse\" data-target=\"#c82f86b7cff4eaa9f\" href=\"#c82f86b7cff4eaa9f\"><span class=\"fusion-toggle-icon-wrapper\" aria-hidden=\"true\"><i class=\"fa-fusion-box active-icon awb-icon-minus\" aria-hidden=\"true\"><\/i><i class=\"fa-fusion-box inactive-icon awb-icon-plus\" aria-hidden=\"true\"><\/i><\/span><span class=\"fusion-toggle-heading\">Qu\u2019entend-on par \u00ab\u2009contacts\u2009\u00bb <\/span><\/a><\/h4><\/div><div id=\"c82f86b7cff4eaa9f\" class=\"panel-collapse collapse \" aria-labelledby=\"toggle_c82f86b7cff4eaa9f\"><div class=\"panel-body toggle-content fusion-clearfix\">\n<p>Les contacts avec l\u2019enfant ne comprennent pas seulement des droits de visite. Ils peuvent bien s\u00fbr prendre la forme de visites, mais ils peuvent aussi prendre la forme d\u2019appels t\u00e9l\u00e9phoniques, d\u2019appels vid\u00e9o, de textos, de lettres. En fait, ils peuvent se faire \u00e0 l\u2019aide de toute sorte de moyens de communication.<\/p>\n<p>Si vous devez vous pr\u00e9senter devant une ou un juge, c\u2019est cette personne qui d\u00e9terminera en quoi consisteront les contacts que vous pourrez avoir avec l\u2019enfant. Vous pourrez lui proposer diff\u00e9rentes fa\u00e7ons, qui vous permettraient de passer du temps avec l\u2019enfant. L\u2019ordonnance de contact pourrait alors pr\u00e9ciser si vous passerez du temps avec l\u2019enfant chez vous, chez lui ou ailleurs, par exemple au restaurant.<\/p>\n<p>L\u2019ordonnance peut aussi vous interdire de d\u00e9placer l\u2019enfant d\u2019une r\u00e9gion pr\u00e9d\u00e9termin\u00e9e sans le consentement de la personne qui en a la responsabilit\u00e9 l\u00e9gale.<\/p>\n<\/div><\/div><\/div><div class=\"fusion-panel panel-default panel-645e349866ba19e82 fusion-toggle-has-divider\" style=\"--awb-title-color:var(--awb-color8);--awb-content-color:var(--awb-color8);\"><div class=\"panel-heading\"><h4 class=\"panel-title toggle\" id=\"toggle_645e349866ba19e82\"><a aria-expanded=\"false\" aria-controls=\"645e349866ba19e82\" role=\"button\" data-toggle=\"collapse\" data-target=\"#645e349866ba19e82\" href=\"#645e349866ba19e82\"><span class=\"fusion-toggle-icon-wrapper\" aria-hidden=\"true\"><i class=\"fa-fusion-box active-icon awb-icon-minus\" aria-hidden=\"true\"><\/i><i class=\"fa-fusion-box inactive-icon awb-icon-plus\" aria-hidden=\"true\"><\/i><\/span><span class=\"fusion-toggle-heading\">Comment faire une demande \u00e0 la cour<\/span><\/a><\/h4><\/div><div id=\"645e349866ba19e82\" class=\"panel-collapse collapse \" aria-labelledby=\"toggle_645e349866ba19e82\"><div class=\"panel-body toggle-content fusion-clearfix\">\n<p>Si vous voulez faire une demande d\u2019ordonnance de contact, vous devez d\u00e9poser un Avis de requ\u00eate \u00e0 la Cour du Banc du Roi, Division de la Famille. On d\u00e9signe souvent cette cour sous le nom de \u00ab\u2009Cour de la famille\u2009\u00bb. La proc\u00e9dure exacte pour faire votre demande d\u00e9pend de la r\u00e9gion du Nouveau-Brunswick o\u00f9 vit l\u2019enfant.<\/p>\n<\/div><\/div><\/div><div class=\"fusion-panel panel-default panel-94782e0e7fd21be49 fusion-toggle-has-divider\" style=\"--awb-title-color:var(--awb-color8);--awb-content-color:var(--awb-color8);\"><div class=\"panel-heading\"><h4 class=\"panel-title toggle\" id=\"toggle_94782e0e7fd21be49\"><a aria-expanded=\"false\" aria-controls=\"94782e0e7fd21be49\" role=\"button\" data-toggle=\"collapse\" data-target=\"#94782e0e7fd21be49\" href=\"#94782e0e7fd21be49\"><span class=\"fusion-toggle-icon-wrapper\" aria-hidden=\"true\"><i class=\"fa-fusion-box active-icon awb-icon-minus\" aria-hidden=\"true\"><\/i><i class=\"fa-fusion-box inactive-icon awb-icon-plus\" aria-hidden=\"true\"><\/i><\/span><span class=\"fusion-toggle-heading\">Obtenir de l\u2019aide pour faire votre demande<\/span><\/a><\/h4><\/div><div id=\"94782e0e7fd21be49\" class=\"panel-collapse collapse \" aria-labelledby=\"toggle_94782e0e7fd21be49\"><div class=\"panel-body toggle-content fusion-clearfix\">\n<p>Si vous \u00eates dans cette situation, vous pourriez avoir besoin de conseils juridiques. En fait, pour faire votre demande, il peut \u00eatre utile de consulter une avocate ou un avocat afin d\u2019obtenir de l\u2019aide ou un avis juridique.<\/p>\n<p>Normalement, vous ne pourrez pas avoir acc\u00e8s \u00e0 l\u2019aide juridique pour cette demand. En fait, l\u2019aide juridique ne repr\u00e9sente habituellement pas les personnes qui demandent des ordonnances de contact.<\/p>\n<p>Si vous n\u2019avez pas les moyens de payer pour obtenir de l\u2019aide ou si vous souhaitez vous repr\u00e9senter vous-m\u00eame, le SPEIJ-NB peut vous aider. \u00a0Sur le site Web, vous pouvez trouver des guides pratiques avec des instructions \u00e9tape par \u00e9tape sur la proc\u00e9dure \u00e0 la cour. Vous pouvez aussi t\u00e9l\u00e9phoner \u00e0 la ligne d\u2019information dur le droit de la famille du SPEIJ-NB a 1-888-236-2444.<\/p>\n<\/div><\/div><\/div><div class=\"fusion-panel panel-default panel-cf15cfc2aeb0272b0 fusion-toggle-has-divider\" style=\"--awb-title-color:var(--awb-color8);--awb-content-color:var(--awb-color8);\"><div class=\"panel-heading\"><h4 class=\"panel-title toggle\" id=\"toggle_cf15cfc2aeb0272b0\"><a aria-expanded=\"false\" aria-controls=\"cf15cfc2aeb0272b0\" role=\"button\" data-toggle=\"collapse\" data-target=\"#cf15cfc2aeb0272b0\" href=\"#cf15cfc2aeb0272b0\"><span class=\"fusion-toggle-icon-wrapper\" aria-hidden=\"true\"><i class=\"fa-fusion-box active-icon awb-icon-minus\" aria-hidden=\"true\"><\/i><i class=\"fa-fusion-box inactive-icon awb-icon-plus\" aria-hidden=\"true\"><\/i><\/span><span class=\"fusion-toggle-heading\">La diff\u00e9rence entre l\u2019ordonnance de contact et l\u2019ordonnance parentale <\/span><\/a><\/h4><\/div><div id=\"cf15cfc2aeb0272b0\" class=\"panel-collapse collapse \" aria-labelledby=\"toggle_cf15cfc2aeb0272b0\"><div class=\"panel-body toggle-content fusion-clearfix\">\n<p>Au Nouveau-Brunswick, n\u2019importe qui peut demander une ordonnance parentale.<\/p>\n<p>Au lieu de donner le droit d\u2019avoir des contacts, l\u2019ordonnance parentale donne \u00e0 une personne la responsabilit\u00e9 l\u00e9gale de l\u2019enfant, c\u2019est-\u00e0-dire les responsabilit\u00e9s d\u00e9cisionnelles \u00e0 l\u2019\u00e9gard d\u2019un enfant. C\u2019est souvent aussi ce que l\u2019on appelle \u00ab\u2009la garde\u2009\u00bb.<\/p>\n<p>Si n\u00e9cessaire, la cour peut modifier une ordonnance parentale d\u00e9j\u00e0 en vigueur pour tenir compte d\u2019une ordonnance de contact.<\/p>\n<p>Comme pour une ordonnance de contact, c\u2019est la cour qui d\u00e9termine si la demande d\u2019ordonnance parentale est dans l\u2019int\u00e9r\u00eat sup\u00e9rieur de l\u2019enfant.<\/p>\n<p>Si vous voulez d\u00e9poser une demande d\u2019ordonnance parentale, vous devriez demander un avis juridique. Dans certains cas, il est possible d\u2019obtenir du soutien de l\u2019aide juridique.<\/p>\n<p><a href=\"https:\/\/www.familylawnb.ca\/french\/publications_parenting_after_separation\">Le SPEIJ-NB a aussi plus d\u2019information sur l\u2019ordonnance parentale.<\/a><\/p>\n<\/div><\/div><\/div><\/div><\/div><\/div><\/div><\/div><\/div>\n","protected":false},"excerpt":{"rendered":"","protected":false},"author":4,"featured_media":0,"parent":634,"menu_order":0,"comment_status":"closed","ping_status":"closed","template":"","meta":{"footnotes":""},"categories":[48],"tags":[],"class_list":["post-2975","page","type-page","status-publish","hentry","category-droit-famille"],"_links":{"self":[{"href":"https:\/\/legalinfonb.ca\/fr\/wp-json\/wp\/v2\/pages\/2975","targetHints":{"allow":["GET"]}}],"collection":[{"href":"https:\/\/legalinfonb.ca\/fr\/wp-json\/wp\/v2\/pages"}],"about":[{"href":"https:\/\/legalinfonb.ca\/fr\/wp-json\/wp\/v2\/types\/page"}],"author":[{"embeddable":true,"href":"https:\/\/legalinfonb.ca\/fr\/wp-json\/wp\/v2\/users\/4"}],"replies":[{"embeddable":true,"href":"https:\/\/legalinfonb.ca\/fr\/wp-json\/wp\/v2\/comments?post=2975"}],"version-history":[{"count":2,"href":"https:\/\/legalinfonb.ca\/fr\/wp-json\/wp\/v2\/pages\/2975\/revisions"}],"predecessor-version":[{"id":2980,"href":"https:\/\/legalinfonb.ca\/fr\/wp-json\/wp\/v2\/pages\/2975\/revisions\/2980"}],"up":[{"embeddable":true,"href":"https:\/\/legalinfonb.ca\/fr\/wp-json\/wp\/v2\/pages\/634"}],"wp:attachment":[{"href":"https:\/\/legalinfonb.ca\/fr\/wp-json\/wp\/v2\/media?parent=2975"}],"wp:term":[{"taxonomy":"category","embeddable":true,"href":"https:\/\/legalinfonb.ca\/fr\/wp-json\/wp\/v2\/categories?post=2975"},{"taxonomy":"post_tag","embeddable":true,"href":"https:\/\/legalinfonb.ca\/fr\/wp-json\/wp\/v2\/tags?post=2975"}],"curies":[{"name":"wp","href":"https:\/\/api.w.org\/{rel}","templated":true}]}}