{"id":418,"date":"2024-02-13T14:52:55","date_gmt":"2024-02-13T14:52:55","guid":{"rendered":"https:\/\/legalinfonb.ca\/teen-victims-of-crime\/"},"modified":"2024-04-02T20:39:59","modified_gmt":"2024-04-02T20:39:59","slug":"adolescents-victimes-crime","status":"publish","type":"page","link":"https:\/\/legalinfonb.ca\/fr\/info-legale\/victimes-de-crime\/adolescents-victimes-crime\/","title":{"rendered":"Des adolescents victimes d&rsquo;un crime"},"content":{"rendered":"<p><div class=\"fusion-fullwidth fullwidth-box fusion-builder-row-1 fusion-flex-container has-pattern-background has-mask-background nonhundred-percent-fullwidth non-hundred-percent-height-scrolling\" style=\"--awb-border-radius-top-left:0px;--awb-border-radius-top-right:0px;--awb-border-radius-bottom-right:0px;--awb-border-radius-bottom-left:0px;--awb-flex-wrap:wrap;\" ><div class=\"fusion-builder-row fusion-row fusion-flex-align-items-flex-start fusion-flex-content-wrap\" style=\"max-width:104%;margin-left: calc(-4% \/ 2 );margin-right: calc(-4% \/ 2 );\"><div class=\"fusion-layout-column fusion_builder_column fusion-builder-column-0 fusion_builder_column_1_1 1_1 fusion-flex-column\" style=\"--awb-bg-size:cover;--awb-width-large:100%;--awb-margin-top-large:0px;--awb-spacing-right-large:1.92%;--awb-margin-bottom-large:20px;--awb-spacing-left-large:1.92%;--awb-width-medium:100%;--awb-order-medium:0;--awb-spacing-right-medium:1.92%;--awb-spacing-left-medium:1.92%;--awb-width-small:100%;--awb-order-small:0;--awb-spacing-right-small:1.92%;--awb-spacing-left-small:1.92%;\"><div class=\"fusion-column-wrapper fusion-column-has-shadow fusion-flex-justify-content-flex-start fusion-content-layout-column\"><div class=\"fusion-title title fusion-title-1 fusion-sep-none fusion-title-text fusion-title-size-one\"><h1 class=\"fusion-title-heading title-heading-left\" style=\"margin:0;\">Des adolescents victimes d&rsquo;un crime<\/h1><\/div><\/div><\/div><\/div><\/div><div class=\"fusion-fullwidth fullwidth-box fusion-builder-row-2 fusion-flex-container has-pattern-background has-mask-background nonhundred-percent-fullwidth non-hundred-percent-height-scrolling\" style=\"--awb-border-radius-top-left:0px;--awb-border-radius-top-right:0px;--awb-border-radius-bottom-right:0px;--awb-border-radius-bottom-left:0px;--awb-flex-wrap:wrap;\" ><div class=\"fusion-builder-row fusion-row fusion-flex-align-items-flex-start fusion-flex-content-wrap\" style=\"max-width:104%;margin-left: calc(-4% \/ 2 );margin-right: calc(-4% \/ 2 );\"><div class=\"fusion-layout-column fusion_builder_column fusion-builder-column-1 fusion_builder_column_1_1 1_1 fusion-flex-column\" style=\"--awb-bg-size:cover;--awb-width-large:100%;--awb-margin-top-large:0px;--awb-spacing-right-large:1.92%;--awb-margin-bottom-large:20px;--awb-spacing-left-large:1.92%;--awb-width-medium:100%;--awb-order-medium:0;--awb-spacing-right-medium:1.92%;--awb-spacing-left-medium:1.92%;--awb-width-small:100%;--awb-order-small:0;--awb-spacing-right-small:1.92%;--awb-spacing-left-small:1.92%;\"><div class=\"fusion-column-wrapper fusion-column-has-shadow fusion-flex-justify-content-flex-start fusion-content-layout-column\"><div class=\"fusion-text fusion-text-1\"><p>\u00catre victime d\u2019un crime \u00e0 l\u2019adolescence peut \u00eatre une exp\u00e9rience stressante.\u00a0Il existe des services \u00e0 l\u2019intention des jeunes qui ont \u00e9t\u00e9 victimes d\u2019un crime. Si tu as des questions ou des pr\u00e9occupations au sujet de ton r\u00f4le en tant que victime dans le syst\u00e8me de justice p\u00e9nale, les Services aux victimes du minist\u00e8re de la S\u00e9curit\u00e9 publique peuvent t\u2019aider. Ils peuvent t\u2019expliquer le processus de justice p\u00e9nale et t\u2019offrir du soutien pour t\u2019aider \u00e0 faire face aux r\u00e9percussions du fait d\u2019\u00eatre une victime.<\/p>\n<p><strong>Signaler un crime<\/strong><\/p>\n<p>Envisage de parler \u00e0 tes parents. M\u00eame si cela te g\u00eane ou que tu te sens responsable de ce qui est arriv\u00e9, tu devrais parler \u00e0 tes parents ou \u00e0 un autre adulte en qui tu as confiance. La famille et les amis peuvent jouer un r\u00f4le important en t\u2019aidant \u00e0 trouver des r\u00e9ponses et \u00e0 faire face aux r\u00e9percussions du crime.<\/p>\n<p>Communique avec le service de police le plus t\u00f4t possible. L\u2019information que tu donnes peut grandement aider la police et pr\u00e9venir d\u2019autres crimes.<\/p>\n<p>Ton p\u00e8re ou ta m\u00e8re ou un autre adulte peut \u00eatre pr\u00e9sent durant ton entretien avec la police. Dans certains services de police, des membres du personnel ont suivi une formation pour savoir comment soutenir les victimes qui signalent un crime.<\/p>\n<p>La police te posera beaucoup de questions pour essayer de d\u00e9terminer qui est responsable. La police doit d\u00e9tenir des preuves suffisantes avant d\u2019accuser une personne d\u2019un crime, ce qui ne veut pas dire qu\u2019elle pense que tu mens ou qu\u2019elle ne te croit pas.<\/p>\n<p>Il est possible qu\u2019aucune accusation ne soit port\u00e9e. Il se peut que la police ne soit pas en mesure d\u2019identifier l\u2019auteur du crime, ou bien que les preuves soient insuffisantes pour tenir quelqu\u2019un responsable du crime.<\/p>\n<p>M\u00eame si tu changes d\u2019id\u00e9e et que tu ne veux plus t\u00e9moigner en cour, il n\u2019est pas toujours possible de retirer l\u2019accusation une fois qu\u2019une personne est accus\u00e9e d\u2019un crime.<\/p>\n<p>Si tu crains pour ta s\u00e9curit\u00e9, parle \u00e0 la police. Si tu re\u00e7ois des menaces parce que tu as signal\u00e9 un crime, informes-en la police imm\u00e9diatement. La police dispose de moyens pour assurer ta s\u00e9curit\u00e9.<\/p>\n<\/div><\/div><\/div><\/div><\/div><div class=\"fusion-fullwidth fullwidth-box fusion-builder-row-3 fusion-flex-container has-pattern-background has-mask-background nonhundred-percent-fullwidth non-hundred-percent-height-scrolling\" style=\"--awb-border-radius-top-left:0px;--awb-border-radius-top-right:0px;--awb-border-radius-bottom-right:0px;--awb-border-radius-bottom-left:0px;--awb-flex-wrap:wrap;\" ><div class=\"fusion-builder-row fusion-row fusion-flex-align-items-flex-start fusion-flex-content-wrap\" style=\"max-width:104%;margin-left: calc(-4% \/ 2 );margin-right: calc(-4% \/ 2 );\"><div class=\"fusion-layout-column fusion_builder_column fusion-builder-column-2 fusion_builder_column_1_1 1_1 fusion-flex-column\" style=\"--awb-bg-size:cover;--awb-width-large:100%;--awb-margin-top-large:0px;--awb-spacing-right-large:1.92%;--awb-margin-bottom-large:20px;--awb-spacing-left-large:1.92%;--awb-width-medium:100%;--awb-order-medium:0;--awb-spacing-right-medium:1.92%;--awb-spacing-left-medium:1.92%;--awb-width-small:100%;--awb-order-small:0;--awb-spacing-right-small:1.92%;--awb-spacing-left-small:1.92%;\"><div class=\"fusion-column-wrapper fusion-column-has-shadow fusion-flex-justify-content-flex-start fusion-content-layout-column\"><div class=\"accordian fusion-accordian\" style=\"--awb-border-size:1px;--awb-icon-size:36px;--awb-content-font-size:var(--awb-typography4-font-size);--awb-icon-alignment:right;--awb-hover-color:var(--awb-color2);--awb-border-color:var(--awb-color2);--awb-background-color:var(--awb-color1);--awb-divider-color:var(--awb-color2);--awb-divider-hover-color:var(--awb-color2);--awb-icon-color:var(--awb-color2);--awb-title-color:var(--awb-color8);--awb-content-color:var(--awb-color8);--awb-icon-box-color:var(--awb-color8);--awb-toggle-hover-accent-color:var(--awb-color2);--awb-title-font-family:&quot;Montserrat&quot;;--awb-title-font-weight:700;--awb-title-font-style:normal;--awb-title-font-size:34px;--awb-content-font-family:&quot;Open Sans&quot;;--awb-content-font-style:normal;--awb-content-font-weight:400;\"><div class=\"panel-group fusion-toggle-icon-right fusion-toggle-icon-boxed\" id=\"accordion-418-1\"><div class=\"fusion-panel panel-default panel-74ac8ea5e37fdd2e7 fusion-toggle-has-divider\" style=\"--awb-title-color:var(--awb-color8);--awb-content-color:var(--awb-color8);\"><div class=\"panel-heading\"><h4 class=\"panel-title toggle\" id=\"toggle_74ac8ea5e37fdd2e7\"><a aria-expanded=\"false\" aria-controls=\"74ac8ea5e37fdd2e7\" role=\"button\" data-toggle=\"collapse\" data-target=\"#74ac8ea5e37fdd2e7\" href=\"#74ac8ea5e37fdd2e7\"><span class=\"fusion-toggle-icon-wrapper\" aria-hidden=\"true\"><i class=\"fa-fusion-box active-icon awb-icon-minus\" aria-hidden=\"true\"><\/i><i class=\"fa-fusion-box inactive-icon awb-icon-plus\" aria-hidden=\"true\"><\/i><\/span><span class=\"fusion-toggle-heading\">Recevoir du soutien<\/span><\/a><\/h4><\/div><div id=\"74ac8ea5e37fdd2e7\" class=\"panel-collapse collapse \" aria-labelledby=\"toggle_74ac8ea5e37fdd2e7\"><div class=\"panel-body toggle-content fusion-clearfix\">\n<p>Il est important de recevoir du soutien au cours du processus de justice p\u00e9nale. Tu jongles peut-\u00eatre avec de nombreuses \u00e9motions dif\u00acf\u00e9rentes, et tu auras probablement des questions au sujet de ta cause et du processus judiciaire. La famille et les amis peuvent t\u2019appuyer, mais ces personnes n\u2019ont pas la formation n\u00e9cessaire pour t\u2019aider \u00e0 faire face au traumatisme d\u2019\u00eatre victime ou r\u00e9pondre \u00e0 tes questions concernant la comparution en cour. Les Services aux victimes du minist\u00e8re de la S\u00e9curit\u00e9 publique offrent de l\u2019aide aux personnes qui ont \u00e9t\u00e9 victimes d\u2019un crime et qui ont signal\u00e9 le crime \u00e0 la police.<\/p>\n<p>Les Services aux victimes peuvent t\u2019aider \u00e0 te pr\u00e9parer \u00e0 ta comparu\u00action en cour et aux stress que cela cause. Ton coordonnateur des Services aux victimes peut :<\/p>\n<ul>\n<li>Expliquer le processus judiciaire et d\u00e9crire les personnes qui seront pr\u00e9sentes dans la salle d\u2019audience et ton r\u00f4le en tant que victime.<\/li>\n<li>Te tenir au courant de l\u2019\u00e9tat de ta cause.<\/li>\n<li>Fournir les services de b\u00e9n\u00e9voles ou d\u2019employ\u00e9s ayant suivi une formation pour t\u2019accompagner durant le proc\u00e8s.<\/li>\n<li>Expliquer pourquoi la cour a jug\u00e9 que la personne accus\u00e9e \u00e9tait coupable ou non coupable.<\/li>\n<li>Fournir de l\u2019information concernant la d\u00e9claration de la victime sur les r\u00e9percussions du crime et sa pr\u00e9sentation \u00e0 l\u2019audience de d\u00e9termination de la peine.<\/li>\n<li>Prendre des dispositions pour des services de counseling et autres.<\/li>\n<\/ul>\n<p>Si tu as de la difficult\u00e9 \u00e0 composer avec les r\u00e9percussions du crime ou si le fait de prendre la parole dans la salle d\u2019audience t\u2019inqui\u00e8te, il est possible de recevoir des services de counseling. Ton coordonnateur des Services aux victimes peut organiser un rendez-vous avec un conseiller qui t\u2019aidera \u00e0 passer au travers du proc\u00e8s et des r\u00e9percussions du crime.<\/p>\n<\/div><\/div><\/div><div class=\"fusion-panel panel-default panel-81393c16688cab88c fusion-toggle-has-divider\" style=\"--awb-title-color:var(--awb-color8);--awb-content-color:var(--awb-color8);\"><div class=\"panel-heading\"><h4 class=\"panel-title toggle\" id=\"toggle_81393c16688cab88c\"><a aria-expanded=\"false\" aria-controls=\"81393c16688cab88c\" role=\"button\" data-toggle=\"collapse\" data-target=\"#81393c16688cab88c\" href=\"#81393c16688cab88c\"><span class=\"fusion-toggle-icon-wrapper\" aria-hidden=\"true\"><i class=\"fa-fusion-box active-icon awb-icon-minus\" aria-hidden=\"true\"><\/i><i class=\"fa-fusion-box inactive-icon awb-icon-plus\" aria-hidden=\"true\"><\/i><\/span><span class=\"fusion-toggle-heading\">Se pr\u00e9parer au proc\u00e8s<\/span><\/a><\/h4><\/div><div id=\"81393c16688cab88c\" class=\"panel-collapse collapse \" aria-labelledby=\"toggle_81393c16688cab88c\"><div class=\"panel-body toggle-content fusion-clearfix\">\n<ul>\n<li>Pr\u00e9pare-toi \u00e0 ce qu\u2019il y ait des retards. Il faut parfois beaucoup de temps avant qu\u2019une cause soit entendue par la cour.<\/li>\n<li>Avant le proc\u00e8s, il se peut que tu rencontres l\u2019avocat qui expliquera au juge les raisons pour lesquelles la personne accus\u00e9e du crime devrait \u00eatre d\u00e9clar\u00e9e coupable. Cet avocat est le procureur de la Couronne. Le procureur de la Couronne examinera la d\u00e9claration que tu as donn\u00e9e \u00e0 la police au moment o\u00f9 tu as signal\u00e9 le crime, et il te parlera du genre de questions qui pourraient t\u2019\u00eatre pos\u00e9es en cour.<\/li>\n<li>Il ne sert \u00e0 rien de te pratiquer ou d\u2019apprendre par coeur ce que tu diras en cour. Tu ne peux pas vraiment savoir quelles questions on te posera.<\/li>\n<li>Si tu te sens mal \u00e0 l\u2019aise pour parler de ce qui t\u2019est arriv\u00e9 ou si tu as peur de te retrouver face \u00e0 la personne accus\u00e9e dans la salle d\u2019audience, parle au procureur de la Couronne ou au coordonnateur des Services aux victimes. Il y a des moyens qui peuvent \u00eatre pris pour faciliter ton t\u00e9moignage en cour.<\/li>\n<\/ul>\n<\/div><\/div><\/div><div class=\"fusion-panel panel-default panel-df0aa23e701fbb5a8 fusion-toggle-has-divider\" style=\"--awb-title-color:var(--awb-color8);--awb-content-color:var(--awb-color8);\"><div class=\"panel-heading\"><h4 class=\"panel-title toggle\" id=\"toggle_df0aa23e701fbb5a8\"><a aria-expanded=\"false\" aria-controls=\"df0aa23e701fbb5a8\" role=\"button\" data-toggle=\"collapse\" data-target=\"#df0aa23e701fbb5a8\" href=\"#df0aa23e701fbb5a8\"><span class=\"fusion-toggle-icon-wrapper\" aria-hidden=\"true\"><i class=\"fa-fusion-box active-icon awb-icon-minus\" aria-hidden=\"true\"><\/i><i class=\"fa-fusion-box inactive-icon awb-icon-plus\" aria-hidden=\"true\"><\/i><\/span><span class=\"fusion-toggle-heading\">En cour<\/span><\/a><\/h4><\/div><div id=\"df0aa23e701fbb5a8\" class=\"panel-collapse collapse \" aria-labelledby=\"toggle_df0aa23e701fbb5a8\"><div class=\"panel-body toggle-content fusion-clearfix\">\n<p>Ton coordonnateur des Services aux victimes peut t\u2019expliquer ce qui se passera en cour et comment tu dois te comporter dans la salle d\u2019audience. Savoir \u00e0 quoi s\u2019attendre facilite les choses. Voici quelques conseils :<\/p>\n<ul>\n<li>L\u00e8ve-toi quand le juge entre dans la salle d\u2019audience; tout le monde reste debout jusqu\u2019\u00e0 ce que le juge s\u2019assoie.<\/li>\n<li>L\u00e8ve-toi quand tu t\u2019adresses \u00e0 la cour ou lorsque le juge te parle.<\/li>\n<li>Fais preuve de politesse et de respect. \u00c0 la Cour provinciale, on s\u2019adresse au juge en l\u2019appelant \u00ab Votre Honneur \u00bb, et \u00e0 la Cour du Banc de la Reine, en l\u2019appelant \u00ab Madame la juge \u00bb ou \u00ab Monsieur le juge \u00bb.<\/li>\n<li>Habille-toi convenablement. Une comparution en cour, c\u2019est s\u00e9rieux. \u00c9vite de porter un chapeau dans la salle d\u2019audience.<\/li>\n<li>Parle clairement et seulement quand c\u2019est \u00e0 ton tour.<\/li>\n<li>Il est interdit d\u2019apporter de la nourriture, des boissons ou de la gomme \u00e0 m\u00e2cher dans la salle d\u2019audience.<\/li>\n<li>Ferme ton cellulaire et ton lecteur de musique avant d\u2019entrer dans la salle d\u2019audience.<\/li>\n<\/ul>\n<p>Dans certaines situ\u00acations, par exemple s\u2019il y a eu agression sexuelle, il peut \u00eatre difficile de raconter ce qui est arriv\u00e9 en pr\u00e9sence de tes parents. Si tu penses que tu te sen\u00actiras mal \u00e0 l\u2019aise en leur pr\u00e9sence, tu peux demander \u00e0 tes parents de quitter la salle d\u2019audience pendant ton t\u00e9moignage. Tes parents peuvent t\u2019appuyer sans se trouver dans la salle. Il est possible de prendre des dispositions pour qu\u2019un coordonnateur des Services aux victimes, un b\u00e9n\u00e9vole ayant re\u00e7u une formation, un ami ou un membre de la famille s\u2019assoie \u00e0 c\u00f4t\u00e9 de toi pendant que tu racontes \u00e0 la cour ce qui s\u2019est pass\u00e9 si cela facilite ton t\u00e9moignage. Les Services aux victimes t\u2019expliqueront les options possibles et les moyens qui peuvent \u00eatre utilis\u00e9s pour t\u2019aider \u00e0 t\u00e9moigner.<\/p>\n<\/div><\/div><\/div><div class=\"fusion-panel panel-default panel-94826404b89fd2117 fusion-toggle-has-divider\" style=\"--awb-title-color:var(--awb-color8);--awb-content-color:var(--awb-color8);\"><div class=\"panel-heading\"><h4 class=\"panel-title toggle\" id=\"toggle_94826404b89fd2117\"><a aria-expanded=\"false\" aria-controls=\"94826404b89fd2117\" role=\"button\" data-toggle=\"collapse\" data-target=\"#94826404b89fd2117\" href=\"#94826404b89fd2117\"><span class=\"fusion-toggle-icon-wrapper\" aria-hidden=\"true\"><i class=\"fa-fusion-box active-icon awb-icon-minus\" aria-hidden=\"true\"><\/i><i class=\"fa-fusion-box inactive-icon awb-icon-plus\" aria-hidden=\"true\"><\/i><\/span><span class=\"fusion-toggle-heading\">Soutien continu des Services aux victimes<\/span><\/a><\/h4><\/div><div id=\"94826404b89fd2117\" class=\"panel-collapse collapse \" aria-labelledby=\"toggle_94826404b89fd2117\"><div class=\"panel-body toggle-content fusion-clearfix\">\n<p>\u00c0 l\u2019issue du proc\u00e8s, les Services aux victimes organiseront une r\u00e9union avec toi et tes parents pour parler de ce qui s\u2019est pass\u00e9 dans la salle d\u2019audience et expliquer les raisons qui sous-tendent la d\u00e9cision de la cour. Ton coordonnateur des Services aux victimes peut aussi fixer un rendez-vous avec le procureur de la Couronne si tu as d\u2019autres questions.<\/p>\n<p>Lorsqu\u2019une personne accus\u00e9e est d\u00e9clar\u00e9e coupable, une date est fix\u00e9e pour \u00ab l\u2019audience de d\u00e9termination de la peine \u00bb. \u00c0 cette audience, toi et les autres victimes du crime avez l\u2019occasion de donner au juge de l\u2019information sur les r\u00e9percussions que le crime a eu sur vous, les victimes. Tu peux choisir d\u2019\u00e9crire une d\u00e9claration de la victime sur les r\u00e9percussions du crime. Ton coordonnateur des Services aux victimes t\u2019aidera \u00e0 remplir les formulaires et t\u2019expliquera les informations que le juge prendra en consid\u00e9ration dans la d\u00e9termination de la peine.<\/p>\n<p>\u00c0 l\u2019audience de d\u00e9termination de la peine, tu peux, si tu le veux, lire ta d\u00e9claration \u00e0 voix haute dans la salle d\u2019audience. Le juge tiendra compte de ce que tu as \u00e9crit m\u00eame si tu ne veux pas lire ta d\u00e9claration. Le juge prendra en consid\u00e9ration les r\u00e9percussions que le crime a eues pour toi ainsi que d\u2019autres facteurs dans la d\u00e9termination de la peine de la personne d\u00e9clar\u00e9e coupable.<\/p>\n<\/div><\/div><\/div><div class=\"fusion-panel panel-default panel-af9bae6096d282c3d fusion-toggle-has-divider\" style=\"--awb-title-color:var(--awb-color8);--awb-content-color:var(--awb-color8);\"><div class=\"panel-heading\"><h4 class=\"panel-title toggle\" id=\"toggle_af9bae6096d282c3d\"><a aria-expanded=\"false\" aria-controls=\"af9bae6096d282c3d\" role=\"button\" data-toggle=\"collapse\" data-target=\"#af9bae6096d282c3d\" href=\"#af9bae6096d282c3d\"><span class=\"fusion-toggle-icon-wrapper\" aria-hidden=\"true\"><i class=\"fa-fusion-box active-icon awb-icon-minus\" aria-hidden=\"true\"><\/i><i class=\"fa-fusion-box inactive-icon awb-icon-plus\" aria-hidden=\"true\"><\/i><\/span><span class=\"fusion-toggle-heading\">Inscription pour la notification aux victimes<\/span><\/a><\/h4><\/div><div id=\"af9bae6096d282c3d\" class=\"panel-collapse collapse \" aria-labelledby=\"toggle_af9bae6096d282c3d\"><div class=\"panel-body toggle-content fusion-clearfix\">\n<p>Si la personne est condamn\u00e9e \u00e0 la d\u00e9tention dans une prison ou un centre de jeunes, toi ou tes parents pourriez vouloir \u00eatre tenus au courant des d\u00e9cisions qui seront prises au sujet de sa lib\u00e9ration. Tes parents doivent s\u2019inscrire pour recevoir cette information. Demande aux Services aux victimes comment s\u2019inscrire pour recevoir de l\u2019information au sujet de la lib\u00e9ration du contrevenant.<\/p>\n<\/div><\/div><\/div><\/div><\/div><\/div><\/div><\/div><\/div><\/p>\n","protected":false},"excerpt":{"rendered":"","protected":false},"author":1,"featured_media":0,"parent":620,"menu_order":0,"comment_status":"closed","ping_status":"closed","template":"","meta":{"footnotes":""},"categories":[44,51],"tags":[],"class_list":["post-418","page","type-page","status-publish","hentry","category-law-topics-fr","category-victimes-actes-criminels"],"_links":{"self":[{"href":"https:\/\/legalinfonb.ca\/fr\/wp-json\/wp\/v2\/pages\/418","targetHints":{"allow":["GET"]}}],"collection":[{"href":"https:\/\/legalinfonb.ca\/fr\/wp-json\/wp\/v2\/pages"}],"about":[{"href":"https:\/\/legalinfonb.ca\/fr\/wp-json\/wp\/v2\/types\/page"}],"author":[{"embeddable":true,"href":"https:\/\/legalinfonb.ca\/fr\/wp-json\/wp\/v2\/users\/1"}],"replies":[{"embeddable":true,"href":"https:\/\/legalinfonb.ca\/fr\/wp-json\/wp\/v2\/comments?post=418"}],"version-history":[{"count":2,"href":"https:\/\/legalinfonb.ca\/fr\/wp-json\/wp\/v2\/pages\/418\/revisions"}],"predecessor-version":[{"id":420,"href":"https:\/\/legalinfonb.ca\/fr\/wp-json\/wp\/v2\/pages\/418\/revisions\/420"}],"up":[{"embeddable":true,"href":"https:\/\/legalinfonb.ca\/fr\/wp-json\/wp\/v2\/pages\/620"}],"wp:attachment":[{"href":"https:\/\/legalinfonb.ca\/fr\/wp-json\/wp\/v2\/media?parent=418"}],"wp:term":[{"taxonomy":"category","embeddable":true,"href":"https:\/\/legalinfonb.ca\/fr\/wp-json\/wp\/v2\/categories?post=418"},{"taxonomy":"post_tag","embeddable":true,"href":"https:\/\/legalinfonb.ca\/fr\/wp-json\/wp\/v2\/tags?post=418"}],"curies":[{"name":"wp","href":"https:\/\/api.w.org\/{rel}","templated":true}]}}