{"id":446,"date":"2024-02-21T15:09:59","date_gmt":"2024-02-21T15:09:59","guid":{"rendered":"https:\/\/legalinfonb.ca\/info-legale\/criminelle\/victims-of-crime-not-criminally-responsible-accused\/"},"modified":"2024-08-21T12:51:17","modified_gmt":"2024-08-21T12:51:17","slug":"victimes-crime-accuses-declares-criminellement-responsables","status":"publish","type":"page","link":"https:\/\/legalinfonb.ca\/fr\/info-legale\/victimes-de-crime\/victimes-crime-accuses-declares-criminellement-responsables\/","title":{"rendered":"Des victimes de crime : Accus\u00e9s d\u00e9clar\u00e9s non criminellement responsables"},"content":{"rendered":"<p><div class=\"fusion-fullwidth fullwidth-box fusion-builder-row-1 fusion-flex-container has-pattern-background has-mask-background nonhundred-percent-fullwidth non-hundred-percent-height-scrolling\" style=\"--awb-border-radius-top-left:0px;--awb-border-radius-top-right:0px;--awb-border-radius-bottom-right:0px;--awb-border-radius-bottom-left:0px;--awb-flex-wrap:wrap;\" ><div class=\"fusion-builder-row fusion-row fusion-flex-align-items-flex-start fusion-flex-content-wrap\" style=\"max-width:104%;margin-left: calc(-4% \/ 2 );margin-right: calc(-4% \/ 2 );\"><div class=\"fusion-layout-column fusion_builder_column fusion-builder-column-0 fusion_builder_column_1_1 1_1 fusion-flex-column\" style=\"--awb-bg-size:cover;--awb-width-large:100%;--awb-margin-top-large:0px;--awb-spacing-right-large:1.92%;--awb-margin-bottom-large:20px;--awb-spacing-left-large:1.92%;--awb-width-medium:100%;--awb-order-medium:0;--awb-spacing-right-medium:1.92%;--awb-spacing-left-medium:1.92%;--awb-width-small:100%;--awb-order-small:0;--awb-spacing-right-small:1.92%;--awb-spacing-left-small:1.92%;\"><div class=\"fusion-column-wrapper fusion-column-has-shadow fusion-flex-justify-content-flex-start fusion-content-layout-column\"><div class=\"fusion-title title fusion-title-1 fusion-sep-none fusion-title-text fusion-title-size-one\"><h1 class=\"fusion-title-heading title-heading-left\" style=\"margin:0;\">Des victimes de crime : Accus\u00e9s d\u00e9clar\u00e9s non criminellement responsables<\/h1><\/div><\/div><\/div><\/div><\/div><div class=\"fusion-fullwidth fullwidth-box fusion-builder-row-2 fusion-flex-container has-pattern-background has-mask-background nonhundred-percent-fullwidth non-hundred-percent-height-scrolling\" style=\"--awb-border-radius-top-left:0px;--awb-border-radius-top-right:0px;--awb-border-radius-bottom-right:0px;--awb-border-radius-bottom-left:0px;--awb-flex-wrap:wrap;\" ><div class=\"fusion-builder-row fusion-row fusion-flex-align-items-flex-start fusion-flex-content-wrap\" style=\"max-width:104%;margin-left: calc(-4% \/ 2 );margin-right: calc(-4% \/ 2 );\"><div class=\"fusion-layout-column fusion_builder_column fusion-builder-column-1 fusion_builder_column_1_1 1_1 fusion-flex-column\" style=\"--awb-bg-size:cover;--awb-width-large:100%;--awb-margin-top-large:0px;--awb-spacing-right-large:1.92%;--awb-margin-bottom-large:20px;--awb-spacing-left-large:1.92%;--awb-width-medium:100%;--awb-order-medium:0;--awb-spacing-right-medium:1.92%;--awb-spacing-left-medium:1.92%;--awb-width-small:100%;--awb-order-small:0;--awb-spacing-right-small:1.92%;--awb-spacing-left-small:1.92%;\"><div class=\"fusion-column-wrapper fusion-column-has-shadow fusion-flex-justify-content-flex-start fusion-content-layout-column\"><div class=\"fusion-text fusion-text-1\"><p>Ce texte a pour but d\u2019expliquer aux victimes d\u2019actes criminels ce qui se passe si la personne accus\u00e9e d\u2019un acte criminel est jug\u00e9e non criminellement responsable pour cause d\u2019ali\u00e9nation mentale.\u00a0Beaucoup de gens, y compris les victimes, ne savent pas comment le syst\u00e8me de justice traite les cas impliquant des accus\u00e9s atteint de troubles mentaux. Pr\u00e9cisons d\u2019abord que, contrairement \u00e0 ce qu\u2019on pense, ils ne sont pas acquitt\u00e9s. Ce d\u00e9pliant explique le r\u00f4le que joue la commission d\u2019examen du Code criminel dans l\u2019\u00e9valuation de l\u2019accus\u00e9 et le rendu de d\u00e9cision. Il aidera aussi les victimes \u00e0 comprendre leurs droits, entre autre comment faire une d\u00e9claration \u00e9crite \u00e0 l\u2019audience du commission d\u2019examen, se renseigner sur l\u2019accus\u00e9 et conna\u00eetre l\u2019\u00e9tat du dossier.<\/p>\n<p><strong>Que veut dire \u00ab non criminellement responsable \u00bb?<\/strong><\/p>\n<p>Cela signifie que le juge ou le jury a rendu le verdict suivant :<\/p>\n<ul>\n<li>L\u2019accus\u00e9 a commis le d\u00e9lit.<\/li>\n<li>Au moment du d\u00e9lit, l\u2019accus\u00e9 souffrait de troubles mentaux qui l\u2019ont emp\u00each\u00e9 d\u2019en juger la nature et la qualit\u00e9.<\/li>\n<li>L\u2019accus\u00e9 ne comprenait pas que c\u2019\u00e9tait mal.<\/li>\n<\/ul>\n<p><strong>Qu\u2019est-ce qui se passe quand le tribunal d\u00e9clare l\u2019accus\u00e9 \u00ab non criminellement responsable \u00bb?<\/strong><\/p>\n<p>Pour d\u00e9terminer ce qui arrivera \u00e0 l\u2019accus\u00e9, le tribunal a l\u2019une ou l\u2019autre des options suivantes :<\/p>\n<ul>\n<li>Tenir une audience de d\u00e9termination de la peine et formuler une premi\u00e8re ordonnance portant d\u00e9cision; la commission d\u2019examen aura alors 90 jours \u00e0 partir du moment du verdict pour tenir une audience.<\/li>\n<\/ul>\n<p>ou<\/p>\n<ul>\n<li>Renvoyer le cas au commission d\u2019examen, \u00e9tabli conform\u00e9ment au\u00a0<a href=\"https:\/\/laws-lois.justice.gc.ca\/fra\/lois\/c-46\/\" target=\"_blank\" rel=\"noopener\">Code criminel<\/a>, aux fins de d\u00e9cision. Ce dernier doit rendre une d\u00e9cision initiale dans les 45 jours suivant la date du verdict, \u00e0 moins que le tribunal d\u00e9cide de prolonger la p\u00e9riode \u00e0 90 jours.<\/li>\n<\/ul>\n<p><strong>Qu\u2019est-ce que le comit\u00e9 de r\u00e9vision?<\/strong><\/p>\n<p>La commission d\u2019examen est nomm\u00e9e conform\u00e9ment au\u00a0<a href=\"https:\/\/laws-lois.justice.gc.ca\/fra\/lois\/c-46\/\" target=\"_blank\" rel=\"noopener\">Code criminel<\/a><em>\u00a0<\/em>pour rendre ou r\u00e9viser une d\u00e9cision concernant des personnes accus\u00e9es et d\u00e9clar\u00e9es inaptes \u00e0 subir un proc\u00e8s ou\u00a0<strong>non criminellement responsables pour cause d\u2019ali\u00e9nation mentale<\/strong>. Cette commission est compos\u00e9e d\u2019au moins cinq membres. Elle doit \u00eatre pr\u00e9sid\u00e9e par un juge, actif ou \u00e0 la retraite, ou une personne comp\u00e9tente \u00e0 ce titre. Elle doit aussi comprendre au moins un psychiatre autoris\u00e9. Quand la commission si\u00e8ge, au moins trois membres doivent \u00eatre pr\u00e9sents, dont le pr\u00e9sident et le psychiatre.<\/p>\n<p><strong>De quelle nature peuvent \u00eatre les ordonnances du tribunal ou de la commission d\u2019examen?<\/strong><\/p>\n<p>Le tribunal ou la commission d\u2019examen peut rendre les d\u00e9cisions suivantes concernant l\u2019accus\u00e9 atteint de troubles mentaux :<\/p>\n<ul>\n<li>L\u2019accus\u00e9 peut \u00eatre d\u00e9tenu dans un h\u00f4pital psychiatrique jusqu\u2019\u00e0 ce que la commission d\u2019examen recommande une absolution sous condition ou inconditionnelle.<\/li>\n<li>L\u2019accus\u00e9 peut \u00eatre autoris\u00e9 \u00e0 vivre dans la communaut\u00e9 sous la supervision d\u2019intervenants en sant\u00e9 mentale. C\u2019est ce qu\u2019on appelle l\u2019absolution sous condition.<\/li>\n<li>L\u2019accus\u00e9 peut jouir d\u2019une absolution inconditionnelle. Cela signifie que l\u2019accus\u00e9 est lib\u00e9r\u00e9 sans condition dans la communaut\u00e9.<\/li>\n<\/ul>\n<p>Ces trois d\u00e9cisions n\u2019impliquent pas n\u00e9cessairement une progression dans le temps. Dans certains cas, l\u2019accus\u00e9 peut \u00eatre lib\u00e9r\u00e9 imm\u00e9diatement dans la communaut\u00e9, sans aucune d\u00e9tention dans un h\u00f4pital psychiatrique.<\/p>\n<p><strong>Est-ce que la commission d\u2019examen r\u00e9\u00e9value souvent un accus\u00e9 qui n\u2019est pas tenu criminellement responsable?<\/strong><\/p>\n<p>La commission doit faire une \u00e9valuation annuelle des accus\u00e9s intern\u00e9s dans un h\u00f4pital psychiatrique ou qui jouissent d\u2019une absolution sous condition. Certains cas peuvent \u00eatre \u00e9valu\u00e9s plus souvent, si c\u2019est dans l\u2019int\u00e9r\u00eat de l\u2019accus\u00e9 et de la s\u00e9curit\u00e9 publique.<\/p>\n<p><strong>Est-ce qu\u2019on informe les victimes des audiences du comit\u00e9?<\/strong><\/p>\n<p>Quand la commission d\u2019examen fixe une date pour la premi\u00e8re audience, il en informe les Services aux victimes qui, \u00e0 leur tour, communiquent avec les victimes pour leur expliquer qu\u2019elles peuvent s\u2019inscrire pour conna\u00eetre la date et l\u2019endroit de l\u2019audience et \u00eatre inform\u00e9es des futures audiences. Par la suite, la commission d\u2019examen informe les Services aux victimes des dates des audiences et des d\u00e9cisions. Les Services aux victimes informent \u00e0 leur tour les victimes inscrites et leur expliquent qu\u2019elles ont le droit de pr\u00e9parer une\u00a0<a href=\"https:\/\/legalinfonb.ca\/fr\/info-legale\/victimes-de-crime\/programme-declaration-repercussions-du-crime\/\">d\u00e9claration \u00e9crite<\/a>\u00a0dont le comit\u00e9 tiendra compte.<\/p>\n<p><strong>Est-ce que les victimes ont un r\u00f4le \u00e0 jouer aux audiences du comit\u00e9 de r\u00e9vision?<\/strong><\/p>\n<p>Oui. Si les victimes d\u00e9cident de pr\u00e9parer une\u00a0<a href=\"https:\/\/legalinfonb.ca\/fr\/info-legale\/victimes-de-crime\/programme-declaration-repercussions-du-crime\/\">d\u00e9claration \u00e9crite<\/a>, les Services aux victimes sont responsables de la transmettre au pr\u00e9sident; elle sera alors distribu\u00e9e aux membres et prise en consid\u00e9ration. S\u2019il survient un changement important dans les cons\u00e9quences du crime sur les victimes, ces derni\u00e8res peuvent mettre \u00e0 jour leur d\u00e9claration \u00e9crite pour l\u2019audience suivante. La commission d\u2019examen en tiendra compte. Elle consid\u00e9rera ces nouveaux \u00e9l\u00e9ments dans sa d\u00e9cision concernant l\u2019accus\u00e9 s\u2019il n\u2019est pas tenu criminellement responsable.<\/p>\n<p><strong>Est-ce que les victimes peuvent lire leur d\u00e9claration \u00e9crite aux audiences du comit\u00e9 de r\u00e9vision?<\/strong><\/p>\n<p>Les victimes peuvent mentionner dans leur d\u00e9claration qu\u2019elles veulent la lire aux audiences du comit\u00e9 de r\u00e9vision. Elles peuvent aussi le dire au coordonnateur des Services aux victimes, qui avisera le pr\u00e9sident de la commission. Les audiences se tiennent dans le lieu de r\u00e9sidence de l\u2019accus\u00e9, c\u2019est-\u00e0-dire dans un centre prot\u00e9g\u00e9 ou dans la communaut\u00e9. La permission de faire une d\u00e9claration \u00e0 l\u2019audience doit \u00eatre accord\u00e9e par la commission d\u2019examen.<\/p>\n<p><strong>Si la victime est autoris\u00e9e \u00e0 assister \u00e0 l\u2019audience, existe-t-il l\u2019aide financier pour voyager?<\/strong><\/p>\n<p>Peut-\u00eatre. Si la commission d\u2019examen accepte que la victime qui en a fait la demande fasse sa d\u00e9claration \u00e0 l\u2019audience, elle doit prendre ses propres arrangements pour le transport. Il est recommand\u00e9 de communiquer avec les Services aux victimes avant l\u2019audience pour savoir si on est admissible \u00e0 de l\u2019aide financi\u00e8re pour se rendre au lieu de l\u2019audience et quelles d\u00e9penses sont couvertes.<\/p>\n<p><strong>Et si la victime veut seulement \u00eatre mise au courant des d\u00e9cisions?<\/strong><\/p>\n<p>Les victimes qui ne veulent pas n\u00e9cessairement faire de d\u00e9claration peuvent s\u2019inscrire aupr\u00e8s des Services aux victimes pour \u00eatre inform\u00e9es des d\u00e9cisions. Les Services aux victimes communiquent cette information aux victimes inscrites. Si la victime ne s\u2019inscrit pas au moment du verdict de non-responsabilit\u00e9 criminelle, elle peut s\u2019inscrire plus tard.<\/p>\n<p><strong>Comment se passent les audiences du la commission d\u2019examen?<\/strong><\/p>\n<p>La commission d\u2019examen rend une d\u00e9cision par ordonnance. Pour ce faire, elle consid\u00e8re des facteurs comme les rapports psychiatriques, les rapports d\u2019\u00e9valuation des soins de longue dur\u00e9e et d\u2019autres rapports sur la sant\u00e9 mentale de l\u2019accus\u00e9 ainsi que les preuves pr\u00e9sent\u00e9es par les t\u00e9moins. La commission doit d\u2019abord d\u00e9terminer s\u2019il y a eu des changements dans les circonstances de l\u2019accus\u00e9 depuis la derni\u00e8re fois o\u00f9 une d\u00e9cision a \u00e9t\u00e9 rendue ou r\u00e9vis\u00e9e, puis d\u00e9cider si ces nouveaux \u00e9l\u00e9ments justifient l\u2019absolution de l\u2019accus\u00e9. Quand elle rend une d\u00e9cision par ordonnance, la commission doit \u00e9tablir un \u00e9quilibre entre deux enjeux : prot\u00e9ger le public des personnes dangereuses et tenir compte des besoins de l\u2019accus\u00e9.<\/p>\n<p><strong>Si la commission d\u2019examen d\u00e9cide d\u2019une absolution sous condition, est-ce qu\u2019il impose des restrictions \u00e0 l\u2019accus\u00e9?<\/strong><\/p>\n<p>Oui, la commission d\u2019examen peut ordonner des \u00ab conditions d\u2019absolution \u00bb \u00e0 l\u2019accus\u00e9; par exemple, sp\u00e9cifier son lieu de r\u00e9sidence et lui imposer de respecter la paix et d\u2019avoir de bons comportements, l\u2019obliger \u00e0 des visites \u00e0 un centre communautaire de sant\u00e9 mentale pour un suivi avec un psychiatre et d\u2019autres professionnels de la sant\u00e9. La commission peut aussi interdire \u00e0 l\u2019accus\u00e9 de consommer des drogues illicites et de l\u2019alcool, d\u2019\u00eatre en possession d\u2019une arme \u00e0 feu ou d\u2019autres types d\u2019armes et de sortir dans ou de sa communaut\u00e9 de r\u00e9sidence.<\/p>\n<p>Finalement, la commission peut interdire \u00e0 l\u2019accus\u00e9 d\u2019entrer en contact avec la ou les victimes et d\u2019autres personnes. Une victime qui a des pr\u00e9occupations \u00e0 ce sujet devrait en parler aux Services aux victimes; ils demanderont au procureur de la Couronne de demander cette condition.<\/p>\n<p><strong>Et si l\u2019accus\u00e9 ne respecte pas une condition?<\/strong><\/p>\n<p>Le d\u00e9faut de respecter les conditions peut aboutir \u00e0 une arrestation, une comparution en cour ou une r\u00e9vision du cas par le comit\u00e9 de r\u00e9vision. Par exemple, si l\u2019accus\u00e9 ne respecte pas une condition et entre en contact avec une victime, cette derni\u00e8re devrait t\u00e9l\u00e9phoner \u00e0 la police qui, \u00e0 son tour, peut arr\u00eater l\u2019accus\u00e9 sans mandat s\u2019il y a lieu de croire au non respect d\u2019une condition. Si l\u2019accus\u00e9 est arr\u00eat\u00e9, il compara\u00eetra en cour et le juge d\u00e9terminera s\u2019il a bel et bien manqu\u00e9 \u00e0 ses conditions. En attendant l\u2019audience du commission d\u2019examen, le juge peut soit lib\u00e9rer l\u2019accus\u00e9 soit ordonner sa d\u00e9tention dans un h\u00f4pital. Quant \u00e0 la commission, elle peut r\u00e9viser le cas en n\u2019importe quel temps \u00e0 sa discr\u00e9tion; c\u2019est ce qu\u2019on appelle une audience discr\u00e9tionnaire.<\/p>\n<p><strong>Une victime peut-elle obtenir d\u2019autres renseignements sur l\u2019accus\u00e9 qui n\u2019est pas tenu criminellement responsable?<\/strong><\/p>\n<p>Oui. En plus d\u2019\u00eatre avis\u00e9e des dates, lieux et d\u00e9cisions des audiences, la victime peut aussi \u00eatre notifi\u00e9e des reseignements suivants :<\/p>\n<ul>\n<li>\u00e0 quel endroit l\u2019accus\u00e9 est lib\u00e9r\u00e9 sous condition;<\/li>\n<li>le nom de l\u2019\u00e9tablissement o\u00f9 l\u2019accus\u00e9 est hospitalis\u00e9;<\/li>\n<li>dans quelle province l\u2019accus\u00e9 est transf\u00e9r\u00e9 pour traitements;<\/li>\n<li>que l\u2019accus\u00e9 est mort s\u2019il \u00e9tait d\u00e9tenu dans un h\u00f4pital psychiatrique.<\/li>\n<\/ul>\n<p><strong>Pendant combien de temps la victime sera-t-elle inform\u00e9e (p. ex. avis sur les audiences)?<\/strong><\/p>\n<p>La victime inscrite aupr\u00e8s des Services aux victimes continuera \u00e0 \u00eatre avis\u00e9e des audiences et des d\u00e9cisions tant et aussi longtemps qu\u2019elle souhaite obtenir des renseignements sur la r\u00e9vision annuelle ou jusqu\u2019\u00e0 ce que la commission d\u2019examen ait accord\u00e9 l\u2019absolution inconditionnelle \u00e0 l\u2019accus\u00e9.<\/p>\n<p><strong>Est-ce que la victime peut consulter le dossier m\u00e9dical de l\u2019accus\u00e9?<\/strong><\/p>\n<p>Non, la victime n\u2019a pas acc\u00e8s au dossier m\u00e9dical de l\u2019accus\u00e9 ni aux rapports psychiatriques. Ce sont des documents confidentiels. Elle n\u2019a droit qu\u2019aux renseignements d\u00e9crits plus haut. Quand un accus\u00e9 b\u00e9n\u00e9ficie d\u2019une absolution inconditionnelle, la victime n\u2019a plus acc\u00e8s \u00e0 ces renseignements qui sont prot\u00e9g\u00e9s par les lois sur la protection de la vie priv\u00e9e. Cependant, dans des circonstances sp\u00e9ciales, la commission d\u2019examen pourrait donner certains renseignements aux victimes, comme la date de lib\u00e9ration de l\u2019accus\u00e9.<\/p>\n<\/div><\/div><\/div><\/div><\/div><\/p>\n","protected":false},"excerpt":{"rendered":"","protected":false},"author":1,"featured_media":0,"parent":620,"menu_order":0,"comment_status":"closed","ping_status":"closed","template":"","meta":{"footnotes":""},"categories":[44,51],"tags":[],"class_list":["post-446","page","type-page","status-publish","hentry","category-law-topics-fr","category-victimes-actes-criminels"],"_links":{"self":[{"href":"https:\/\/legalinfonb.ca\/fr\/wp-json\/wp\/v2\/pages\/446","targetHints":{"allow":["GET"]}}],"collection":[{"href":"https:\/\/legalinfonb.ca\/fr\/wp-json\/wp\/v2\/pages"}],"about":[{"href":"https:\/\/legalinfonb.ca\/fr\/wp-json\/wp\/v2\/types\/page"}],"author":[{"embeddable":true,"href":"https:\/\/legalinfonb.ca\/fr\/wp-json\/wp\/v2\/users\/1"}],"replies":[{"embeddable":true,"href":"https:\/\/legalinfonb.ca\/fr\/wp-json\/wp\/v2\/comments?post=446"}],"version-history":[{"count":4,"href":"https:\/\/legalinfonb.ca\/fr\/wp-json\/wp\/v2\/pages\/446\/revisions"}],"predecessor-version":[{"id":1425,"href":"https:\/\/legalinfonb.ca\/fr\/wp-json\/wp\/v2\/pages\/446\/revisions\/1425"}],"up":[{"embeddable":true,"href":"https:\/\/legalinfonb.ca\/fr\/wp-json\/wp\/v2\/pages\/620"}],"wp:attachment":[{"href":"https:\/\/legalinfonb.ca\/fr\/wp-json\/wp\/v2\/media?parent=446"}],"wp:term":[{"taxonomy":"category","embeddable":true,"href":"https:\/\/legalinfonb.ca\/fr\/wp-json\/wp\/v2\/categories?post=446"},{"taxonomy":"post_tag","embeddable":true,"href":"https:\/\/legalinfonb.ca\/fr\/wp-json\/wp\/v2\/tags?post=446"}],"curies":[{"name":"wp","href":"https:\/\/api.w.org\/{rel}","templated":true}]}}