{"id":4710,"date":"2026-01-29T13:03:16","date_gmt":"2026-01-29T17:03:16","guid":{"rendered":"https:\/\/legalinfonb.ca\/?page_id=4710"},"modified":"2026-01-29T13:03:17","modified_gmt":"2026-01-29T17:03:17","slug":"location-avec-des-colocataires","status":"publish","type":"page","link":"https:\/\/legalinfonb.ca\/fr\/info-legale\/proprietaire-et-locataire\/location-avec-des-colocataires\/","title":{"rendered":"Location avec des colocataires"},"content":{"rendered":"<p><div class=\"fusion-fullwidth fullwidth-box fusion-builder-row-1 fusion-flex-container has-pattern-background has-mask-background nonhundred-percent-fullwidth non-hundred-percent-height-scrolling\" style=\"--awb-border-radius-top-left:0px;--awb-border-radius-top-right:0px;--awb-border-radius-bottom-right:0px;--awb-border-radius-bottom-left:0px;--awb-flex-wrap:wrap;\" ><div class=\"fusion-builder-row fusion-row fusion-flex-align-items-flex-start fusion-flex-content-wrap\" style=\"max-width:104%;margin-left: calc(-4% \/ 2 );margin-right: calc(-4% \/ 2 );\"><div class=\"fusion-layout-column fusion_builder_column fusion-builder-column-0 fusion_builder_column_1_1 1_1 fusion-flex-column\" style=\"--awb-bg-size:cover;--awb-width-large:100%;--awb-margin-top-large:0px;--awb-spacing-right-large:1.92%;--awb-margin-bottom-large:20px;--awb-spacing-left-large:1.92%;--awb-width-medium:100%;--awb-order-medium:0;--awb-spacing-right-medium:1.92%;--awb-spacing-left-medium:1.92%;--awb-width-small:100%;--awb-order-small:0;--awb-spacing-right-small:1.92%;--awb-spacing-left-small:1.92%;\"><div class=\"fusion-column-wrapper fusion-column-has-shadow fusion-flex-justify-content-flex-start fusion-content-layout-column\"><div class=\"fusion-title title fusion-title-1 fusion-sep-none fusion-title-text fusion-title-size-one\"><h1 class=\"fusion-title-heading title-heading-left\" style=\"margin:0;\">Location avec des colocataires<\/h1><\/div><div class=\"fusion-text fusion-text-1\"><p>En signant un bail, vous concluez un contrat juridiquement contraignant. Il en va de m\u00eame lorsque vous signez un bail avec des colocataires. En tant que colocataires signataires du bail, vous \u00eates tous <strong>solidairement responsables<\/strong> des dommages caus\u00e9s au logement ainsi que du paiement int\u00e9gral et ponctuel du loyer. Par cons\u00e9quent, assurez-vous de bien choisir vos colocataires.<\/p>\n<\/div><\/div><\/div><\/div><\/div><div class=\"fusion-fullwidth fullwidth-box fusion-builder-row-2 fusion-flex-container has-pattern-background has-mask-background nonhundred-percent-fullwidth non-hundred-percent-height-scrolling\" style=\"--awb-border-radius-top-left:0px;--awb-border-radius-top-right:0px;--awb-border-radius-bottom-right:0px;--awb-border-radius-bottom-left:0px;--awb-flex-wrap:wrap;\" ><div class=\"fusion-builder-row fusion-row fusion-flex-align-items-flex-start fusion-flex-content-wrap\" style=\"max-width:104%;margin-left: calc(-4% \/ 2 );margin-right: calc(-4% \/ 2 );\"><div class=\"fusion-layout-column fusion_builder_column fusion-builder-column-1 fusion_builder_column_1_1 1_1 fusion-flex-column\" style=\"--awb-bg-size:cover;--awb-width-large:100%;--awb-margin-top-large:0px;--awb-spacing-right-large:1.92%;--awb-margin-bottom-large:20px;--awb-spacing-left-large:1.92%;--awb-width-medium:100%;--awb-order-medium:0;--awb-spacing-right-medium:1.92%;--awb-spacing-left-medium:1.92%;--awb-width-small:100%;--awb-order-small:0;--awb-spacing-right-small:1.92%;--awb-spacing-left-small:1.92%;\"><div class=\"fusion-column-wrapper fusion-column-has-shadow fusion-flex-justify-content-flex-start fusion-content-layout-column\"><div class=\"accordian fusion-accordian\" style=\"--awb-border-size:1px;--awb-icon-size:36px;--awb-content-font-size:var(--awb-typography4-font-size);--awb-icon-alignment:right;--awb-hover-color:var(--awb-color2);--awb-border-color:var(--awb-color2);--awb-background-color:var(--awb-color1);--awb-divider-color:var(--awb-color2);--awb-divider-hover-color:var(--awb-color2);--awb-icon-color:var(--awb-color2);--awb-title-color:var(--awb-color8);--awb-content-color:var(--awb-color8);--awb-icon-box-color:var(--awb-color8);--awb-toggle-hover-accent-color:var(--awb-color2);--awb-title-font-family:&quot;Montserrat&quot;;--awb-title-font-weight:700;--awb-title-font-style:normal;--awb-title-font-size:34px;--awb-content-font-family:&quot;Open Sans&quot;;--awb-content-font-style:normal;--awb-content-font-weight:400;\"><div class=\"panel-group fusion-toggle-icon-right fusion-toggle-icon-boxed\" id=\"accordion-4710-1\"><div class=\"fusion-panel panel-default panel-969f6990a555dc0ad fusion-toggle-has-divider\" style=\"--awb-title-color:var(--awb-color8);--awb-content-color:var(--awb-color8);\"><div class=\"panel-heading\"><h4 class=\"panel-title toggle\" id=\"toggle_969f6990a555dc0ad\"><a aria-expanded=\"false\" aria-controls=\"969f6990a555dc0ad\" role=\"button\" data-toggle=\"collapse\" data-target=\"#969f6990a555dc0ad\" href=\"#969f6990a555dc0ad\"><span class=\"fusion-toggle-icon-wrapper\" aria-hidden=\"true\"><i class=\"fa-fusion-box active-icon awb-icon-minus\" aria-hidden=\"true\"><\/i><i class=\"fa-fusion-box inactive-icon awb-icon-plus\" aria-hidden=\"true\"><\/i><\/span><span class=\"fusion-toggle-heading\">Signature d\u2019une entente entre colocataires<\/span><\/a><\/h4><\/div><div id=\"969f6990a555dc0ad\" class=\"panel-collapse collapse \" aria-labelledby=\"toggle_969f6990a555dc0ad\"><div class=\"panel-body toggle-content fusion-clearfix\">\n<p>Il est fortement recommand\u00e9 de signer un <a href=\"https:\/\/www2.snb.ca\/content\/dam\/snb\/tribunal\/RAForm_F.pdf\" target=\"_blank\" rel=\"noopener\">formulaire d\u2019entente entre colocataires<\/a> avant d\u2019emm\u00e9nager. Cette entente peut porter sur :<\/p>\n<ul>\n<li>Les r\u00e8gles concernant les invit\u00e9s, le tabagisme et les espaces communs,<\/li>\n<li>La r\u00e9partition du loyer et des charges entre colocataires,<\/li>\n<li>L\u2019organisation et la r\u00e9partition des t\u00e2ches d\u2019entretien du logement.<\/li>\n<\/ul>\n<p>Une entente entre colocataires ne modifie en rien votre bail, mais elle permet de pr\u00e9venir les d\u00e9saccords et facilite la r\u00e9solution des probl\u00e8mes \u00e9ventuels.<\/p>\n<\/div><\/div><\/div><div class=\"fusion-panel panel-default panel-5f9229fd22874432a fusion-toggle-has-divider\" style=\"--awb-title-color:var(--awb-color8);--awb-content-color:var(--awb-color8);\"><div class=\"panel-heading\"><h4 class=\"panel-title toggle\" id=\"toggle_5f9229fd22874432a\"><a aria-expanded=\"false\" aria-controls=\"5f9229fd22874432a\" role=\"button\" data-toggle=\"collapse\" data-target=\"#5f9229fd22874432a\" href=\"#5f9229fd22874432a\"><span class=\"fusion-toggle-icon-wrapper\" aria-hidden=\"true\"><i class=\"fa-fusion-box active-icon awb-icon-minus\" aria-hidden=\"true\"><\/i><i class=\"fa-fusion-box inactive-icon awb-icon-plus\" aria-hidden=\"true\"><\/i><\/span><span class=\"fusion-toggle-heading\">R\u00e9solution des conflits entre colocataires<\/span><\/a><\/h4><\/div><div id=\"5f9229fd22874432a\" class=\"panel-collapse collapse \" aria-labelledby=\"toggle_5f9229fd22874432a\"><div class=\"panel-body toggle-content fusion-clearfix\">\n<p>Les diff\u00e9rends entre colocataires sont fr\u00e9quents. Malheureusement, contrairement aux autres litiges locatifs, le Bureau des relations entre les locataires et les propri\u00e9taires (le Bureau) n\u2019interviendra pas pour r\u00e9gler un diff\u00e9rend entre vous et votre colocataire. Le Bureau n\u2019intervient que dans les litiges opposant locataires et propri\u00e9taires.<\/p>\n<p>En cas de probl\u00e8me avec votre colocataire, il vous appartiendra de trouver une solution ensemble.<\/p>\n<p><strong>Si votre colocataire refuse de payer le loyer<\/strong><\/p>\n<p>Dans le cas o\u00f9 vous et votre colocataire avez tous deux sign\u00e9 le bail, vous \u00eates <strong>solidairement responsables<\/strong> du paiement du loyer. Si votre colocataire ne paie pas sa part, vous pourriez devoir assumer la totalit\u00e9 du montant vous-m\u00eame. Le cas \u00e9ch\u00e9ant, informez-en votre propri\u00e9taire.<\/p>\n<p>\u00c0 moins que votre propri\u00e9taire ne propose une solution, 4 options s\u2019offrent \u00e0 vous :<\/p>\n<ul>\n<li>Discuter avec votre colocataire pour trouver un arrangement qui convienne aux deux parties,<\/li>\n<li>Tenter de trouver quelqu\u2019un pour remplacer votre colocataire sur le bail (si votre propri\u00e9taire et votre bail le permettent),<\/li>\n<li>Payer la part de loyer de votre colocataire, ou<\/li>\n<li>Tenter de r\u00e9silier votre bail et de trouver un nouveau logement. Attention : selon le type de bail, il se peut que vous soyez tenu de payer le loyer jusqu\u2019\u00e0 la fin du bail.<\/li>\n<\/ul>\n<p>Si vous finissez par payer la part de loyer de votre colocataire, vous pouvez poursuivre celui-ci devant la <a href=\"https:\/\/legalinfonb.ca\/fr\/info-legale\/cour-petites-creances\/?pub_id=null\">Cour des petites cr\u00e9ances<\/a> pour r\u00e9cup\u00e9rer cette somme. La Cour des petites cr\u00e9ances est comp\u00e9tente pour tout montant allant jusqu\u2019\u00e0 20\u2009000 $.<\/p>\n<p><strong>Si votre colocataire cause des dommages au logement<\/strong><\/p>\n<p>Si vous et votre colocataire avez tous deux sign\u00e9 le bail, vous \u00eates solidairement responsables de pr\u00e9venir et de r\u00e9parer tout dommage caus\u00e9 au logement par l\u2019un ou l\u2019autre des colocataires, ce qui signifie que vous \u00eates tenu de r\u00e9parer les dommages, m\u00eame si vous n\u2019en \u00eates pas responsable.<\/p>\n<p>\u00c0 moins que votre propri\u00e9taire ne propose une solution, 4 options s\u2019offrent \u00e0 vous :<\/p>\n<ul>\n<li>Discuter avec votre colocataire et lui demander de r\u00e9parer les dommages ou d\u2019en assumer les frais,<\/li>\n<li>R\u00e9partir le co\u00fbt des r\u00e9parations entre colocataires,<\/li>\n<li>Faire d\u00e9duire les frais de r\u00e9paration de votre d\u00e9p\u00f4t de garantie, ou<\/li>\n<li>Payer vous-m\u00eame les r\u00e9parations. Dans ce cas, vous pouvez poursuivre votre colocataire devant la <a href=\"https:\/\/legalinfonb.ca\/fr\/info-legale\/cour-petites-creances\/?pub_id=null\">Cour des petites cr\u00e9ances<\/a> pour r\u00e9cup\u00e9rer votre argent, d\u00e8s lors que le montant total ne d\u00e9passe pas 20\u2009000 $.<\/li>\n<\/ul>\n<\/div><\/div><\/div><div class=\"fusion-panel panel-default panel-d9b0b55f25efe4c4c fusion-toggle-has-divider\" style=\"--awb-title-color:var(--awb-color8);--awb-content-color:var(--awb-color8);\"><div class=\"panel-heading\"><h4 class=\"panel-title toggle\" id=\"toggle_d9b0b55f25efe4c4c\"><a aria-expanded=\"false\" aria-controls=\"d9b0b55f25efe4c4c\" role=\"button\" data-toggle=\"collapse\" data-target=\"#d9b0b55f25efe4c4c\" href=\"#d9b0b55f25efe4c4c\"><span class=\"fusion-toggle-icon-wrapper\" aria-hidden=\"true\"><i class=\"fa-fusion-box active-icon awb-icon-minus\" aria-hidden=\"true\"><\/i><i class=\"fa-fusion-box inactive-icon awb-icon-plus\" aria-hidden=\"true\"><\/i><\/span><span class=\"fusion-toggle-heading\">Si votre colocataire ne figure pas sur le bail<\/span><\/a><\/h4><\/div><div id=\"d9b0b55f25efe4c4c\" class=\"panel-collapse collapse \" aria-labelledby=\"toggle_d9b0b55f25efe4c4c\"><div class=\"panel-body toggle-content fusion-clearfix\">\n<p>Si un seul de vos colocataires signe le bail et paie le loyer au propri\u00e9taire, cette personne est le locataire au sens juridique. Les personnes qui vivent dans le logement sans avoir sign\u00e9 le bail :<\/p>\n<p>\u2022 N\u2019ont aucune responsabilit\u00e9 juridique \u00e0 l\u2019\u00e9gard du logement,<br \/>\n\u2022 Ne sont pas tenues de donner un pr\u00e9avis de d\u00e9part, et<br \/>\n\u2022 Ne b\u00e9n\u00e9ficient d\u2019aucun droit pr\u00e9vu par la <a href=\"https:\/\/laws.gnb.ca\/en\/pdf\/cs\/R-10.2.pdf\" target=\"_blank\" rel=\"noopener\"><em>Loi sur la location de locaux d\u2019habitation<\/em><\/a>.<\/p>\n<\/div><\/div><\/div><div class=\"fusion-panel panel-default panel-fc9817d18e61e5b37 fusion-toggle-has-divider\" style=\"--awb-title-color:var(--awb-color8);--awb-content-color:var(--awb-color8);\"><div class=\"panel-heading\"><h4 class=\"panel-title toggle\" id=\"toggle_fc9817d18e61e5b37\"><a aria-expanded=\"false\" aria-controls=\"fc9817d18e61e5b37\" role=\"button\" data-toggle=\"collapse\" data-target=\"#fc9817d18e61e5b37\" href=\"#fc9817d18e61e5b37\"><span class=\"fusion-toggle-icon-wrapper\" aria-hidden=\"true\"><i class=\"fa-fusion-box active-icon awb-icon-minus\" aria-hidden=\"true\"><\/i><i class=\"fa-fusion-box inactive-icon awb-icon-plus\" aria-hidden=\"true\"><\/i><\/span><span class=\"fusion-toggle-heading\">R\u00e9cup\u00e9ration du d\u00e9p\u00f4t de garantie<\/span><\/a><\/h4><\/div><div id=\"fc9817d18e61e5b37\" class=\"panel-collapse collapse \" aria-labelledby=\"toggle_fc9817d18e61e5b37\"><div class=\"panel-body toggle-content fusion-clearfix\">\n<p>\u00c0 la fin de votre bail, vous pouvez demander la <strong>restitution de votre d\u00e9p\u00f4t de garantie<\/strong>. Il convient que vous et vos colocataires demandiez le remboursement de votre d\u00e9p\u00f4t de garantie d\u00e8s que possible. Deux options s\u2019offrent \u00e0 vous :<\/p>\n<ul>\n<li>Si vous, vos colocataires et votre propri\u00e9taire <strong>vous entendez tous<\/strong> sur le montant du d\u00e9p\u00f4t \u00e0 restituer, remplissez ensemble la <a href=\"https:\/\/www.pxw1.snb.ca\/snb7001\/b\/1000\/CSS-FOL-SNB-45-7023B.pdf\" target=\"_blank\" rel=\"noopener\">demande de remboursement du d\u00e9p\u00f4t de garantie<\/a> et transmettez-la par courriel \u00e0 <a href=\"mailto:jeloue@snb.ca\" target=\"_blank\" rel=\"noopener\">jeloue@snb.ca<\/a> ou d\u00e9posez-la dans <a href=\"https:\/\/www2.snb.ca\/content\/snb\/fr\/emplacements.html\" target=\"_blank\" rel=\"noopener\">un bureau de Service Nouveau-Brunswick<\/a>. Pour recevoir votre remboursement, il est essentiel que tous les colocataires signent et indiquent leur adresse de r\u00e9exp\u00e9dition sur la derni\u00e8re page de ladite demande.<\/li>\n<li>Demandez la restitution de la totalit\u00e9 de votre d\u00e9p\u00f4t de garantie <a href=\"https:\/\/www.pxw1.snb.ca\/snb9000\/product.aspx?productid=A001PSN7008A&amp;l=f\" target=\"_blank\" rel=\"noopener\">en ligne<\/a> ou <a href=\"https:\/\/www.gnb.ca\/fr\/sujet\/famille-foyer-collectivite\/logement-biens\/depots.html#:~:text=Autres%20modalit%C3%A9s%20de,PDF%20406%20Ko)\" target=\"_blank\" rel=\"noopener\">en personne<\/a> dans <a href=\"https:\/\/www2.snb.ca\/content\/snb\/fr\/emplacements.html\" target=\"_blank\" rel=\"noopener\">un bureau de Service Nouveau-Brunswick<\/a>. Chaque colocataire doit d\u00e9poser sa propre demande. Le Bureau vous contactera si votre propri\u00e9taire conteste votre demande et r\u00e9clame une partie de votre d\u00e9p\u00f4t.<\/li>\n<\/ul>\n<p>Si deux locataires ou plus figurent sur le bail, le d\u00e9p\u00f4t de garantie sera rembours\u00e9 en parts \u00e9gales entre les locataires.<\/p>\n<\/div><\/div><\/div><\/div><\/div><\/div><\/div><\/div><\/div><\/p>\n","protected":false},"excerpt":{"rendered":"","protected":false},"author":17,"featured_media":0,"parent":4582,"menu_order":0,"comment_status":"closed","ping_status":"closed","template":"","meta":{"footnotes":""},"categories":[67,44],"tags":[],"class_list":["post-4710","page","type-page","status-publish","hentry","category-proprietaire-et-locataire","category-law-topics-fr"],"_links":{"self":[{"href":"https:\/\/legalinfonb.ca\/fr\/wp-json\/wp\/v2\/pages\/4710","targetHints":{"allow":["GET"]}}],"collection":[{"href":"https:\/\/legalinfonb.ca\/fr\/wp-json\/wp\/v2\/pages"}],"about":[{"href":"https:\/\/legalinfonb.ca\/fr\/wp-json\/wp\/v2\/types\/page"}],"author":[{"embeddable":true,"href":"https:\/\/legalinfonb.ca\/fr\/wp-json\/wp\/v2\/users\/17"}],"replies":[{"embeddable":true,"href":"https:\/\/legalinfonb.ca\/fr\/wp-json\/wp\/v2\/comments?post=4710"}],"version-history":[{"count":4,"href":"https:\/\/legalinfonb.ca\/fr\/wp-json\/wp\/v2\/pages\/4710\/revisions"}],"predecessor-version":[{"id":4793,"href":"https:\/\/legalinfonb.ca\/fr\/wp-json\/wp\/v2\/pages\/4710\/revisions\/4793"}],"up":[{"embeddable":true,"href":"https:\/\/legalinfonb.ca\/fr\/wp-json\/wp\/v2\/pages\/4582"}],"wp:attachment":[{"href":"https:\/\/legalinfonb.ca\/fr\/wp-json\/wp\/v2\/media?parent=4710"}],"wp:term":[{"taxonomy":"category","embeddable":true,"href":"https:\/\/legalinfonb.ca\/fr\/wp-json\/wp\/v2\/categories?post=4710"},{"taxonomy":"post_tag","embeddable":true,"href":"https:\/\/legalinfonb.ca\/fr\/wp-json\/wp\/v2\/tags?post=4710"}],"curies":[{"name":"wp","href":"https:\/\/api.w.org\/{rel}","templated":true}]}}