{"id":480,"date":"2024-01-23T19:46:15","date_gmt":"2024-01-23T19:46:15","guid":{"rendered":"https:\/\/legalinfonb.ca\/a-propos\/mission\/"},"modified":"2024-08-21T13:00:48","modified_gmt":"2024-08-21T13:00:48","slug":"mission","status":"publish","type":"page","link":"https:\/\/legalinfonb.ca\/fr\/a-propos-de-nous\/mission\/","title":{"rendered":"Mission"},"content":{"rendered":"<p><div class=\"fusion-fullwidth fullwidth-box fusion-builder-row-1 fusion-flex-container has-pattern-background has-mask-background nonhundred-percent-fullwidth non-hundred-percent-height-scrolling\" style=\"--awb-border-radius-top-left:0px;--awb-border-radius-top-right:0px;--awb-border-radius-bottom-right:0px;--awb-border-radius-bottom-left:0px;--awb-flex-wrap:wrap;\" ><div class=\"fusion-builder-row fusion-row fusion-flex-align-items-flex-start fusion-flex-content-wrap\" style=\"max-width:104%;margin-left: calc(-4% \/ 2 );margin-right: calc(-4% \/ 2 );\"><div class=\"fusion-layout-column fusion_builder_column fusion-builder-column-0 fusion_builder_column_1_1 1_1 fusion-flex-column\" style=\"--awb-bg-size:cover;--awb-width-large:100%;--awb-margin-top-large:0px;--awb-spacing-right-large:1.92%;--awb-margin-bottom-large:20px;--awb-spacing-left-large:1.92%;--awb-width-medium:100%;--awb-order-medium:0;--awb-spacing-right-medium:1.92%;--awb-spacing-left-medium:1.92%;--awb-width-small:100%;--awb-order-small:0;--awb-spacing-right-small:1.92%;--awb-spacing-left-small:1.92%;\"><div class=\"fusion-column-wrapper fusion-column-has-shadow fusion-flex-justify-content-flex-start fusion-content-layout-column\"><div class=\"fusion-title title fusion-title-1 fusion-sep-none fusion-title-text fusion-title-size-one\"><h1 class=\"fusion-title-heading title-heading-left\" style=\"margin:0;\">Mission<\/h1><\/div><\/div><\/div><\/div><\/div><div class=\"fusion-fullwidth fullwidth-box fusion-builder-row-2 fusion-flex-container has-pattern-background has-mask-background nonhundred-percent-fullwidth non-hundred-percent-height-scrolling\" style=\"--awb-border-radius-top-left:0px;--awb-border-radius-top-right:0px;--awb-border-radius-bottom-right:0px;--awb-border-radius-bottom-left:0px;--awb-flex-wrap:wrap;\" ><div class=\"fusion-builder-row fusion-row fusion-flex-align-items-flex-start fusion-flex-content-wrap\" style=\"max-width:104%;margin-left: calc(-4% \/ 2 );margin-right: calc(-4% \/ 2 );\"><div class=\"fusion-layout-column fusion_builder_column fusion-builder-column-1 fusion_builder_column_1_1 1_1 fusion-flex-column\" style=\"--awb-bg-size:cover;--awb-width-large:100%;--awb-margin-top-large:0px;--awb-spacing-right-large:1.92%;--awb-margin-bottom-large:20px;--awb-spacing-left-large:1.92%;--awb-width-medium:100%;--awb-order-medium:0;--awb-spacing-right-medium:1.92%;--awb-spacing-left-medium:1.92%;--awb-width-small:100%;--awb-order-small:0;--awb-spacing-right-small:1.92%;--awb-spacing-left-small:1.92%;\"><div class=\"fusion-column-wrapper fusion-column-has-shadow fusion-flex-justify-content-flex-start fusion-content-layout-column\"><div class=\"fusion-text fusion-text-1\"><p>Le Service public d\u2019\u00e9ducation et d\u2019information juridiques du Nouveau-Brunswick (SPEIJ-NB) est un organisme de bienfaisance sans but lucratif. Notre but est d\u2019aider la population du Nouveau-Brunswick \u00e0 conna\u00eetre les lois. Nous proposons des informations juridiques bilingues au grand public, en ligne, dans des documents imprim\u00e9s et dans le cadre d\u2019ateliers. Nous voulons que tous les habitants du Nouveau-Brunswick connaissent leurs droits et leurs responsabilit\u00e9s et puissent obtenir une aide juridique en cas de besoin.<\/p>\n<p>Pour r\u00e9pondre aux besoins d\u2019information diversifi\u00e9s de la province, le SPEIJ-NB s\u2019est fix\u00e9 les objectifs suivants\u00a0:<\/p>\n<ol>\n<li>R\u00e9pondre aux demandes d\u2019information de particuliers et de la collectivit\u00e9 au sujet du droit, de l\u2019appareil judiciaire, des sources d\u2019aide juridique et de la r\u00e9forme du droit;<\/li>\n<li>Accro\u00eetre la disponibilit\u00e9 d\u2019informations g\u00e9n\u00e9rales faciles \u00e0 comprendre sur les lois ainsi que d\u2019informations juridiques sur des sujets particuliers;<\/li>\n<li>Aider le public \u00e0 mieux comprendre les r\u00e9percussions de la loi sur leurs activit\u00e9s quotidiennes et \u00e0 apprendre \u00e0 se d\u00e9brouiller;<\/li>\n<li>Faire fonction d\u2019organisme central de diffusion d\u2019information juridique en faisant conna\u00eetre et en rendant accessibles les ressources juridiques de la collectivit\u00e9, tout en encourageant la coordination des initiatives d\u2019\u00e9ducation juridique publique.<\/li>\n<\/ol>\n<\/div><\/div><\/div><\/div><\/div><\/p>\n","protected":false},"excerpt":{"rendered":"","protected":false},"author":1,"featured_media":0,"parent":920,"menu_order":0,"comment_status":"closed","ping_status":"closed","template":"","meta":{"footnotes":""},"categories":[],"tags":[],"class_list":["post-480","page","type-page","status-publish","hentry"],"_links":{"self":[{"href":"https:\/\/legalinfonb.ca\/fr\/wp-json\/wp\/v2\/pages\/480","targetHints":{"allow":["GET"]}}],"collection":[{"href":"https:\/\/legalinfonb.ca\/fr\/wp-json\/wp\/v2\/pages"}],"about":[{"href":"https:\/\/legalinfonb.ca\/fr\/wp-json\/wp\/v2\/types\/page"}],"author":[{"embeddable":true,"href":"https:\/\/legalinfonb.ca\/fr\/wp-json\/wp\/v2\/users\/1"}],"replies":[{"embeddable":true,"href":"https:\/\/legalinfonb.ca\/fr\/wp-json\/wp\/v2\/comments?post=480"}],"version-history":[{"count":2,"href":"https:\/\/legalinfonb.ca\/fr\/wp-json\/wp\/v2\/pages\/480\/revisions"}],"predecessor-version":[{"id":1000,"href":"https:\/\/legalinfonb.ca\/fr\/wp-json\/wp\/v2\/pages\/480\/revisions\/1000"}],"up":[{"embeddable":true,"href":"https:\/\/legalinfonb.ca\/fr\/wp-json\/wp\/v2\/pages\/920"}],"wp:attachment":[{"href":"https:\/\/legalinfonb.ca\/fr\/wp-json\/wp\/v2\/media?parent=480"}],"wp:term":[{"taxonomy":"category","embeddable":true,"href":"https:\/\/legalinfonb.ca\/fr\/wp-json\/wp\/v2\/categories?post=480"},{"taxonomy":"post_tag","embeddable":true,"href":"https:\/\/legalinfonb.ca\/fr\/wp-json\/wp\/v2\/tags?post=480"}],"curies":[{"name":"wp","href":"https:\/\/api.w.org\/{rel}","templated":true}]}}