{"id":490,"date":"2023-11-18T20:20:53","date_gmt":"2023-11-19T00:20:53","guid":{"rendered":"https:\/\/legalinfonb.ca\/impliquez-vous\/volunteer\/"},"modified":"2025-01-30T14:01:06","modified_gmt":"2025-01-30T18:01:06","slug":"benevoles","status":"publish","type":"page","link":"https:\/\/legalinfonb.ca\/fr\/impliquez-vous\/benevoles\/","title":{"rendered":"B\u00e9n\u00e9voles"},"content":{"rendered":"<p><div class=\"fusion-fullwidth fullwidth-box fusion-builder-row-1 fusion-flex-container has-pattern-background has-mask-background nonhundred-percent-fullwidth non-hundred-percent-height-scrolling\" style=\"--awb-border-radius-top-left:0px;--awb-border-radius-top-right:0px;--awb-border-radius-bottom-right:0px;--awb-border-radius-bottom-left:0px;--awb-flex-wrap:wrap;\" ><div class=\"fusion-builder-row fusion-row fusion-flex-align-items-flex-start fusion-flex-content-wrap\" style=\"max-width:104%;margin-left: calc(-4% \/ 2 );margin-right: calc(-4% \/ 2 );\"><div class=\"fusion-layout-column fusion_builder_column fusion-builder-column-0 fusion_builder_column_1_1 1_1 fusion-flex-column\" style=\"--awb-bg-size:cover;--awb-width-large:100%;--awb-margin-top-large:0px;--awb-spacing-right-large:1.92%;--awb-margin-bottom-large:20px;--awb-spacing-left-large:1.92%;--awb-width-medium:100%;--awb-order-medium:0;--awb-spacing-right-medium:1.92%;--awb-spacing-left-medium:1.92%;--awb-width-small:100%;--awb-order-small:0;--awb-spacing-right-small:1.92%;--awb-spacing-left-small:1.92%;\"><div class=\"fusion-column-wrapper fusion-column-has-shadow fusion-flex-justify-content-flex-start fusion-content-layout-column\"><div class=\"fusion-title title fusion-title-1 fusion-sep-none fusion-title-text fusion-title-size-one\"><h1 class=\"fusion-title-heading title-heading-left\" style=\"margin:0;\">B\u00e9n\u00e9voles<\/h1><\/div><\/div><\/div><\/div><\/div><div class=\"fusion-fullwidth fullwidth-box fusion-builder-row-2 fusion-flex-container has-pattern-background has-mask-background nonhundred-percent-fullwidth non-hundred-percent-height-scrolling\" style=\"--awb-border-radius-top-left:0px;--awb-border-radius-top-right:0px;--awb-border-radius-bottom-right:0px;--awb-border-radius-bottom-left:0px;--awb-flex-wrap:wrap;\" ><div class=\"fusion-builder-row fusion-row fusion-flex-align-items-flex-start fusion-flex-content-wrap\" style=\"max-width:104%;margin-left: calc(-4% \/ 2 );margin-right: calc(-4% \/ 2 );\"><div class=\"fusion-layout-column fusion_builder_column fusion-builder-column-1 fusion_builder_column_1_1 1_1 fusion-flex-column\" style=\"--awb-bg-size:cover;--awb-width-large:100%;--awb-margin-top-large:0px;--awb-spacing-right-large:1.92%;--awb-margin-bottom-large:20px;--awb-spacing-left-large:1.92%;--awb-width-medium:100%;--awb-order-medium:0;--awb-spacing-right-medium:1.92%;--awb-spacing-left-medium:1.92%;--awb-width-small:100%;--awb-order-small:0;--awb-spacing-right-small:1.92%;--awb-spacing-left-small:1.92%;\"><div class=\"fusion-column-wrapper fusion-column-has-shadow fusion-flex-justify-content-flex-start fusion-content-layout-column\"><div class=\"fusion-text fusion-text-1\"><p>Le SPEIJ-NB compte sur un r\u00e9seau de b\u00e9n\u00e9voles pour mener \u00e0 bien sa mission. Nous accueillons des b\u00e9n\u00e9voles provenant de divers horizons et de partout au Nouveau-Brunswick.<\/p>\n<p>Les avocats souhaitant faire du b\u00e9n\u00e9volat au sein du SPEIJ-NB peuvent\u00a0:<\/p>\n<ul>\n<li>organiser un atelier sur un sujet juridique;<\/li>\n<li>r\u00e9aliser un examen juridique d\u2019une publication ou d\u2019une section d\u2019information juridique sur notre site Web;<\/li>\n<li>nous aider \u00e0 r\u00e9diger de nouvelles ressources d\u2019information juridique;<\/li>\n<li>donner une conf\u00e9rence pour un groupe communautaire;<\/li>\n<li>aider \u00e0 organiser un \u00e9v\u00e9nement communautaire;<\/li>\n<li>aider \u00e0 r\u00e9aliser un projet sp\u00e9cial.<\/li>\n<\/ul>\n<p>Certains travaux b\u00e9n\u00e9voles donnent droit \u00e0 des cr\u00e9dits de FPC du Barreau du Nouveau-Brunswick, notamment nos ateliers sur le droit de la famille. Les personnes d\u00e9sirant obtenir de plus amples informations peuvent nous envoyer un message ou se renseigner aupr\u00e8s du Barreau.<\/p>\n<p>Si vous souhaitez devenir b\u00e9n\u00e9vole pour le SPEIJ-NB, veuillez nous envoyer un courriel \u00e0 <a href=\"mailto:info@legalinfonb.ca\">info@legalinfonb.ca<\/a>. Nous nous efforcerons de trouver quelque chose qui corresponde \u00e0 la fois aux besoins de notre organisation et \u00e0 vos comp\u00e9tences ou centres d\u2019int\u00e9r\u00eat.<\/p>\n<\/div><\/div><\/div><\/div><\/div><div class=\"fusion-fullwidth fullwidth-box fusion-builder-row-3 fusion-flex-container has-pattern-background has-mask-background nonhundred-percent-fullwidth non-hundred-percent-height-scrolling\" style=\"--awb-border-radius-top-left:0px;--awb-border-radius-top-right:0px;--awb-border-radius-bottom-right:0px;--awb-border-radius-bottom-left:0px;--awb-flex-wrap:wrap;\" ><div class=\"fusion-builder-row fusion-row fusion-flex-align-items-flex-start fusion-flex-content-wrap\" style=\"max-width:104%;margin-left: calc(-4% \/ 2 );margin-right: calc(-4% \/ 2 );\"><div class=\"fusion-layout-column fusion_builder_column fusion-builder-column-2 fusion_builder_column_1_1 1_1 fusion-flex-column\" style=\"--awb-bg-size:cover;--awb-width-large:100%;--awb-margin-top-large:0px;--awb-spacing-right-large:1.92%;--awb-margin-bottom-large:20px;--awb-spacing-left-large:1.92%;--awb-width-medium:100%;--awb-order-medium:0;--awb-spacing-right-medium:1.92%;--awb-spacing-left-medium:1.92%;--awb-width-small:100%;--awb-order-small:0;--awb-spacing-right-small:1.92%;--awb-spacing-left-small:1.92%;\"><div class=\"fusion-column-wrapper fusion-column-has-shadow fusion-flex-justify-content-flex-start fusion-content-layout-column\"><div class=\"fusion-title title fusion-title-2 fusion-sep-none fusion-title-text fusion-title-size-three\"><h3 class=\"fusion-title-heading title-heading-left\" style=\"margin:0;\"><span data-teams=\"true\"><span class=\"ui-provider a b c d e f g h i j k l m n o p q r s t u v w x y z ab ac ae af ag ah ai aj ak\" dir=\"ltr\">Opportunit<strong>\u00e9<\/strong>s actuelles<\/span><\/span><\/h3><\/div><div class=\"accordian fusion-accordian\" style=\"--awb-border-size:1px;--awb-icon-size:36px;--awb-content-font-size:var(--awb-typography4-font-size);--awb-icon-alignment:right;--awb-hover-color:var(--awb-color2);--awb-border-color:var(--awb-color2);--awb-background-color:var(--awb-color1);--awb-divider-color:var(--awb-color2);--awb-divider-hover-color:var(--awb-color2);--awb-icon-color:var(--awb-color2);--awb-title-color:var(--awb-color8);--awb-content-color:var(--awb-color8);--awb-icon-box-color:var(--awb-color8);--awb-toggle-hover-accent-color:var(--awb-color2);--awb-title-font-family:&quot;Montserrat&quot;;--awb-title-font-weight:700;--awb-title-font-style:normal;--awb-title-font-size:34px;--awb-content-font-family:&quot;Open Sans&quot;;--awb-content-font-style:normal;--awb-content-font-weight:400;\"><div class=\"panel-group fusion-toggle-icon-right fusion-toggle-icon-boxed\" id=\"accordion-490-1\"><div class=\"fusion-panel panel-default panel-a1b88bc896fbc2f44 fusion-toggle-has-divider\" style=\"--awb-title-color:var(--awb-color8);--awb-content-color:var(--awb-color8);\"><div class=\"panel-heading\"><h4 class=\"panel-title toggle\" id=\"toggle_a1b88bc896fbc2f44\"><a aria-expanded=\"false\" aria-controls=\"a1b88bc896fbc2f44\" role=\"button\" data-toggle=\"collapse\" data-target=\"#a1b88bc896fbc2f44\" href=\"#a1b88bc896fbc2f44\"><span class=\"fusion-toggle-icon-wrapper\" aria-hidden=\"true\"><i class=\"fa-fusion-box active-icon awb-icon-minus\" aria-hidden=\"true\"><\/i><i class=\"fa-fusion-box inactive-icon awb-icon-plus\" aria-hidden=\"true\"><\/i><\/span><span class=\"fusion-toggle-heading\">Le SPEIJ-NB recherche des avocat\u00b7e\u00b7s pour son Comit\u00e9 du contenu juridique en fran\u00e7ais<\/span><\/a><\/h4><\/div><div id=\"a1b88bc896fbc2f44\" class=\"panel-collapse collapse \" aria-labelledby=\"toggle_a1b88bc896fbc2f44\"><div class=\"panel-body toggle-content fusion-clearfix\">\n<p>Le Service public d\u2019\u00e9ducation et d\u2019information juridiques du Nouveau-Brunswick (SPEIJ-NB) met sur pied des Comit\u00e9s sur le contenu juridique dans le cadre de son mandat d\u2019offrir gratuitement des renseignements juridiques \u00e0 jour \u00e0 la population du Nouveau-Brunswick.<\/p>\n<p>Bien que notre but soit d\u2019\u00e9tablir deux comit\u00e9s (un dans chaque langue officielle), nous priorisons actuellement la cr\u00e9ation du comit\u00e9 de langue fran\u00e7aise.<\/p>\n<p>Dans cette optique, nous souhaitons r\u00e9unir des avocats et des avocat\u00b7e\u00b7s francophones pour une premi\u00e8re rencontre fin janvier 2025. L\u2019adh\u00e9sion au comit\u00e9 implique la participation \u00e0 une r\u00e9union annuelle en mode virtuel et des \u00e9changes p\u00e9riodiques avec le SPEIJ-NB sur les \u00e9volutions juridiques dans vos domaines de comp\u00e9tence.<\/p>\n<p>Pour obtenir des renseignements sur l\u2019adh\u00e9sion au comit\u00e9 ou pour signifier votre int\u00e9r\u00eat, merci de contacter la directrice adjointe du SPEIJ-NB, Amber Chisholm, \u00e0 l\u2019adresse <a href=\"mailto:amber.chisholm@gnb.ca\" target=\"_blank\" rel=\"noopener\">amber.chisholm@gnb.ca<\/a>. <strong>La premi\u00e8re r\u00e9union du comit\u00e9 aura lieu au d\u00e9but de l\u2019ann\u00e9e 2025. Si vous souhaitez joindre le Comit\u00e9 du contenu juridique, veuillez nous contacter d\u00e8s que possible.<\/strong><\/p>\n<\/div><\/div><\/div><\/div><\/div><\/div><\/div><\/div><\/div><\/p>\n","protected":false},"excerpt":{"rendered":"","protected":false},"author":1,"featured_media":0,"parent":482,"menu_order":0,"comment_status":"closed","ping_status":"closed","template":"","meta":{"footnotes":""},"categories":[],"tags":[],"class_list":["post-490","page","type-page","status-publish","hentry"],"_links":{"self":[{"href":"https:\/\/legalinfonb.ca\/fr\/wp-json\/wp\/v2\/pages\/490","targetHints":{"allow":["GET"]}}],"collection":[{"href":"https:\/\/legalinfonb.ca\/fr\/wp-json\/wp\/v2\/pages"}],"about":[{"href":"https:\/\/legalinfonb.ca\/fr\/wp-json\/wp\/v2\/types\/page"}],"author":[{"embeddable":true,"href":"https:\/\/legalinfonb.ca\/fr\/wp-json\/wp\/v2\/users\/1"}],"replies":[{"embeddable":true,"href":"https:\/\/legalinfonb.ca\/fr\/wp-json\/wp\/v2\/comments?post=490"}],"version-history":[{"count":7,"href":"https:\/\/legalinfonb.ca\/fr\/wp-json\/wp\/v2\/pages\/490\/revisions"}],"predecessor-version":[{"id":2433,"href":"https:\/\/legalinfonb.ca\/fr\/wp-json\/wp\/v2\/pages\/490\/revisions\/2433"}],"up":[{"embeddable":true,"href":"https:\/\/legalinfonb.ca\/fr\/wp-json\/wp\/v2\/pages\/482"}],"wp:attachment":[{"href":"https:\/\/legalinfonb.ca\/fr\/wp-json\/wp\/v2\/media?parent=490"}],"wp:term":[{"taxonomy":"category","embeddable":true,"href":"https:\/\/legalinfonb.ca\/fr\/wp-json\/wp\/v2\/categories?post=490"},{"taxonomy":"post_tag","embeddable":true,"href":"https:\/\/legalinfonb.ca\/fr\/wp-json\/wp\/v2\/tags?post=490"}],"curies":[{"name":"wp","href":"https:\/\/api.w.org\/{rel}","templated":true}]}}