{"id":496,"date":"2024-02-11T23:27:13","date_gmt":"2024-02-12T03:27:13","guid":{"rendered":"https:\/\/legalinfonb.ca\/info-legale\/testaments-procurations\/dying-without-a-will\/"},"modified":"2024-11-08T13:39:50","modified_gmt":"2024-11-08T17:39:50","slug":"deces-sans-testament","status":"publish","type":"page","link":"https:\/\/legalinfonb.ca\/fr\/info-legale\/testaments-procurations\/deces-sans-testament\/","title":{"rendered":"D\u00e9c\u00e8s sans testament"},"content":{"rendered":"<p><div class=\"fusion-fullwidth fullwidth-box fusion-builder-row-1 fusion-flex-container has-pattern-background has-mask-background nonhundred-percent-fullwidth non-hundred-percent-height-scrolling\" style=\"--awb-border-radius-top-left:0px;--awb-border-radius-top-right:0px;--awb-border-radius-bottom-right:0px;--awb-border-radius-bottom-left:0px;--awb-flex-wrap:wrap;\" ><div class=\"fusion-builder-row fusion-row fusion-flex-align-items-flex-start fusion-flex-content-wrap\" style=\"max-width:104%;margin-left: calc(-4% \/ 2 );margin-right: calc(-4% \/ 2 );\"><div class=\"fusion-layout-column fusion_builder_column fusion-builder-column-0 fusion_builder_column_1_1 1_1 fusion-flex-column\" style=\"--awb-bg-size:cover;--awb-width-large:100%;--awb-margin-top-large:0px;--awb-spacing-right-large:1.92%;--awb-margin-bottom-large:20px;--awb-spacing-left-large:1.92%;--awb-width-medium:100%;--awb-order-medium:0;--awb-spacing-right-medium:1.92%;--awb-spacing-left-medium:1.92%;--awb-width-small:100%;--awb-order-small:0;--awb-spacing-right-small:1.92%;--awb-spacing-left-small:1.92%;\"><div class=\"fusion-column-wrapper fusion-column-has-shadow fusion-flex-justify-content-flex-start fusion-content-layout-column\"><div class=\"fusion-title title fusion-title-1 fusion-sep-none fusion-title-text fusion-title-size-one\"><h1 class=\"fusion-title-heading title-heading-left\" style=\"margin:0;\">D\u00e9c\u00e8s sans testament<\/h1><\/div><\/div><\/div><\/div><\/div><div class=\"fusion-fullwidth fullwidth-box fusion-builder-row-2 fusion-flex-container has-pattern-background has-mask-background nonhundred-percent-fullwidth non-hundred-percent-height-scrolling\" style=\"--awb-border-radius-top-left:0px;--awb-border-radius-top-right:0px;--awb-border-radius-bottom-right:0px;--awb-border-radius-bottom-left:0px;--awb-flex-wrap:wrap;\" ><div class=\"fusion-builder-row fusion-row fusion-flex-align-items-flex-start fusion-flex-content-wrap\" style=\"max-width:104%;margin-left: calc(-4% \/ 2 );margin-right: calc(-4% \/ 2 );\"><div class=\"fusion-layout-column fusion_builder_column fusion-builder-column-1 fusion_builder_column_1_1 1_1 fusion-flex-column\" style=\"--awb-bg-size:cover;--awb-width-large:100%;--awb-margin-top-large:0px;--awb-spacing-right-large:1.92%;--awb-margin-bottom-large:20px;--awb-spacing-left-large:1.92%;--awb-width-medium:100%;--awb-order-medium:0;--awb-spacing-right-medium:1.92%;--awb-spacing-left-medium:1.92%;--awb-width-small:100%;--awb-order-small:0;--awb-spacing-right-small:1.92%;--awb-spacing-left-small:1.92%;\"><div class=\"fusion-column-wrapper fusion-column-has-shadow fusion-flex-justify-content-flex-start fusion-content-layout-column\"><div class=\"fusion-text fusion-text-1\"><p>Un d\u00e9c\u00e8s sans testament valide constitue un d\u00e9c\u00e8s <strong>intestat<\/strong>. Si vous d\u00e9c\u00e9dez intestat, la <a href=\"https:\/\/laws.gnb.ca\/en\/pdf\/cs\/D-9.pdf\" target=\"_blank\" rel=\"noopener\"><em>Loi sur la d\u00e9volution des successions<\/em><\/a> du Nouveau-Brunswick (\u00ab\u00a0la loi\u00a0\u00bb) d\u00e9terminera ce qu\u2019il adviendra de votre succession et qui la g\u00e9rera.<\/p>\n<p>Il arrive aussi qu\u2019une personne d\u00e9c\u00e9d\u00e9e laisse un testament ne couvrant pas l\u2019ensemble de ses biens ou partiellement invalide. On parle alors de d\u00e9c\u00e8s <strong>partiellement intestat<\/strong>. Si vous d\u00e9c\u00e9dez partiellement intestat, les parties de votre succession couvertes par le testament sont distribu\u00e9es selon les instructions figurant dans le testament. Quant aux parties de votre succession qui ne sont pas couvertes par le testament, elles seront distribu\u00e9es conform\u00e9ment \u00e0 la <em>Loi sur la d\u00e9volution des successions<\/em>.<\/p>\n<p>Lorsqu\u2019une personne d\u00e9c\u00e8de intestat ou partiellement intestat, sa succession doit g\u00e9n\u00e9ralement \u00eatre port\u00e9e \u00e0 l\u2019attention de la Cour des successions afin de d\u00e9terminer ce qu\u2019il en adviendra.<\/p>\n<\/div><\/div><\/div><\/div><\/div><div class=\"fusion-fullwidth fullwidth-box fusion-builder-row-3 fusion-flex-container has-pattern-background has-mask-background nonhundred-percent-fullwidth non-hundred-percent-height-scrolling\" style=\"--awb-border-radius-top-left:0px;--awb-border-radius-top-right:0px;--awb-border-radius-bottom-right:0px;--awb-border-radius-bottom-left:0px;--awb-flex-wrap:wrap;\" ><div class=\"fusion-builder-row fusion-row fusion-flex-align-items-flex-start fusion-flex-content-wrap\" style=\"max-width:104%;margin-left: calc(-4% \/ 2 );margin-right: calc(-4% \/ 2 );\"><div class=\"fusion-layout-column fusion_builder_column fusion-builder-column-2 fusion_builder_column_1_1 1_1 fusion-flex-column\" style=\"--awb-bg-size:cover;--awb-width-large:100%;--awb-margin-top-large:0px;--awb-spacing-right-large:1.92%;--awb-margin-bottom-large:20px;--awb-spacing-left-large:1.92%;--awb-width-medium:100%;--awb-order-medium:0;--awb-spacing-right-medium:1.92%;--awb-spacing-left-medium:1.92%;--awb-width-small:100%;--awb-order-small:0;--awb-spacing-right-small:1.92%;--awb-spacing-left-small:1.92%;\"><div class=\"fusion-column-wrapper fusion-column-has-shadow fusion-flex-justify-content-flex-start fusion-content-layout-column\"><div class=\"accordian fusion-accordian\" style=\"--awb-border-size:1px;--awb-icon-size:36px;--awb-content-font-size:var(--awb-typography4-font-size);--awb-icon-alignment:right;--awb-hover-color:var(--awb-color2);--awb-border-color:var(--awb-color2);--awb-background-color:var(--awb-color1);--awb-divider-color:var(--awb-color2);--awb-divider-hover-color:var(--awb-color2);--awb-icon-color:var(--awb-color2);--awb-title-color:var(--awb-color8);--awb-content-color:var(--awb-color8);--awb-icon-box-color:var(--awb-color8);--awb-toggle-hover-accent-color:var(--awb-color2);--awb-title-font-family:&quot;Montserrat&quot;;--awb-title-font-weight:700;--awb-title-font-style:normal;--awb-title-font-size:34px;--awb-content-font-family:&quot;Open Sans&quot;;--awb-content-font-style:normal;--awb-content-font-weight:400;\"><div class=\"panel-group fusion-toggle-icon-right fusion-toggle-icon-boxed\" id=\"accordion-496-1\"><div class=\"fusion-panel panel-default panel-f2f1ce9a7d7c66a18 fusion-toggle-has-divider\" style=\"--awb-title-color:var(--awb-color8);--awb-content-color:var(--awb-color8);\"><div class=\"panel-heading\"><h4 class=\"panel-title toggle\" id=\"toggle_f2f1ce9a7d7c66a18\"><a aria-expanded=\"false\" aria-controls=\"f2f1ce9a7d7c66a18\" role=\"button\" data-toggle=\"collapse\" data-target=\"#f2f1ce9a7d7c66a18\" href=\"#f2f1ce9a7d7c66a18\"><span class=\"fusion-toggle-icon-wrapper\" aria-hidden=\"true\"><i class=\"fa-fusion-box active-icon awb-icon-minus\" aria-hidden=\"true\"><\/i><i class=\"fa-fusion-box inactive-icon awb-icon-plus\" aria-hidden=\"true\"><\/i><\/span><span class=\"fusion-toggle-heading\">L\u2019administrateur<\/span><\/a><\/h4><\/div><div id=\"f2f1ce9a7d7c66a18\" class=\"panel-collapse collapse \" aria-labelledby=\"toggle_f2f1ce9a7d7c66a18\"><div class=\"panel-body toggle-content fusion-clearfix\">\n<p>Si vous d\u00e9c\u00e9dez intestat ou partiellement intestat, la Cour des successions choisira un <strong>administrateur<\/strong> pour g\u00e9rer votre succession. Comme l\u2019ex\u00e9cuteur testamentaire, l\u2019administrateur a pour mission de payer vos dettes et de distribuer vos biens apr\u00e8s votre d\u00e9c\u00e8s.<\/p>\n<p>L\u2019administrateur doit agir conform\u00e9ment \u00e0 la <em>Loi sur la d\u00e9volution des successions<\/em> (au lieu de votre testament), parce qu\u2019il s\u2019occupe uniquement de ce qui n\u2019est pas inclus dans un testament valide.<\/p>\n<p>Si vous d\u00e9c\u00e9dez partiellement intestat, votre ex\u00e9cuteur testamentaire g\u00e9rera les parties de votre succession couvertes par votre testament et l\u2019administrateur s\u2019occupera de ce qui n\u2019y figure pas. La Cour des successions peut nommer votre ex\u00e9cuteur testamentaire d\u00e9j\u00e0 en place en tant qu\u2019administrateur, si cela s\u2019av\u00e8re appropri\u00e9.<\/p>\n<p>Dans la mesure du possible, la Cour des successions pr\u00e9f\u00e8re d\u00e9signer un proche comme administrateur, par exemple\u00a0:<\/p>\n<ul>\n<li>Votre \u00e9poux ou votre \u00e9pouse;<\/li>\n<li>Votre plus proche parent;<\/li>\n<li>L\u2019\u00e9poux ou l\u2019\u00e9pouse de votre plus proche parent.<\/li>\n<\/ul>\n<p>La Cour des successions peut cependant choisir n\u2019importe qui comme administrateur sans se limiter aux personnes ci-dessus, notamment un enfant ou un petit-enfant, un ami proche, un parent \u00e9loign\u00e9 ou toute autre personne jug\u00e9e appropri\u00e9e.<\/p>\n<p>La Cour des successions peut d\u00e9signer plusieurs administrateurs pour g\u00e9rer une succession. Si plusieurs personnes veulent \u00eatre administrateurs, elles doivent soit pr\u00e9senter une candidature commune, soit pr\u00e9senter des candidatures s\u00e9par\u00e9es et accepter ensuite d\u2019\u00eatre administrateurs conjointement.<\/p>\n<p>Il est possible que la Cour des successions d\u00e9signe un administrateur de votre succession que vous n\u2019approuveriez pas.<\/p>\n<p>En dernier recours, la Cour des successions peut nommer le <strong>curateur public<\/strong> en tant qu\u2019administrateur, si personne n\u2019accepte d\u2019\u00eatre l\u2019administrateur de votre succession.<\/p>\n<\/div><\/div><\/div><div class=\"fusion-panel panel-default panel-6464198be3a2903f4 fusion-toggle-has-divider\" style=\"--awb-title-color:var(--awb-color8);--awb-content-color:var(--awb-color8);\"><div class=\"panel-heading\"><h4 class=\"panel-title toggle\" id=\"toggle_6464198be3a2903f4\"><a aria-expanded=\"false\" aria-controls=\"6464198be3a2903f4\" role=\"button\" data-toggle=\"collapse\" data-target=\"#6464198be3a2903f4\" href=\"#6464198be3a2903f4\"><span class=\"fusion-toggle-icon-wrapper\" aria-hidden=\"true\"><i class=\"fa-fusion-box active-icon awb-icon-minus\" aria-hidden=\"true\"><\/i><i class=\"fa-fusion-box inactive-icon awb-icon-plus\" aria-hidden=\"true\"><\/i><\/span><span class=\"fusion-toggle-heading\">Fonctions de l\u2019administrateur<\/span><\/a><\/h4><\/div><div id=\"6464198be3a2903f4\" class=\"panel-collapse collapse \" aria-labelledby=\"toggle_6464198be3a2903f4\"><div class=\"panel-body toggle-content fusion-clearfix\">\n<p>Les fonctions de l\u2019administrateur sont semblables \u00e0 celles de <a href=\"https:\/\/legalinfonb.ca\/fr\/info-legale\/testaments-procurations\/executeur-testamentaire\/\">l\u2019ex\u00e9cuteur testamentaire<\/a>. L\u2019administrateur prendra le contr\u00f4le de votre succession, puis\u00a0:<\/p>\n<ul>\n<li>organisera vos fun\u00e9railles;<\/li>\n<li>recouvrera toutes les sommes dues \u00e0 votre succession;<\/li>\n<li>r\u00e8glera vos dettes;<\/li>\n<li>remplira votre derni\u00e8re d\u00e9claration d\u2019imp\u00f4t sur le revenu et paiera les sommes dues.<\/li>\n<\/ul>\n<p>Votre succession doit payer vos fun\u00e9railles et vos dettes, le cas \u00e9ch\u00e9ant. L\u2019administrateur distribuera ensuite le reste de votre succession conform\u00e9ment \u00e0 la <em>Loi sur la d\u00e9volution des successions<\/em>.<\/p>\n<\/div><\/div><\/div><div class=\"fusion-panel panel-default panel-5d814a2db7e9bfb9f fusion-toggle-has-divider\" style=\"--awb-title-color:var(--awb-color8);--awb-content-color:var(--awb-color8);\"><div class=\"panel-heading\"><h4 class=\"panel-title toggle\" id=\"toggle_5d814a2db7e9bfb9f\"><a aria-expanded=\"false\" aria-controls=\"5d814a2db7e9bfb9f\" role=\"button\" data-toggle=\"collapse\" data-target=\"#5d814a2db7e9bfb9f\" href=\"#5d814a2db7e9bfb9f\"><span class=\"fusion-toggle-icon-wrapper\" aria-hidden=\"true\"><i class=\"fa-fusion-box active-icon awb-icon-minus\" aria-hidden=\"true\"><\/i><i class=\"fa-fusion-box inactive-icon awb-icon-plus\" aria-hidden=\"true\"><\/i><\/span><span class=\"fusion-toggle-heading\">Postuler pour devenir administrateur<\/span><\/a><\/h4><\/div><div id=\"5d814a2db7e9bfb9f\" class=\"panel-collapse collapse \" aria-labelledby=\"toggle_5d814a2db7e9bfb9f\"><div class=\"panel-body toggle-content fusion-clearfix\">Pour devenir l\u2019administrateur de la succession d\u2019une personne, vous devez demander une lettre d\u2019administration \u00e0 la Cour des successions. De plus amples informations sur la demande d\u2019une lettre d\u2019administration sont disponibles dans la <a href=\"https:\/\/laws.gnb.ca\/en\/pdf\/cs\/P-17.1.pdf\" target=\"_blank\" rel=\"noopener\"><em>Loi sur la Cour des successions<\/em><\/a> et dans ses <a href=\"https:\/\/laws.gnb.ca\/en\/pdf\/cr\/84-9.pdf\" target=\"_blank\" rel=\"noopener\">r\u00e8glements<\/a>.<\/p>\n<p>Il est possible que la proc\u00e9dure de demande d\u2019une lettre d\u2019administration soit compliqu\u00e9e. Un avocat sp\u00e9cialis\u00e9 dans les testaments et les successions pourra vous aider \u00e0 pr\u00e9parer votre demande de mani\u00e8re \u00e0 \u00e9viter les erreurs et les retards.<\/p>\n<p>La Cour des successions per\u00e7oit des droits pour l\u2019octroi d\u2019une lettre d\u2019administration, \u00e9tablis en fonction de la valeur de la succession.<\/p>\n<div class=\"table-1\">\n<table width=\"100%\">\n<thead>\n<tr>\n<th align=\"left\">Valeur de la succession administr\u00e9e<\/th>\n<th align=\"left\">Droits d\u2019octroi d\u2019une lettre d\u2019administration<\/th>\n<\/tr>\n<\/thead>\n<tbody>\n<tr>\n<td align=\"left\">5 000 $ ou moins<\/td>\n<td align=\"left\">25 $<\/td>\n<\/tr>\n<tr>\n<td align=\"left\">5 000 $ \u00e0 10 000 $\/td&gt;<\/td>\n<td align=\"left\">50 $<\/td>\n<\/tr>\n<tr>\n<td align=\"left\">10 000 $ \u00e0 15 000 $\/td&gt;<\/td>\n<td align=\"left\">75 $<\/td>\n<\/tr>\n<tr>\n<td align=\"left\">15 000 $ \u00e0 20 000 $<\/td>\n<td align=\"left\">100 $<\/td>\n<\/tr>\n<tr>\n<td align=\"left\">20 000 $ et plus<\/td>\n<td align=\"left\">5 $ par 1 000 $ de succession \u00e0 administrer<\/td>\n<\/tr>\n<\/tbody>\n<\/table>\n<\/div>\n<\/div><\/div><\/div><div class=\"fusion-panel panel-default panel-fe47c01f908226b61 fusion-toggle-has-divider\" style=\"--awb-title-color:var(--awb-color8);--awb-content-color:var(--awb-color8);\"><div class=\"panel-heading\"><h4 class=\"panel-title toggle\" id=\"toggle_fe47c01f908226b61\"><a aria-expanded=\"false\" aria-controls=\"fe47c01f908226b61\" role=\"button\" data-toggle=\"collapse\" data-target=\"#fe47c01f908226b61\" href=\"#fe47c01f908226b61\"><span class=\"fusion-toggle-icon-wrapper\" aria-hidden=\"true\"><i class=\"fa-fusion-box active-icon awb-icon-minus\" aria-hidden=\"true\"><\/i><i class=\"fa-fusion-box inactive-icon awb-icon-plus\" aria-hidden=\"true\"><\/i><\/span><span class=\"fusion-toggle-heading\">Qui h\u00e9ritera de votre succession s\u2019il n\u2019existe aucun testament?<\/span><\/a><\/h4><\/div><div id=\"fe47c01f908226b61\" class=\"panel-collapse collapse \" aria-labelledby=\"toggle_fe47c01f908226b61\"><div class=\"panel-body toggle-content fusion-clearfix\">\n<p>La <em>Loi sur la d\u00e9volution des successions<\/em> d\u00e9terminera ce qu\u2019il adviendra de vos biens si vous d\u00e9c\u00e9dez intestat ou partiellement intestat. Si vous d\u00e9c\u00e9dez partiellement intestat, la <em>Loi sur la d\u00e9volution des successions<\/em> ne s\u2019appliquera qu\u2019aux parties de votre succession ne figurant pas dans votre testament.<\/p>\n<p>Tout d\u2019abord, votre succession doit r\u00e9gler vos dettes et tous les frais li\u00e9s \u00e0 votre d\u00e9c\u00e8s, notamment\u00a0:<\/p>\n<ul>\n<li>vos d\u00e9penses fun\u00e9raires;<\/li>\n<li>les co\u00fbts d\u2019administration de votre succession;<\/li>\n<li>vos dettes dues au moment de votre d\u00e9c\u00e8s.<\/li>\n<\/ul>\n<p>Seul ce qui reste apr\u00e8s le paiement de vos dettes et de vos d\u00e9penses sera distribu\u00e9 \u00e0 vos h\u00e9ritiers.<\/p>\n<p>La <em>Loi sur la d\u00e9volution des successions<\/em> vise \u00e0 r\u00e9partir vos biens de la mani\u00e8re dont la plupart des gens choisiraient de le faire, ce qui ne correspond pas forc\u00e9ment \u00e0 ce que vous auriez souhait\u00e9.<\/p>\n<p>La <em>Loi sur la d\u00e9volution des successions<\/em> pr\u00e9voit une r\u00e9partition des biens privil\u00e9giant la famille proche. Par exemple, aurez-vous un \u00e9poux ou une \u00e9pouse, des enfants, vos parents, des fr\u00e8res, des s\u0153urs ou des petits-enfants qui vous surviront? Le tableau ci-dessous indique comment vos biens seraient r\u00e9partis entre les membres de votre famille selon la <em>Loi sur la d\u00e9volution des successions<\/em>.<\/p>\n<div class=\"table-1\">\n<table width=\"100%\">\n<thead>\n<tr>\n<th align=\"left\"><strong>Membres de votre famille<\/strong><\/th>\n<th align=\"left\"><strong>Distribution de votre succession<\/strong><\/th>\n<\/tr>\n<\/thead>\n<tbody>\n<tr>\n<td align=\"left\">Un \u00e9poux survivant , mais pas d\u2019enfant ni de petits-enfants<\/td>\n<td align=\"left\">Votre succession reviendra \u00e0 votre \u00e9poux survivant ou votre \u00e9pouse survivante.<\/td>\n<\/tr>\n<tr>\n<td align=\"left\">Un \u00e9poux survivant et un enfant<\/td>\n<td align=\"left\">Les <strong>biens matrimoniaux<\/strong> reviendront \u00e0 votre \u00e9poux survivant ou votre \u00e9pouse survivante. Le reste de votre succession sera r\u00e9parti \u00e0 parts \u00e9gales entre votre \u00e9poux survivant ou votre \u00e9pouse survivante et votre enfant.<\/td>\n<\/tr>\n<tr>\n<td align=\"left\">Un \u00e9poux survivant et plusieurs enfants<\/td>\n<td align=\"left\">Vos biens matrimoniaux reviendront \u00e0 votre \u00e9poux survivant ou votre \u00e9pouse survivante.<br \/>\nLe reste de votre succession sera r\u00e9parti comme suit :<\/p>\n<ul>\n<li>un tiers \u00e0 votre \u00e9poux survivant ou votre \u00e9pouse survivante;<\/li>\n<li>deux tiers r\u00e9partis \u00e0 parts \u00e9gales entre vos enfants.<\/li>\n<\/ul>\n<\/td>\n<\/tr>\n<tr>\n<td align=\"left\">Pas d\u2019\u00e9poux survivant mais un ou plusieurs enfants<\/td>\n<td align=\"left\">Votre succession sera r\u00e9partie \u00e0 parts \u00e9gales entre vos enfants.<\/td>\n<\/tr>\n<tr>\n<td align=\"left\">Pas d\u2019\u00e9poux survivant ni d\u2019enfant ni de petits-enfants<\/td>\n<td align=\"left\">Si un seul de vos deux parents est en vie, l\u2019int\u00e9gralit\u00e9 de votre succession lui reviendra.<br \/>\nSi vos deux parents sont en vie, votre succession sera r\u00e9partie \u00e0 parts \u00e9gales entre eux.<\/td>\n<\/tr>\n<tr>\n<td align=\"left\">Pas d\u2019\u00e9poux survivant ni d\u2019enfant ni de petits-enfants ni aucun des deux parents<\/td>\n<td align=\"left\">Votre succession sera divis\u00e9e en parts \u00e9gales entre vos fr\u00e8res et s\u0153urs. Si un fr\u00e8re ou une s\u0153ur est d\u00e9c\u00e9d\u00e9(e), sa part sera divis\u00e9e entre ses enfants.<\/td>\n<\/tr>\n<\/tbody>\n<\/table>\n<\/div>\n<p>En r\u00e8gle g\u00e9n\u00e9rale, si une personne qui aurait h\u00e9rit\u00e9 d\u2019une partie de vos biens en vertu de la <em>Loi sur la d\u00e9volution des successions<\/em> d\u00e9c\u00e8de avant vous, ses enfants re\u00e7oivent sa part de votre succession<\/p>\n<\/div><\/div><\/div><div class=\"fusion-panel panel-default panel-337b85a2ad2072f07 fusion-toggle-has-divider\" style=\"--awb-title-color:var(--awb-color8);--awb-content-color:var(--awb-color8);\"><div class=\"panel-heading\"><h4 class=\"panel-title toggle\" id=\"toggle_337b85a2ad2072f07\"><a aria-expanded=\"false\" aria-controls=\"337b85a2ad2072f07\" role=\"button\" data-toggle=\"collapse\" data-target=\"#337b85a2ad2072f07\" href=\"#337b85a2ad2072f07\"><span class=\"fusion-toggle-icon-wrapper\" aria-hidden=\"true\"><i class=\"fa-fusion-box active-icon awb-icon-minus\" aria-hidden=\"true\"><\/i><i class=\"fa-fusion-box inactive-icon awb-icon-plus\" aria-hidden=\"true\"><\/i><\/span><span class=\"fusion-toggle-heading\">Conjoints de fait, beaux-fils et belles-filles<\/span><\/a><\/h4><\/div><div id=\"337b85a2ad2072f07\" class=\"panel-collapse collapse \" aria-labelledby=\"toggle_337b85a2ad2072f07\"><div class=\"panel-body toggle-content fusion-clearfix\">\n<p>La <em>Loi sur la d\u00e9volution des successions<\/em> ne pr\u00e9voit aucune distribution de succession aux conjoints de fait ni aux beaux-fils et aux belles-filles. Seuls les conjoints mari\u00e9s et les enfants biologiques ou officiellement adopt\u00e9s peuvent h\u00e9riter en cas de d\u00e9c\u00e8s intestat.<\/p>\n<p>En r\u00e8gle g\u00e9n\u00e9rale, vous devez r\u00e9diger un testament si vous souhaitez l\u00e9guer une partie de vos biens \u00e0 votre conjoint de fait, \u00e0 un beau-fils ou \u00e0 une belle-fille.<\/p>\n<p>Il est toutefois possible que votre conjoint(e) de fait ou vos beaux-enfants aient droit \u00e0 une partie de votre succession s\u2019ils sont financi\u00e8rement d\u00e9pendants de vous au moment de votre d\u00e9c\u00e8s. Certaines lois, comme la <em>Loi sur la provision pour personnes \u00e0 charge<\/em>, peuvent \u00eatre invoqu\u00e9es par des personnes \u00e0 charge pour demander \u00e0 la Cour du Banc du Roi du Nouveau-Brunswick d\u2019ordonner \u00e0 votre succession de leur fournir une aide financi\u00e8re. Si la Cour du Banc du Roi acc\u00e8de \u00e0 une telle demande, elle d\u00e9cide du montant d\u00fb aux personnes \u00e0 votre charge et ordonnera \u00e0 la Cour des successions de le pr\u00e9lever sur votre succession. Le reste de la succession sera attribu\u00e9 aux personnes pr\u00e9vues par la <em>Loi sur la d\u00e9volution des successions<\/em>.<\/p>\n<\/div><\/div><\/div><div class=\"fusion-panel panel-default panel-851788f834014e02b fusion-toggle-has-divider\" style=\"--awb-title-color:var(--awb-color8);--awb-content-color:var(--awb-color8);\"><div class=\"panel-heading\"><h4 class=\"panel-title toggle\" id=\"toggle_851788f834014e02b\"><a aria-expanded=\"false\" aria-controls=\"851788f834014e02b\" role=\"button\" data-toggle=\"collapse\" data-target=\"#851788f834014e02b\" href=\"#851788f834014e02b\"><span class=\"fusion-toggle-icon-wrapper\" aria-hidden=\"true\"><i class=\"fa-fusion-box active-icon awb-icon-minus\" aria-hidden=\"true\"><\/i><i class=\"fa-fusion-box inactive-icon awb-icon-plus\" aria-hidden=\"true\"><\/i><\/span><span class=\"fusion-toggle-heading\">\u00c9poux s\u00e9par\u00e9s<\/span><\/a><\/h4><\/div><div id=\"851788f834014e02b\" class=\"panel-collapse collapse \" aria-labelledby=\"toggle_851788f834014e02b\"><div class=\"panel-body toggle-content fusion-clearfix\">\n<p>Si, au moment de votre d\u00e9c\u00e8s, vous \u00eates s\u00e9par\u00e9(e) de votre \u00e9poux sans \u00eatre officiellement divorc\u00e9s, votre \u00e9poux est toujours votre h\u00e9ritier au sens de la <em>Loi sur la d\u00e9volution des successions<\/em>. En g\u00e9n\u00e9ral, cette personne h\u00e9ritera d\u2019une partie ou de la totalit\u00e9 de votre succession comme si vous n\u2019\u00e9tiez pas s\u00e9par\u00e9(e)s.<\/p>\n<p>Toutefois, si vous \u00eates s\u00e9par\u00e9(e) depuis longtemps, il se peut qu\u2019une partie de vos biens matrimoniaux soit int\u00e9gr\u00e9e \u00e0 votre succession g\u00e9n\u00e9rale. Il est \u00e9galement possible que les r\u00e8gles changent si vous avez conclu un arrangement conjugal, comme une entente de s\u00e9paration. Si vous \u00eates s\u00e9par\u00e9(e) au moment du d\u00e9c\u00e8s de votre \u00e9poux, vous devriez consulter un avocat.<\/p>\n<\/div><\/div><\/div><\/div><\/div><\/div><\/div><\/div><\/div><\/p>\n","protected":false},"excerpt":{"rendered":"","protected":false},"author":1,"featured_media":0,"parent":492,"menu_order":0,"comment_status":"closed","ping_status":"closed","template":"","meta":{"footnotes":""},"categories":[44,52],"tags":[],"class_list":["post-496","page","type-page","status-publish","hentry","category-law-topics-fr","category-testaments-successions"],"_links":{"self":[{"href":"https:\/\/legalinfonb.ca\/fr\/wp-json\/wp\/v2\/pages\/496","targetHints":{"allow":["GET"]}}],"collection":[{"href":"https:\/\/legalinfonb.ca\/fr\/wp-json\/wp\/v2\/pages"}],"about":[{"href":"https:\/\/legalinfonb.ca\/fr\/wp-json\/wp\/v2\/types\/page"}],"author":[{"embeddable":true,"href":"https:\/\/legalinfonb.ca\/fr\/wp-json\/wp\/v2\/users\/1"}],"replies":[{"embeddable":true,"href":"https:\/\/legalinfonb.ca\/fr\/wp-json\/wp\/v2\/comments?post=496"}],"version-history":[{"count":5,"href":"https:\/\/legalinfonb.ca\/fr\/wp-json\/wp\/v2\/pages\/496\/revisions"}],"predecessor-version":[{"id":2311,"href":"https:\/\/legalinfonb.ca\/fr\/wp-json\/wp\/v2\/pages\/496\/revisions\/2311"}],"up":[{"embeddable":true,"href":"https:\/\/legalinfonb.ca\/fr\/wp-json\/wp\/v2\/pages\/492"}],"wp:attachment":[{"href":"https:\/\/legalinfonb.ca\/fr\/wp-json\/wp\/v2\/media?parent=496"}],"wp:term":[{"taxonomy":"category","embeddable":true,"href":"https:\/\/legalinfonb.ca\/fr\/wp-json\/wp\/v2\/categories?post=496"},{"taxonomy":"post_tag","embeddable":true,"href":"https:\/\/legalinfonb.ca\/fr\/wp-json\/wp\/v2\/tags?post=496"}],"curies":[{"name":"wp","href":"https:\/\/api.w.org\/{rel}","templated":true}]}}