{"id":514,"date":"2024-02-11T23:26:41","date_gmt":"2024-02-12T03:26:41","guid":{"rendered":"https:\/\/legalinfonb.ca\/info-legale\/testaments-procurations\/choosing-your-executor\/"},"modified":"2024-04-03T12:12:02","modified_gmt":"2024-04-03T12:12:02","slug":"choix-executeur-testamentaire","status":"publish","type":"page","link":"https:\/\/legalinfonb.ca\/fr\/info-legale\/testaments-procurations\/choix-executeur-testamentaire\/","title":{"rendered":"Choix d\u2019un ex\u00e9cuteur testamentaire"},"content":{"rendered":"<p><div class=\"fusion-fullwidth fullwidth-box fusion-builder-row-1 fusion-flex-container has-pattern-background has-mask-background nonhundred-percent-fullwidth non-hundred-percent-height-scrolling\" style=\"--awb-border-radius-top-left:0px;--awb-border-radius-top-right:0px;--awb-border-radius-bottom-right:0px;--awb-border-radius-bottom-left:0px;--awb-flex-wrap:wrap;\" ><div class=\"fusion-builder-row fusion-row fusion-flex-align-items-flex-start fusion-flex-content-wrap\" style=\"max-width:104%;margin-left: calc(-4% \/ 2 );margin-right: calc(-4% \/ 2 );\"><div class=\"fusion-layout-column fusion_builder_column fusion-builder-column-0 fusion_builder_column_1_1 1_1 fusion-flex-column\" style=\"--awb-bg-size:cover;--awb-width-large:100%;--awb-margin-top-large:0px;--awb-spacing-right-large:1.92%;--awb-margin-bottom-large:20px;--awb-spacing-left-large:1.92%;--awb-width-medium:100%;--awb-order-medium:0;--awb-spacing-right-medium:1.92%;--awb-spacing-left-medium:1.92%;--awb-width-small:100%;--awb-order-small:0;--awb-spacing-right-small:1.92%;--awb-spacing-left-small:1.92%;\"><div class=\"fusion-column-wrapper fusion-column-has-shadow fusion-flex-justify-content-flex-start fusion-content-layout-column\"><div class=\"fusion-title title fusion-title-1 fusion-sep-none fusion-title-text fusion-title-size-one\"><h1 class=\"fusion-title-heading title-heading-left\" style=\"margin:0;\">Choix d\u2019un ex\u00e9cuteur testamentaire<\/h1><\/div><\/div><\/div><\/div><\/div><div class=\"fusion-fullwidth fullwidth-box fusion-builder-row-2 fusion-flex-container has-pattern-background has-mask-background nonhundred-percent-fullwidth non-hundred-percent-height-scrolling\" style=\"--awb-border-radius-top-left:0px;--awb-border-radius-top-right:0px;--awb-border-radius-bottom-right:0px;--awb-border-radius-bottom-left:0px;--awb-flex-wrap:wrap;\" ><div class=\"fusion-builder-row fusion-row fusion-flex-align-items-flex-start fusion-flex-content-wrap\" style=\"max-width:104%;margin-left: calc(-4% \/ 2 );margin-right: calc(-4% \/ 2 );\"><div class=\"fusion-layout-column fusion_builder_column fusion-builder-column-1 fusion_builder_column_1_1 1_1 fusion-flex-column\" style=\"--awb-bg-size:cover;--awb-width-large:100%;--awb-margin-top-large:0px;--awb-spacing-right-large:1.92%;--awb-margin-bottom-large:20px;--awb-spacing-left-large:1.92%;--awb-width-medium:100%;--awb-order-medium:0;--awb-spacing-right-medium:1.92%;--awb-spacing-left-medium:1.92%;--awb-width-small:100%;--awb-order-small:0;--awb-spacing-right-small:1.92%;--awb-spacing-left-small:1.92%;\"><div class=\"fusion-column-wrapper fusion-column-has-shadow fusion-flex-justify-content-flex-start fusion-content-layout-column\"><div class=\"fusion-text fusion-text-1\"><p>Lorsque vous r\u00e9digez un testament, vous devez choisir <strong>un ex\u00e9cuteur <\/strong>testamentaire qui devra ex\u00e9cuter les instructions de votre testament apr\u00e8s votre d\u00e9c\u00e8s.<\/p>\n<p>La fonction d\u2019ex\u00e9cuteur testamentaire comporte g\u00e9n\u00e9ralement de grandes responsabilit\u00e9s, notamment\u00a0:<\/p>\n<ul>\n<li>l\u2019organisation de vos fun\u00e9railles;<\/li>\n<li>la recherche de votre testament original;<\/li>\n<li>l\u2019\u00e9tablissement d\u2019une liste de tous vos biens;<\/li>\n<li>la demande d\u2019une lettre d\u2019homologation \u00e0 la Cour des successions, si n\u00e9cessaire;<\/li>\n<li>le paiement de vos dettes;<\/li>\n<li>le traitement de vos d\u00e9clarations fiscales;<\/li>\n<li>la distribution de vos biens comme vous l\u2019avez indiqu\u00e9 dans votre testament.<\/li>\n<\/ul>\n<p>Votre ex\u00e9cuteur testamentaire doit tenir des registres d\u00e9taill\u00e9s sur tout ce qu\u2019il ou elle fait pour g\u00e9rer votre succession. Il se peut que votre ex\u00e9cuteur doive faire appel \u00e0 des professionnels (p. ex. un comptable ou un avocat) pour l\u2019aider \u00e0 g\u00e9rer votre succession. Il ou elle pourra utiliser votre patrimoine pour payer les honoraires de ces professionnels, pour autant que les d\u00e9penses soient raisonnables.<\/p>\n<\/div><\/div><\/div><\/div><\/div><div class=\"fusion-fullwidth fullwidth-box fusion-builder-row-3 fusion-flex-container has-pattern-background has-mask-background nonhundred-percent-fullwidth non-hundred-percent-height-scrolling\" style=\"--awb-border-radius-top-left:0px;--awb-border-radius-top-right:0px;--awb-border-radius-bottom-right:0px;--awb-border-radius-bottom-left:0px;--awb-flex-wrap:wrap;\" ><div class=\"fusion-builder-row fusion-row fusion-flex-align-items-flex-start fusion-flex-content-wrap\" style=\"max-width:104%;margin-left: calc(-4% \/ 2 );margin-right: calc(-4% \/ 2 );\"><div class=\"fusion-layout-column fusion_builder_column fusion-builder-column-2 fusion_builder_column_1_1 1_1 fusion-flex-column\" style=\"--awb-bg-size:cover;--awb-width-large:100%;--awb-margin-top-large:0px;--awb-spacing-right-large:1.92%;--awb-margin-bottom-large:20px;--awb-spacing-left-large:1.92%;--awb-width-medium:100%;--awb-order-medium:0;--awb-spacing-right-medium:1.92%;--awb-spacing-left-medium:1.92%;--awb-width-small:100%;--awb-order-small:0;--awb-spacing-right-small:1.92%;--awb-spacing-left-small:1.92%;\"><div class=\"fusion-column-wrapper fusion-column-has-shadow fusion-flex-justify-content-flex-start fusion-content-layout-column\"><div class=\"accordian fusion-accordian\" style=\"--awb-border-size:1px;--awb-icon-size:36px;--awb-content-font-size:var(--awb-typography4-font-size);--awb-icon-alignment:right;--awb-hover-color:var(--awb-color2);--awb-border-color:var(--awb-color2);--awb-background-color:var(--awb-color1);--awb-divider-color:var(--awb-color2);--awb-divider-hover-color:var(--awb-color2);--awb-icon-color:var(--awb-color2);--awb-title-color:var(--awb-color8);--awb-content-color:var(--awb-color8);--awb-icon-box-color:var(--awb-color8);--awb-toggle-hover-accent-color:var(--awb-color2);--awb-title-font-family:&quot;Montserrat&quot;;--awb-title-font-weight:700;--awb-title-font-style:normal;--awb-title-font-size:34px;--awb-content-font-family:&quot;Open Sans&quot;;--awb-content-font-style:normal;--awb-content-font-weight:400;\"><div class=\"panel-group fusion-toggle-icon-right fusion-toggle-icon-boxed\" id=\"accordion-514-1\"><div class=\"fusion-panel panel-default panel-20ba4960ce3f5870d fusion-toggle-has-divider\" style=\"--awb-title-color:var(--awb-color8);--awb-content-color:var(--awb-color8);\"><div class=\"panel-heading\"><h4 class=\"panel-title toggle\" id=\"toggle_20ba4960ce3f5870d\"><a aria-expanded=\"false\" aria-controls=\"20ba4960ce3f5870d\" role=\"button\" data-toggle=\"collapse\" data-target=\"#20ba4960ce3f5870d\" href=\"#20ba4960ce3f5870d\"><span class=\"fusion-toggle-icon-wrapper\" aria-hidden=\"true\"><i class=\"fa-fusion-box active-icon awb-icon-minus\" aria-hidden=\"true\"><\/i><i class=\"fa-fusion-box inactive-icon awb-icon-plus\" aria-hidden=\"true\"><\/i><\/span><span class=\"fusion-toggle-heading\">Qui devez-vous nommer?<\/span><\/a><\/h4><\/div><div id=\"20ba4960ce3f5870d\" class=\"panel-collapse collapse \" aria-labelledby=\"toggle_20ba4960ce3f5870d\"><div class=\"panel-body toggle-content fusion-clearfix\">\n<p>Certaines successions sont simples \u00e0 g\u00e9rer, d\u2019autres sont plus complexes. R\u00e9fl\u00e9chissez aux comp\u00e9tences dont votre ex\u00e9cuteur aura besoin pour g\u00e9rer votre succession. Un avocat ou un comptable pourra vous conseiller sur ce choix.<\/p>\n<p>Vous devez choisir une personne ayant au moins 19\u00a0ans en qui vous avez confiance.<\/p>\n<p>Vous pouvez choisir\u00a0:<\/p>\n<ul>\n<li>un ami proche ou une personne de votre famille;<\/li>\n<li>une soci\u00e9t\u00e9 de fiducie, un avocat ou une avocate ou d\u2019autres professionnels;<\/li>\n<li>le curateur public.<\/li>\n<\/ul>\n<p>Il est recommand\u00e9 de parler \u00e0 la personne que vous souhaitez d\u00e9signer comme ex\u00e9cuteur testamentaire avant de la nommer dans votre testament. La personne de votre choix pourra toujours refuser d\u2019exercer cette fonction, m\u00eame apr\u00e8s votre d\u00e9c\u00e8s.<\/p>\n<p>Votre succession doit \u00eatre g\u00e9r\u00e9e par quelqu\u2019un. La Cour des successions nommera un administrateur pour g\u00e9rer votre succession dans les cas suivants\u00a0:<\/p>\n<ul>\n<li>Vous choisissez de ne pas d\u00e9signer d\u2019ex\u00e9cuteur testamentaire;<\/li>\n<li>La personne que vous avez choisie refuse d\u2019\u00eatre votre ex\u00e9cuteur testamentaire;<\/li>\n<li>La personne que vous avez choisie est r\u00e9voqu\u00e9e par la Cour des successions;<\/li>\n<li>La personne que vous avez choisie d\u00e9c\u00e8de avant vous.<\/li>\n<\/ul>\n<p>La Cour des successions choisit g\u00e9n\u00e9ralement un membre de la famille ou une autre personne qui lui semble appropri\u00e9e, mais que vous n\u2019auriez pas forc\u00e9ment approuv\u00e9e.<\/p>\n<p>Famille et amis<\/p>\n<p>De nombreuses personnes d\u00e9signent comme ex\u00e9cuteur testamentaire un membre de leur famille, notamment leur \u00e9poux ou encore un ami proche. Vous pouvez choisir cette solution si la personne que vous souhaitez nommer\u00a0:<\/p>\n<ul>\n<li>jouit de votre confiance totale;<\/li>\n<li>est comp\u00e9tente pour g\u00e9rer votre succession;<\/li>\n<li>a au moins 19\u00a0ans.<\/li>\n<\/ul>\n<p>Certaines personnes choisissent un associ\u00e9(e) comp\u00e9tent(e) et honn\u00eate qui conna\u00eet les b\u00e9n\u00e9ficiaires. Si votre succession comprend des int\u00e9r\u00eats commerciaux communs, il est g\u00e9n\u00e9ralement pr\u00e9f\u00e9rable de ne pas nommer votre partenaire en affaires ex\u00e9cuteur testamentaire.<\/p>\n<p><strong>Soci\u00e9t\u00e9 de fiducie, avocat= ou autres professionnels<\/strong><\/p>\n<p>Les soci\u00e9t\u00e9s de fiducie et les avocats sp\u00e9cialis\u00e9s dans les successions ont de l\u2019exp\u00e9rience en droit successoral, en droit fiscal, en gestion des placements, en patrimoine immobilier, en administration d\u2019entreprise, etc. Cette exp\u00e9rience peut \u00eatre utile pour l\u2019administration de votre succession.<\/p>\n<p>Cette solution peut vous convenir si\u00a0:<\/p>\n<ul>\n<li>votre succession est consid\u00e9rable ou compliqu\u00e9e;<\/li>\n<li>vous n\u2019avez pas d\u2019ami ou de membre de votre famille pouvant \u00eatre votre ex\u00e9cuteur testamentaire.<\/li>\n<\/ul>\n<p>Si vous envisagez cette solution, demandez d\u2019abord \u00e0 la soci\u00e9t\u00e9 de fiducie ou \u00e0 la personne si elle accepte d\u2019\u00eatre votre ex\u00e9cuteur testamentaire. Des honoraires seront probablement per\u00e7us pour les services d\u2019ex\u00e9cuteur testamentaire.<\/p>\n<p><strong>Curateur public<\/strong><\/p>\n<p>En dernier recours, si vous n\u2019avez personne pour agir en tant qu\u2019ex\u00e9cuteur testamentaire, vous pouvez nommer le <strong>curateur public<\/strong>, mais avant de d\u00e9signer le curateur public comme ex\u00e9cuteur testamentaire, vous devriez contacter son bureau pour obtenir son approbation et conna\u00eetre les prochaines \u00e9tapes. Le curateur public pr\u00e9l\u00e8vera des frais sur votre succession pour son travail d\u2019ex\u00e9cuteur testamentaire.<\/p>\n<p>La Cour des successions peut \u00e9galement d\u00e9signer le curateur public pour g\u00e9rer votre succession si personne d\u2019autre n\u2019est en mesure de le faire apr\u00e8s votre d\u00e9c\u00e8s.<\/p>\n<\/div><\/div><\/div><div class=\"fusion-panel panel-default panel-a67602b7e4b18c26b fusion-toggle-has-divider\" style=\"--awb-title-color:var(--awb-color8);--awb-content-color:var(--awb-color8);\"><div class=\"panel-heading\"><h4 class=\"panel-title toggle\" id=\"toggle_a67602b7e4b18c26b\"><a aria-expanded=\"false\" aria-controls=\"a67602b7e4b18c26b\" role=\"button\" data-toggle=\"collapse\" data-target=\"#a67602b7e4b18c26b\" href=\"#a67602b7e4b18c26b\"><span class=\"fusion-toggle-icon-wrapper\" aria-hidden=\"true\"><i class=\"fa-fusion-box active-icon awb-icon-minus\" aria-hidden=\"true\"><\/i><i class=\"fa-fusion-box inactive-icon awb-icon-plus\" aria-hidden=\"true\"><\/i><\/span><span class=\"fusion-toggle-heading\">Choisir plusieurs ex\u00e9cuteurs<\/span><\/a><\/h4><\/div><div id=\"a67602b7e4b18c26b\" class=\"panel-collapse collapse \" aria-labelledby=\"toggle_a67602b7e4b18c26b\"><div class=\"panel-body toggle-content fusion-clearfix\">\n<p>Dans votre testament, vous pouvez d\u00e9signer plusieurs ex\u00e9cuteurs testamentaires ou des ex\u00e9cuteurs suppl\u00e9ants. La d\u00e9signation de plusieurs ex\u00e9cuteurs ou d\u2019ex\u00e9cuteurs suppl\u00e9ants augmente les chances qu\u2019une personne de votre choix g\u00e8re votre succession.<\/p>\n<p>Il se peut que la personne que vous choisissez comme ex\u00e9cuteur testamentaire ne soit pas en mesure de g\u00e9rer votre succession au moment de votre d\u00e9c\u00e8s. Il est \u00e9galement possible que la personne que vous pr\u00e9f\u00e9rez refuse d\u2019\u00eatre votre ex\u00e9cuteur testamentaire, qu\u2019elle soit r\u00e9voqu\u00e9e par le tribunal ou qu\u2019elle d\u00e9c\u00e8de avant vous. Si vous avez plusieurs ex\u00e9cuteurs ou des ex\u00e9cuteurs suppl\u00e9ants, ils deviennent responsables de la gestion de votre succession.<\/p>\n<p>Si aucun ex\u00e9cuteur testamentaire n\u2019est disponible, la Cour des successions nommera un administrateur pour g\u00e9rer votre succession et il est possible que ce choix ne vous aurait pas plu.<\/p>\n<p>Dans votre testament, vous pouvez d\u00e9signer plusieurs ex\u00e9cuteurs testamentaires et des ex\u00e9cuteurs suppl\u00e9ants.<\/p>\n<p><strong>Plusieurs ex\u00e9cuteurs<\/strong><\/p>\n<p>La d\u00e9signation de plusieurs ex\u00e9cuteurs testamentaires signifie que vous chargez simultan\u00e9ment au moins deux personnes de la gestion de votre succession. Cette solution peut s\u2019av\u00e9rer utile si vous avez une succession consid\u00e9rable ou compliqu\u00e9e. Toutefois, si les ex\u00e9cuteurs testamentaires sont tous des membres de la famille ou des amis, ils peuvent avoir de la difficult\u00e9 \u00e0 se mettre d\u2019accord sur la gestion de votre succession. Vous devez indiquer dans votre testament comment vous souhaitez que vos diff\u00e9rents ex\u00e9cuteurs g\u00e8rent votre succession et comment r\u00e9gler les \u00e9ventuels d\u00e9saccords.<\/p>\n<p>Il peut alors \u00eatre utile de d\u00e9signer parmi vos ex\u00e9cuteurs testamentaires un tiers professionnel neutre, tel qu\u2019un comptable ou un avocat ayant l\u2019habitude de g\u00e9rer des successions. Les professionnels pourront r\u00e9soudre rapidement les difficult\u00e9s et les probl\u00e8mes susceptibles de survenir.<\/p>\n<p><strong>Ex\u00e9cuteurs suppl\u00e9ants<\/strong><\/p>\n<p>Un ex\u00e9cuteur suppl\u00e9ant est en quelque sorte un ex\u00e9cuteur rempla\u00e7ant. L\u2019ex\u00e9cuteur suppl\u00e9ant devient votre ex\u00e9cuteur uniquement si votre ex\u00e9cuteur principal\u00a0:<\/p>\n<ul>\n<li>refuse d\u2019\u00eatre votre ex\u00e9cuteur;<\/li>\n<li>d\u00e9c\u00e8de avant vous;<\/li>\n<li>est revoqu\u00e9 par la Cour des successions.<\/li>\n<\/ul>\n<\/div><\/div><\/div><div class=\"fusion-panel panel-default panel-2fa604e4dfd5b999f fusion-toggle-has-divider\" style=\"--awb-title-color:var(--awb-color8);--awb-content-color:var(--awb-color8);\"><div class=\"panel-heading\"><h4 class=\"panel-title toggle\" id=\"toggle_2fa604e4dfd5b999f\"><a aria-expanded=\"false\" aria-controls=\"2fa604e4dfd5b999f\" role=\"button\" data-toggle=\"collapse\" data-target=\"#2fa604e4dfd5b999f\" href=\"#2fa604e4dfd5b999f\"><span class=\"fusion-toggle-icon-wrapper\" aria-hidden=\"true\"><i class=\"fa-fusion-box active-icon awb-icon-minus\" aria-hidden=\"true\"><\/i><i class=\"fa-fusion-box inactive-icon awb-icon-plus\" aria-hidden=\"true\"><\/i><\/span><span class=\"fusion-toggle-heading\">Si votre ex\u00e9cuteur d\u00e9c\u00e8de avant vous<\/span><\/a><\/h4><\/div><div id=\"2fa604e4dfd5b999f\" class=\"panel-collapse collapse \" aria-labelledby=\"toggle_2fa604e4dfd5b999f\"><div class=\"panel-body toggle-content fusion-clearfix\">\n<p>Si votre ex\u00e9cuteur testamentaire d\u00e9c\u00e8de avant vous, vous devez en choisir un autre imm\u00e9diatement. Vous n\u2019avez pas \u00e0 \u00e9tablir un nouveau testament. Vous pouvez d\u00e9signer votre nouvel ex\u00e9cuteur au moyen d\u2019un <strong>codicille<\/strong> ajout\u00e9 \u00e0 votre testament. Ce document modifie le testament sans le remplacer. Un avocat ou une avocate pourra vous expliquer comment modifier votre testament.<\/p>\n<p>Si vous ne d\u00e9signez pas de nouvel ex\u00e9cuteur testamentaire et qu\u2019il n\u2019y a pas de suppl\u00e9ant, la Cour des successions devra nommer <strong>un administrateur <\/strong>pour g\u00e9rer votre succession \u00e0 votre d\u00e9c\u00e8s. Il est possible que cette personne ne corresponde pas \u00e0 ce que vous auriez voulu.<\/p>\n<\/div><\/div><\/div><div class=\"fusion-panel panel-default panel-8ac7068c88eac233f fusion-toggle-has-divider\" style=\"--awb-title-color:var(--awb-color8);--awb-content-color:var(--awb-color8);\"><div class=\"panel-heading\"><h4 class=\"panel-title toggle\" id=\"toggle_8ac7068c88eac233f\"><a aria-expanded=\"false\" aria-controls=\"8ac7068c88eac233f\" role=\"button\" data-toggle=\"collapse\" data-target=\"#8ac7068c88eac233f\" href=\"#8ac7068c88eac233f\"><span class=\"fusion-toggle-icon-wrapper\" aria-hidden=\"true\"><i class=\"fa-fusion-box active-icon awb-icon-minus\" aria-hidden=\"true\"><\/i><i class=\"fa-fusion-box inactive-icon awb-icon-plus\" aria-hidden=\"true\"><\/i><\/span><span class=\"fusion-toggle-heading\">R\u00e9mun\u00e9ration de votre ex\u00e9cuteur<\/span><\/a><\/h4><\/div><div id=\"8ac7068c88eac233f\" class=\"panel-collapse collapse \" aria-labelledby=\"toggle_8ac7068c88eac233f\"><div class=\"panel-body toggle-content fusion-clearfix\">\n<p>Les ex\u00e9cuteurs testamentaires ont le droit d\u2019\u00eatre r\u00e9mun\u00e9r\u00e9s pour la gestion d\u2019une succession. Dans votre testament, vous pouvez indiquer le montant de la r\u00e9mun\u00e9ration de votre ex\u00e9cuteur testamentaire, qui pourra alors se r\u00e9mun\u00e9rer en utilisant l\u2019argent de votre succession.<\/p>\n<p>Si vous n\u2019indiquez pas dans votre testament le montant de cette r\u00e9mun\u00e9ration, votre ex\u00e9cuteur pourra demander une <strong>r\u00e9mun\u00e9ration raisonnable<\/strong> \u00e0 la Cour des successions. La r\u00e9mun\u00e9ration et les \u00e9ventuels frais de justice li\u00e9s \u00e0 la pr\u00e9sentation de la demande \u00e0 la Cour des successions seront pr\u00e9lev\u00e9s sur votre succession.<\/p>\n<p>Si plusieurs ex\u00e9cuteurs testamentaires sont d\u00e9sign\u00e9s, ils se partageront la r\u00e9mun\u00e9ration que vous ou la Cour des successions leur aurez accord\u00e9e. Les ex\u00e9cuteurs testamentaires devront payer des imp\u00f4ts sur leur r\u00e9mun\u00e9ration.<\/p>\n<p>Il est possible que des membres de votre famille ou des amis acceptent d\u2019agir gratuitement en tant qu\u2019ex\u00e9cuteurs testamentaires.<\/p>\n<p>Les professionnels (avocats, comptables, soci\u00e9t\u00e9s de fiducie, etc.) s\u2019attendent \u00e0 \u00eatre r\u00e9mun\u00e9r\u00e9s pour agir en tant qu\u2019ex\u00e9cuteurs testamentaires. Si vous choisissez cette solution, prenez le temps de convenir du co\u00fbt du service et des modalit\u00e9s de paiement.<\/p>\n<\/div><\/div><\/div><\/div><\/div><\/div><\/div><\/div><\/div><\/p>\n","protected":false},"excerpt":{"rendered":"","protected":false},"author":1,"featured_media":0,"parent":492,"menu_order":0,"comment_status":"closed","ping_status":"closed","template":"","meta":{"footnotes":""},"categories":[44,52],"tags":[],"class_list":["post-514","page","type-page","status-publish","hentry","category-law-topics-fr","category-testaments-successions"],"_links":{"self":[{"href":"https:\/\/legalinfonb.ca\/fr\/wp-json\/wp\/v2\/pages\/514","targetHints":{"allow":["GET"]}}],"collection":[{"href":"https:\/\/legalinfonb.ca\/fr\/wp-json\/wp\/v2\/pages"}],"about":[{"href":"https:\/\/legalinfonb.ca\/fr\/wp-json\/wp\/v2\/types\/page"}],"author":[{"embeddable":true,"href":"https:\/\/legalinfonb.ca\/fr\/wp-json\/wp\/v2\/users\/1"}],"replies":[{"embeddable":true,"href":"https:\/\/legalinfonb.ca\/fr\/wp-json\/wp\/v2\/comments?post=514"}],"version-history":[{"count":2,"href":"https:\/\/legalinfonb.ca\/fr\/wp-json\/wp\/v2\/pages\/514\/revisions"}],"predecessor-version":[{"id":516,"href":"https:\/\/legalinfonb.ca\/fr\/wp-json\/wp\/v2\/pages\/514\/revisions\/516"}],"up":[{"embeddable":true,"href":"https:\/\/legalinfonb.ca\/fr\/wp-json\/wp\/v2\/pages\/492"}],"wp:attachment":[{"href":"https:\/\/legalinfonb.ca\/fr\/wp-json\/wp\/v2\/media?parent=514"}],"wp:term":[{"taxonomy":"category","embeddable":true,"href":"https:\/\/legalinfonb.ca\/fr\/wp-json\/wp\/v2\/categories?post=514"},{"taxonomy":"post_tag","embeddable":true,"href":"https:\/\/legalinfonb.ca\/fr\/wp-json\/wp\/v2\/tags?post=514"}],"curies":[{"name":"wp","href":"https:\/\/api.w.org\/{rel}","templated":true}]}}