{"id":517,"date":"2024-02-11T23:25:53","date_gmt":"2024-02-12T03:25:53","guid":{"rendered":"https:\/\/legalinfonb.ca\/info-legale\/testaments-procurations\/changing-or-revoking-a-will\/"},"modified":"2024-04-03T12:13:06","modified_gmt":"2024-04-03T12:13:06","slug":"revocation-modification-testament","status":"publish","type":"page","link":"https:\/\/legalinfonb.ca\/fr\/info-legale\/testaments-procurations\/revocation-modification-testament\/","title":{"rendered":"R\u00e9vocation et modification d\u2019un testament"},"content":{"rendered":"<p><div class=\"fusion-fullwidth fullwidth-box fusion-builder-row-1 fusion-flex-container has-pattern-background has-mask-background nonhundred-percent-fullwidth non-hundred-percent-height-scrolling\" style=\"--awb-border-radius-top-left:0px;--awb-border-radius-top-right:0px;--awb-border-radius-bottom-right:0px;--awb-border-radius-bottom-left:0px;--awb-flex-wrap:wrap;\" ><div class=\"fusion-builder-row fusion-row fusion-flex-align-items-flex-start fusion-flex-content-wrap\" style=\"max-width:104%;margin-left: calc(-4% \/ 2 );margin-right: calc(-4% \/ 2 );\"><div class=\"fusion-layout-column fusion_builder_column fusion-builder-column-0 fusion_builder_column_1_1 1_1 fusion-flex-column\" style=\"--awb-bg-size:cover;--awb-width-large:100%;--awb-margin-top-large:0px;--awb-spacing-right-large:1.92%;--awb-margin-bottom-large:20px;--awb-spacing-left-large:1.92%;--awb-width-medium:100%;--awb-order-medium:0;--awb-spacing-right-medium:1.92%;--awb-spacing-left-medium:1.92%;--awb-width-small:100%;--awb-order-small:0;--awb-spacing-right-small:1.92%;--awb-spacing-left-small:1.92%;\"><div class=\"fusion-column-wrapper fusion-column-has-shadow fusion-flex-justify-content-flex-start fusion-content-layout-column\"><div class=\"fusion-title title fusion-title-1 fusion-sep-none fusion-title-text fusion-title-size-one\"><h1 class=\"fusion-title-heading title-heading-left\" style=\"margin:0;\">R\u00e9vocation et modification d\u2019un testament<\/h1><\/div><\/div><\/div><\/div><\/div><div class=\"fusion-fullwidth fullwidth-box fusion-builder-row-2 fusion-flex-container has-pattern-background has-mask-background nonhundred-percent-fullwidth non-hundred-percent-height-scrolling\" style=\"--awb-border-radius-top-left:0px;--awb-border-radius-top-right:0px;--awb-border-radius-bottom-right:0px;--awb-border-radius-bottom-left:0px;--awb-flex-wrap:wrap;\" ><div class=\"fusion-builder-row fusion-row fusion-flex-align-items-flex-start fusion-flex-content-wrap\" style=\"max-width:104%;margin-left: calc(-4% \/ 2 );margin-right: calc(-4% \/ 2 );\"><div class=\"fusion-layout-column fusion_builder_column fusion-builder-column-1 fusion_builder_column_1_1 1_1 fusion-flex-column\" style=\"--awb-bg-size:cover;--awb-width-large:100%;--awb-margin-top-large:0px;--awb-spacing-right-large:1.92%;--awb-margin-bottom-large:20px;--awb-spacing-left-large:1.92%;--awb-width-medium:100%;--awb-order-medium:0;--awb-spacing-right-medium:1.92%;--awb-spacing-left-medium:1.92%;--awb-width-small:100%;--awb-order-small:0;--awb-spacing-right-small:1.92%;--awb-spacing-left-small:1.92%;\"><div class=\"fusion-column-wrapper fusion-column-has-shadow fusion-flex-justify-content-flex-start fusion-content-layout-column\"><div class=\"fusion-text fusion-text-1\"><p>Vous pouvez modifier ou r\u00e9voquer votre testament \u00e0 votre guise jusqu\u2019\u00e0 votre d\u00e9c\u00e8s, pour autant que vous soyez <strong>apte<\/strong> \u00e0 le faire. Il se peut que vous souhaitiez modifier ou r\u00e9voquer votre testament parce que vous avez chang\u00e9 d\u2019avis ou parce que votre vie personnelle a \u00e9volu\u00e9, notamment dans les circonstances suivantes\u00a0:<\/p>\n<ul>\n<li>mariage ou divorce;<\/li>\n<li>d\u00e9c\u00e8s d\u2019une personne proche;<\/li>\n<li>nouvel enfant ou nouveau petit-enfant;<\/li>\n<li>\u00e9volution de votre situation financi\u00e8re ou de votre patrimoine.<\/li>\n<\/ul>\n<p>Dans ces cas, il peut \u00eatre utile de modifier ou de r\u00e9voquer votre testament en fonction de vos souhaits actuels et de votre situation financi\u00e8re pr\u00e9sente, afin d\u2019\u00e9viter toute confusion apr\u00e8s votre d\u00e9c\u00e8s. Mais il y a une proc\u00e9dure \u00e0 suivre. La r\u00e9daction d\u2019un nouveau testament n\u2019entra\u00eene pas automatiquement la r\u00e9vocation ou la modification de votre testament ant\u00e9rieur.<\/p>\n<\/div><\/div><\/div><\/div><\/div><div class=\"fusion-fullwidth fullwidth-box fusion-builder-row-3 fusion-flex-container has-pattern-background has-mask-background nonhundred-percent-fullwidth non-hundred-percent-height-scrolling\" style=\"--awb-border-radius-top-left:0px;--awb-border-radius-top-right:0px;--awb-border-radius-bottom-right:0px;--awb-border-radius-bottom-left:0px;--awb-flex-wrap:wrap;\" ><div class=\"fusion-builder-row fusion-row fusion-flex-align-items-flex-start fusion-flex-content-wrap\" style=\"max-width:104%;margin-left: calc(-4% \/ 2 );margin-right: calc(-4% \/ 2 );\"><div class=\"fusion-layout-column fusion_builder_column fusion-builder-column-2 fusion_builder_column_1_1 1_1 fusion-flex-column\" style=\"--awb-bg-size:cover;--awb-width-large:100%;--awb-margin-top-large:0px;--awb-spacing-right-large:1.92%;--awb-margin-bottom-large:20px;--awb-spacing-left-large:1.92%;--awb-width-medium:100%;--awb-order-medium:0;--awb-spacing-right-medium:1.92%;--awb-spacing-left-medium:1.92%;--awb-width-small:100%;--awb-order-small:0;--awb-spacing-right-small:1.92%;--awb-spacing-left-small:1.92%;\"><div class=\"fusion-column-wrapper fusion-column-has-shadow fusion-flex-justify-content-flex-start fusion-content-layout-column\"><div class=\"accordian fusion-accordian\" style=\"--awb-border-size:1px;--awb-icon-size:36px;--awb-content-font-size:var(--awb-typography4-font-size);--awb-icon-alignment:right;--awb-hover-color:var(--awb-color2);--awb-border-color:var(--awb-color2);--awb-background-color:var(--awb-color1);--awb-divider-color:var(--awb-color2);--awb-divider-hover-color:var(--awb-color2);--awb-icon-color:var(--awb-color2);--awb-title-color:var(--awb-color8);--awb-content-color:var(--awb-color8);--awb-icon-box-color:var(--awb-color8);--awb-toggle-hover-accent-color:var(--awb-color2);--awb-title-font-family:&quot;Montserrat&quot;;--awb-title-font-weight:700;--awb-title-font-style:normal;--awb-title-font-size:34px;--awb-content-font-family:&quot;Open Sans&quot;;--awb-content-font-style:normal;--awb-content-font-weight:400;\"><div class=\"panel-group fusion-toggle-icon-right fusion-toggle-icon-boxed\" id=\"accordion-517-1\"><div class=\"fusion-panel panel-default panel-ac220fdfd233b6b69 fusion-toggle-has-divider\" style=\"--awb-title-color:var(--awb-color8);--awb-content-color:var(--awb-color8);\"><div class=\"panel-heading\"><h4 class=\"panel-title toggle\" id=\"toggle_ac220fdfd233b6b69\"><a aria-expanded=\"false\" aria-controls=\"ac220fdfd233b6b69\" role=\"button\" data-toggle=\"collapse\" data-target=\"#ac220fdfd233b6b69\" href=\"#ac220fdfd233b6b69\"><span class=\"fusion-toggle-icon-wrapper\" aria-hidden=\"true\"><i class=\"fa-fusion-box active-icon awb-icon-minus\" aria-hidden=\"true\"><\/i><i class=\"fa-fusion-box inactive-icon awb-icon-plus\" aria-hidden=\"true\"><\/i><\/span><span class=\"fusion-toggle-heading\">R\u00e9vocation d\u2019un testament<\/span><\/a><\/h4><\/div><div id=\"ac220fdfd233b6b69\" class=\"panel-collapse collapse \" aria-labelledby=\"toggle_ac220fdfd233b6b69\"><div class=\"panel-body toggle-content fusion-clearfix\">\n<p>La r\u00e9vocation d\u2019un testament signifie l\u2019annulation totale ou partielle du testament. En g\u00e9n\u00e9ral, un testament peut \u00eatre r\u00e9voqu\u00e9 de deux mani\u00e8res\u00a0:<\/p>\n<ul>\n<li>r\u00e9vocation par le testateur;<\/li>\n<li>r\u00e9vocation par la loi.<\/li>\n<\/ul>\n<p>Vous pouvez r\u00e9voquer votre testament \u00e0 votre guise jusqu\u2019\u00e0 votre d\u00e9c\u00e8s, pour autant que vous soyez <strong>apte<\/strong> \u00e0 le faire. La r\u00e9vocation d\u2019un testament doit se faire selon des r\u00e8gles prescrites par la <strong><em>Loi sur les testaments<\/em><\/strong>. En g\u00e9n\u00e9ral, vous pouvez r\u00e9voquer un testament au moyen d\u2019un nouveau testament indiquant clairement que tous les testaments ant\u00e9rieurs sont r\u00e9voqu\u00e9s. La proc\u00e9dure de r\u00e9vocation d\u2019un testament peut parfois \u00eatre compliqu\u00e9e. N\u2019h\u00e9sitez pas \u00e0 contacter un avocat pour obtenir de l\u2019aide si vous envisagez de r\u00e9voquer un testament.<\/p>\n<p>Il est \u00e9galement possible qu\u2019un testament soit r\u00e9voqu\u00e9 par la loi pour des raisons juridiques, g\u00e9n\u00e9ralement apr\u00e8s des changements dans la vie du testateur. Par exemple, un mariage r\u00e9voque habituellement le testament existant, sauf s\u2019il a \u00e9t\u00e9 sp\u00e9cialement r\u00e9dig\u00e9 en pr\u00e9vision d\u2019une telle situation.<\/p>\n<p>Un avocat pourra vous dire si un changement dans votre vie entra\u00eene la r\u00e9vocation de votre testament.<\/p>\n<\/div><\/div><\/div><div class=\"fusion-panel panel-default panel-eeada0d8ee87ec168 fusion-toggle-has-divider\" style=\"--awb-title-color:var(--awb-color8);--awb-content-color:var(--awb-color8);\"><div class=\"panel-heading\"><h4 class=\"panel-title toggle\" id=\"toggle_eeada0d8ee87ec168\"><a aria-expanded=\"false\" aria-controls=\"eeada0d8ee87ec168\" role=\"button\" data-toggle=\"collapse\" data-target=\"#eeada0d8ee87ec168\" href=\"#eeada0d8ee87ec168\"><span class=\"fusion-toggle-icon-wrapper\" aria-hidden=\"true\"><i class=\"fa-fusion-box active-icon awb-icon-minus\" aria-hidden=\"true\"><\/i><i class=\"fa-fusion-box inactive-icon awb-icon-plus\" aria-hidden=\"true\"><\/i><\/span><span class=\"fusion-toggle-heading\">Modification d\u2019un testament <\/span><\/a><\/h4><\/div><div id=\"eeada0d8ee87ec168\" class=\"panel-collapse collapse \" aria-labelledby=\"toggle_eeada0d8ee87ec168\"><div class=\"panel-body toggle-content fusion-clearfix\">\n<p>Vous pouvez modifier votre testament \u00e0 votre guise jusqu\u2019\u00e0 votre d\u00e9c\u00e8s, pour autant que vous soyez <strong>apte<\/strong> \u00e0 le faire. La modification d\u2019un testament est diff\u00e9rente de sa r\u00e9vocation.<\/p>\n<p>La modification d\u2019un testament doit se faire selon des r\u00e8gles prescrites par la <strong><em>Loi sur les testaments<\/em><\/strong>. Si vos modifications ne respectent pas ces r\u00e8gles, elles risquent d\u2019\u00eatre invalid\u00e9es. Un avocat pourra vous indiquer la meilleure fa\u00e7on de modifier un testament.<\/p>\n<p>Si vous inscrivez vous-m\u00eame des modifications dans votre testament, vous risquez d\u2019en compromettre la validit\u00e9. Vous devriez demander conseil \u00e0 un avocat avant de proc\u00e9der \u00e0 des changements de cette mani\u00e8re.<\/p>\n<p><strong>Pourquoi voudriez-vous modifier votre testament?<\/strong><\/p>\n<p>Il est possible que des changements dans votre vie doivent \u00eatre pris en compte dans votre testament, sans quoi votre testament pourrait devenir plus difficile \u00e0 ex\u00e9cuter, des legs qu\u2019il contient pourraient \u00eatre invalid\u00e9s et votre testament pourrait m\u00eame \u00eatre carr\u00e9ment r\u00e9voqu\u00e9 par la loi. Une actualisation de votre testament s\u2019impose alors pour \u00e9viter ces probl\u00e8mes.<\/p>\n<p>Pensez \u00e0 demander \u00e0 un avocat de r\u00e9viser votre testament tous les trois \u00e0 cinq ans ou apr\u00e8s tout changement de votre \u00e9tat civil, de votre situation familiale ou de votre patrimoine. Vous aurez ainsi la certitude que votre testament est toujours valide et qu\u2019il refl\u00e8te encore vos souhaits.<\/p>\n<p>Vous pouvez notamment modifier votre testament si votre <strong>situation matrimoniale<\/strong> change. Le mariage conf\u00e8re de nouveaux droits \u00e0 votre \u00e9poux, qui peuvent invalider votre ancien testament. Si vous vous s\u00e9parez ou si vous divorcez, ces droits l\u00e9gaux changent et il se peut que vous souhaitiez alors modifier ce que votre \u00e9poux ou votre ex-\u00e9poux h\u00e9ritera de vous.<\/p>\n<p>Il est \u00e9galement possible que vous souhaitiez modifier votre testament apr\u00e8s un changement de votre <strong>situation familiale<\/strong>, par exemple si vous avez un nouvel enfant, si vous adoptez ou si un enfant atteint la majorit\u00e9. Ces \u00e9v\u00e9nements peuvent avoir une incidence sur votre testament en vigueur, car un testament doit tenir compte de l\u2019obligation de subvenir aux besoins des enfants \u00e0 charge.<\/p>\n<p>Il se peut aussi que vous souhaitiez modifier votre testament pour d\u2019autres raisons, par exemple\u00a0:<\/p>\n<ul>\n<li>vous d\u00e9m\u00e9nagez dans une autre province;<\/li>\n<li>vous achetez ou vendez des biens;<\/li>\n<li>vous souhaitez changer d\u2019ex\u00e9cuteur testamentaire, de fiduciaire ou de tuteur;<\/li>\n<li>votre ex\u00e9cuteur testamentaire, votre fiduciaire ou votre tuteur d\u00e9c\u00e8de;<\/li>\n<li>un autre changement important s\u2019est produit dans votre vie personnelle ou financi\u00e8re.<\/li>\n<\/ul>\n<\/div><\/div><\/div><\/div><\/div><\/div><\/div><\/div><\/div><\/p>\n","protected":false},"excerpt":{"rendered":"","protected":false},"author":1,"featured_media":0,"parent":492,"menu_order":0,"comment_status":"closed","ping_status":"closed","template":"","meta":{"footnotes":""},"categories":[44,52],"tags":[],"class_list":["post-517","page","type-page","status-publish","hentry","category-law-topics-fr","category-testaments-successions"],"_links":{"self":[{"href":"https:\/\/legalinfonb.ca\/fr\/wp-json\/wp\/v2\/pages\/517","targetHints":{"allow":["GET"]}}],"collection":[{"href":"https:\/\/legalinfonb.ca\/fr\/wp-json\/wp\/v2\/pages"}],"about":[{"href":"https:\/\/legalinfonb.ca\/fr\/wp-json\/wp\/v2\/types\/page"}],"author":[{"embeddable":true,"href":"https:\/\/legalinfonb.ca\/fr\/wp-json\/wp\/v2\/users\/1"}],"replies":[{"embeddable":true,"href":"https:\/\/legalinfonb.ca\/fr\/wp-json\/wp\/v2\/comments?post=517"}],"version-history":[{"count":2,"href":"https:\/\/legalinfonb.ca\/fr\/wp-json\/wp\/v2\/pages\/517\/revisions"}],"predecessor-version":[{"id":519,"href":"https:\/\/legalinfonb.ca\/fr\/wp-json\/wp\/v2\/pages\/517\/revisions\/519"}],"up":[{"embeddable":true,"href":"https:\/\/legalinfonb.ca\/fr\/wp-json\/wp\/v2\/pages\/492"}],"wp:attachment":[{"href":"https:\/\/legalinfonb.ca\/fr\/wp-json\/wp\/v2\/media?parent=517"}],"wp:term":[{"taxonomy":"category","embeddable":true,"href":"https:\/\/legalinfonb.ca\/fr\/wp-json\/wp\/v2\/categories?post=517"},{"taxonomy":"post_tag","embeddable":true,"href":"https:\/\/legalinfonb.ca\/fr\/wp-json\/wp\/v2\/tags?post=517"}],"curies":[{"name":"wp","href":"https:\/\/api.w.org\/{rel}","templated":true}]}}