{"id":521,"date":"2024-02-21T15:17:54","date_gmt":"2024-02-21T19:17:54","guid":{"rendered":"https:\/\/legalinfonb.ca\/info-legale\/criminelle\/victims-of-crime-you-can-ask-for-no-contact-with-the-offender\/"},"modified":"2026-04-17T09:50:55","modified_gmt":"2026-04-17T12:50:55","slug":"demander-aucune-communication-contrevenant","status":"publish","type":"page","link":"https:\/\/legalinfonb.ca\/fr\/info-legale\/victimes-de-crime\/demander-aucune-communication-contrevenant\/","title":{"rendered":"Des victimes de crime : Vous pouvez demander aucune communication avec le contrevenant"},"content":{"rendered":"<p><div class=\"fusion-fullwidth fullwidth-box fusion-builder-row-1 fusion-flex-container has-pattern-background has-mask-background nonhundred-percent-fullwidth non-hundred-percent-height-scrolling\" style=\"--awb-border-radius-top-left:0px;--awb-border-radius-top-right:0px;--awb-border-radius-bottom-right:0px;--awb-border-radius-bottom-left:0px;--awb-flex-wrap:wrap;\" ><div class=\"fusion-builder-row fusion-row fusion-flex-align-items-flex-start fusion-flex-content-wrap\" style=\"max-width:104%;margin-left: calc(-4% \/ 2 );margin-right: calc(-4% \/ 2 );\"><div class=\"fusion-layout-column fusion_builder_column fusion-builder-column-0 fusion_builder_column_1_1 1_1 fusion-flex-column\" style=\"--awb-bg-size:cover;--awb-width-large:100%;--awb-margin-top-large:0px;--awb-spacing-right-large:1.92%;--awb-margin-bottom-large:20px;--awb-spacing-left-large:1.92%;--awb-width-medium:100%;--awb-order-medium:0;--awb-spacing-right-medium:1.92%;--awb-spacing-left-medium:1.92%;--awb-width-small:100%;--awb-order-small:0;--awb-spacing-right-small:1.92%;--awb-spacing-left-small:1.92%;\"><div class=\"fusion-column-wrapper fusion-column-has-shadow fusion-flex-justify-content-flex-start fusion-content-layout-column\"><div class=\"fusion-title title fusion-title-1 fusion-sep-none fusion-title-text fusion-title-size-one\"><h1 class=\"fusion-title-heading title-heading-left\" style=\"margin:0;\">Des victimes de crime : Vous pouvez demander aucune communication avec le contrevenant<\/h1><\/div><\/div><\/div><\/div><\/div><div class=\"fusion-fullwidth fullwidth-box fusion-builder-row-2 fusion-flex-container has-pattern-background has-mask-background nonhundred-percent-fullwidth non-hundred-percent-height-scrolling\" style=\"--awb-border-radius-top-left:0px;--awb-border-radius-top-right:0px;--awb-border-radius-bottom-right:0px;--awb-border-radius-bottom-left:0px;--awb-flex-wrap:wrap;\" ><div class=\"fusion-builder-row fusion-row fusion-flex-align-items-flex-start fusion-flex-content-wrap\" style=\"max-width:104%;margin-left: calc(-4% \/ 2 );margin-right: calc(-4% \/ 2 );\"><div class=\"fusion-layout-column fusion_builder_column fusion-builder-column-1 fusion_builder_column_1_1 1_1 fusion-flex-column\" style=\"--awb-bg-size:cover;--awb-width-large:100%;--awb-margin-top-large:0px;--awb-spacing-right-large:1.92%;--awb-margin-bottom-large:20px;--awb-spacing-left-large:1.92%;--awb-width-medium:100%;--awb-order-medium:0;--awb-spacing-right-medium:1.92%;--awb-spacing-left-medium:1.92%;--awb-width-small:100%;--awb-order-small:0;--awb-spacing-right-small:1.92%;--awb-spacing-left-small:1.92%;\"><div class=\"fusion-column-wrapper fusion-column-has-shadow fusion-flex-justify-content-flex-start fusion-content-layout-column\"><div class=\"fusion-text fusion-text-1\"><p>L\u2019une des fa\u00e7ons par laquelle le syst\u00e8me de justice p\u00e9nale prot\u00e8ge les victimes d\u2019actes criminels est d\u2019interdire aux accus\u00e9s et aux contrevenants de communiquer avec la victime ou d\u2019aller la voir. C\u2019est ce qu\u2019on appelle une \u00ab\u00a0ordonnance de non-communication\u00a0\u00bb.<\/p>\n<p>Un accus\u00e9 est une personne qui a \u00e9t\u00e9 arr\u00eat\u00e9e pour un crime ou qui a \u00e9t\u00e9 inculp\u00e9e d\u2019un crime. Un contrevenant est une personne qui a \u00e9t\u00e9 reconnue coupable d\u2019un crime, soit parce que cette personne a plaid\u00e9 coupable, soit parce qu\u2019un proc\u00e8s s\u2019est tenu et que la Cour l\u2019a reconnu coupable.<\/p>\n<p>Les victimes, les t\u00e9moins ou les membres de leurs familles redoutent parfois que l\u2019accus\u00e9 communique avec eux pour les harceler ou les menacer, ou encore que cette personne d\u00e9cide d\u2019exercer une influence sur eux afin qu\u2019ils changent leur compte rendu de ce qui est survenu. Certaines victimes ont m\u00eame peur de l\u2019accus\u00e9.<\/p>\n<p>Une ordonnance de non-communication interdit \u00e0 l\u2019accus\u00e9 ou au contrevenant de communiquer avec la victime. Ceci veut dire qu\u2019il est interdit \u00e0 l\u2019accus\u00e9 ou au contrevenant de communiquer avec la victime par t\u00e9l\u00e9phone, par courriel, par message texte, par les m\u00e9dias sociaux ou de toute autre fa\u00e7on. Il lui est \u00e9galement interdit de communiquer avec la victime de mani\u00e8re indirecte, en demandant par exemple \u00e0 quelqu\u2019un de transmettre un message \u00e0 cette m\u00eame victime. Le tribunal peut cependant permettre \u00e0 un tiers, agissant au nom de l\u2019accus\u00e9 ou du contrevenant, de communiquer avec la victime sur des questions particuli\u00e8res (par exemple, pour fixer un horaire quant au temps parental).<\/p>\n<p>Une ordonnance de non-communication peut exiger de l\u2019accus\u00e9 ou du contrevenant qu\u2019il demeure \u00e0 l\u2019\u00e9cart de certains endroits, comme la r\u00e9sidence ou le lieu de travail de la victime. Un accus\u00e9 est une personne qui a \u00e9t\u00e9 arr\u00eat\u00e9e pour un crime ou qui a \u00e9t\u00e9 inculp\u00e9e d\u2019un crime. Une ordonnance de non-communication ne constitue pas une garantie de s\u00e9curit\u00e9. Les victimes devraient toujours prendre d\u2019autres pr\u00e9cautions pour assurer leur s\u00e9curit\u00e9 si elles ont des inqui\u00e9tudes.<\/p>\n<p><strong>Les victimes doivent-elles demander l\u2019imposition d\u2019une ordonnance de non-communication?<\/strong><\/p>\n<p>Les victimes qui veulent qu\u2019une ordonnance de noncommunication soit impos\u00e9e doivent le demander. Il est important que les victimes mentionnent \u00e0 la police ou au procureur de la Couronne qu\u2019elles souhaitent l\u2019imposition d\u2019une ordonnance de non-communication. Cette information sera vers\u00e9 au dossier de la police.<\/p>\n<p>Les victimes peuvent \u00e9galement demander l\u2019imposition d\u2019une ordonnance de noncommunication \u00e0 partir du au programme de d\u00e9claration quant aux r\u00e9percussions du crime. Les Services aux victimes fourniront le formulaire de demande pertinent.<\/p>\n<p><strong>Qu\u2019arrive-t-il si les victimes veulent demeurer en contact avec le contrevenant?<\/strong><\/p>\n<p>La Couronne demandera dans le cas de certaines infractions une ordonnance de noncommunication m\u00eame si la victime ne le fait pas. La loi oblige d\u2019ailleurs la Cour \u00e0 imposer des conditions interdisant la communication dans certaines circonstances.<\/p>\n<p>Si une victime souhaite demeurer en contact avec l\u2019accus\u00e9, elle devrait le mentionner imm\u00e9diatement \u00e0 la police et au procureur de la Couronne. Sinon, la victime pourrait ensuite r\u00e9aliser que le juge a impos\u00e9 une ordonnance de non-communication.<\/p>\n<p><strong>Une victime peut-elle changer d\u2019id\u00e9e apr\u00e8s qu\u2019une ordonnance de non-communication est en vigueur?<\/strong><\/p>\n<p>Si une victime change d\u2019id\u00e9e et veut que les contacts reprennent apr\u00e8s qu\u2019une ordonnance de non-communication a \u00e9t\u00e9 impos\u00e9e, l\u2019affaire sera entendue par la Cour et un juge devra statuer quant \u00e0 la demande.<\/p>\n<p>Si des contacts surviennent avant qu\u2019une nouvelle ordonnance ne soit rendue, le contrevenant pourrait \u00eatre accus\u00e9 d\u2019une nouvelle infraction criminelle et il sera probablement mis en d\u00e9tention. Si la victime institue le contact sans suivre la proc\u00e9dure prescrite, elle aussi pourrait \u00eatre inculp\u00e9e d\u2019une infraction criminelle.<\/p>\n<\/div><\/div><\/div><\/div><\/div><div class=\"fusion-fullwidth fullwidth-box fusion-builder-row-3 fusion-flex-container has-pattern-background has-mask-background nonhundred-percent-fullwidth non-hundred-percent-height-scrolling\" style=\"--awb-border-radius-top-left:0px;--awb-border-radius-top-right:0px;--awb-border-radius-bottom-right:0px;--awb-border-radius-bottom-left:0px;--awb-flex-wrap:wrap;\" ><div class=\"fusion-builder-row fusion-row fusion-flex-align-items-flex-start fusion-flex-content-wrap\" style=\"max-width:104%;margin-left: calc(-4% \/ 2 );margin-right: calc(-4% \/ 2 );\"><div class=\"fusion-layout-column fusion_builder_column fusion-builder-column-2 fusion_builder_column_1_1 1_1 fusion-flex-column\" style=\"--awb-bg-size:cover;--awb-width-large:100%;--awb-margin-top-large:0px;--awb-spacing-right-large:1.92%;--awb-margin-bottom-large:20px;--awb-spacing-left-large:1.92%;--awb-width-medium:100%;--awb-order-medium:0;--awb-spacing-right-medium:1.92%;--awb-spacing-left-medium:1.92%;--awb-width-small:100%;--awb-order-small:0;--awb-spacing-right-small:1.92%;--awb-spacing-left-small:1.92%;\"><div class=\"fusion-column-wrapper fusion-column-has-shadow fusion-flex-justify-content-flex-start fusion-content-layout-column\"><div class=\"accordian fusion-accordian\" style=\"--awb-border-size:1px;--awb-icon-size:36px;--awb-content-font-size:var(--awb-typography4-font-size);--awb-icon-alignment:right;--awb-hover-color:var(--awb-color2);--awb-border-color:var(--awb-color2);--awb-background-color:var(--awb-color1);--awb-divider-color:var(--awb-color2);--awb-divider-hover-color:var(--awb-color2);--awb-icon-color:var(--awb-color2);--awb-title-color:var(--awb-color8);--awb-content-color:var(--awb-color8);--awb-icon-box-color:var(--awb-color8);--awb-toggle-hover-accent-color:var(--awb-color2);--awb-title-font-family:&quot;Montserrat&quot;;--awb-title-font-weight:700;--awb-title-font-style:normal;--awb-title-font-size:34px;--awb-content-font-family:&quot;Open Sans&quot;;--awb-content-font-style:normal;--awb-content-font-weight:400;\"><div class=\"panel-group fusion-toggle-icon-right fusion-toggle-icon-boxed\" id=\"accordion-521-1\"><div class=\"fusion-panel panel-default panel-f0e14277fba23acea fusion-toggle-has-divider\" style=\"--awb-title-color:var(--awb-color8);--awb-content-color:var(--awb-color8);\"><div class=\"panel-heading\"><h4 class=\"panel-title toggle\" id=\"toggle_f0e14277fba23acea\"><a aria-expanded=\"false\" aria-controls=\"f0e14277fba23acea\" role=\"button\" data-toggle=\"collapse\" data-target=\"#f0e14277fba23acea\" href=\"#f0e14277fba23acea\"><span class=\"fusion-toggle-icon-wrapper\" aria-hidden=\"true\"><i class=\"fa-fusion-box active-icon awb-icon-minus\" aria-hidden=\"true\"><\/i><i class=\"fa-fusion-box inactive-icon awb-icon-plus\" aria-hidden=\"true\"><\/i><\/span><span class=\"fusion-toggle-heading\">Quand et comment une ordonnance de non-communication est-elle impos\u00e9e?<\/span><\/a><\/h4><\/div><div id=\"f0e14277fba23acea\" class=\"panel-collapse collapse \" aria-labelledby=\"toggle_f0e14277fba23acea\"><div class=\"panel-body toggle-content fusion-clearfix\">\n<p>Des conditions de non-communication peuvent \u00eatre impos\u00e9es \u00e0 diff\u00e9rents moments, notamment\u00a0:<\/p>\n<ul>\n<li>lorsque la police lib\u00e8re une personne en l\u2019assujettissant \u00e0 un engagement;<\/li>\n<li>lorsqu\u2019un juge lib\u00e8re une personne en l\u2019assujettissant \u00e0 un engagement;<\/li>\n<li>lorsqu\u2019un juge impose \u00e0 un contrevenant une peine de probation ou une condamnation avec sursis;<\/li>\n<li>lorsqu\u2019un juge impose \u00e0 un contrevenant une peine d\u2019emprisonnement;<\/li>\n<li>lorsqu\u2019un juge impose \u00e0 un contrevenant une peine pour un crime de nature sexuelle contre une jeune personne;<\/li>\n<li>lorsqu\u2019un contrevenant obtient une lib\u00e9ration anticip\u00e9e de prison;<\/li>\n<li>lorsqu\u2019un juge impose un \u00ab\u00a0Engagement de ne pas troubler l\u2019ordre public et d\u2019avoir une bonne conduite\u00a0\u00bb<\/li>\n<\/ul>\n<p>Il existe certaines diff\u00e9rences entre les conditions de non-communication d\u00e9pendant du moment o\u00f9 elles sont impos\u00e9es et par qui. Pri\u00e8re de se r\u00e9f\u00e9rer aux explications qui suivent.<\/p>\n<p><strong>Lorsque la police lib\u00e8re une personne en l\u2019assujettissant \u00e0 un engagement<\/strong><\/p>\n<p>Lorsque la police arr\u00eate une personne pour un crime, elle peut soit incarc\u00e9rer cette personne, soit la lib\u00e9rer au sein de la collectivit\u00e9. Si la police lib\u00e8re cette personne, elle l\u2019obligera g\u00e9n\u00e9ralement \u00e0 prendre un \u00ab\u00a0engagement\u00a0\u00bb aupr\u00e8s d\u2019elle. Un engagement est une promesse d\u2019observer certaines conditions. L\u2019engagement peut inclure une interdiction de communication et d\u2019autres conditions comme l\u2019interdiction d\u2019avoir des armes \u00e0 feu.<\/p>\n<p><strong>Lorsqu\u2019un juge lib\u00e8re une personne en l\u2019assujettissant \u00e0 un engagement<\/strong><\/p>\n<p>Si la police arr\u00eate une personne et ne la lib\u00e8re pas, une audience quant \u00e0 la remise en libert\u00e9 de l\u2019accus\u00e9 se tiendra devant le tribunal.<\/p>\n<p>Si le juge d\u00e9cide de lib\u00e9rer l\u2019accus\u00e9, il peut exiger de ce dernier qu\u2019il lui fournisse un engagement. L\u2019engagement peut pr\u00e9voir une condition d\u2019interdiction de communiquer avec certaines personnes, notamment la victime pr\u00e9sum\u00e9e de l\u2019acte criminel reproch\u00e9 \u00e0 l\u2019accus\u00e9. Si cet accus\u00e9 est inculp\u00e9 d\u2019un crime durant lequel il a eu recours \u00e0 la violence ou a menac\u00e9 d\u2019y recourir, le juge doit consid\u00e9rer la possibilit\u00e9 d\u2019inclure d\u2019une condition de non-communication et d\u2019une condition d\u2019interdiction de possession d\u2019armes \u00e0 feu.<\/p>\n<p>Le juge peut, m\u00eame s\u2019il d\u00e9cide que l\u2019accus\u00e9 doit demeurer en prison, ordonner \u00e0 ce dernier de ne pas communiquer avec la victime \u00e0 partir de la prison.<\/p>\n<p>Les conditions rattach\u00e9es \u00e0 un engagement contract\u00e9 devant un juge demeureront g\u00e9n\u00e9ralement en vigueur jusqu\u2019\u00e0 ce que l\u2019accus\u00e9 soit acquitt\u00e9 ou jusqu\u2019\u00e0 ce qu\u2019il soit reconnu coupable et se voit imposer une peine.<\/p>\n<p><strong>Lorsqu\u2019un juge impose \u00e0 un contrevenant une peine de probation ou une condamnation \u00e0 l\u2019emprisonnement avec sursis<\/strong><\/p>\n<p>La Cour doit inclure une condition d\u2019interdiction de non-communication lorsqu\u2019elle impose \u00e0 un contrevenant une peine de probation ou une condamnation \u00e0 l\u2019emprisonnement avec sursis.<\/p>\n<p>Une victime (ou un parent\/tuteur de celle-ci) peut choisir de donner leur consentement \u00e0 avoir des contacts avec lecontrevenant. Des circonstances exceptionnelles pourraient aussi faire en sorte que de rendre une ordonnance de condition de non-communication serait parfois contre-indiqu\u00e9e.<\/p>\n<p>Une condition de non-communication impos\u00e9es dans le cadre d\u2019une ordonnance de probation ou d\u2019une condamnation \u00e0 l\u2019emprisonnement avec sursis est g\u00e9n\u00e9ralement valide jusqu\u2019\u00e0 la fin de la peine. Une ordonnance de probation peut durer jusqu\u2019\u00e0 trois\u00a0ans et une condamnation \u00e0 l\u2019emprisonnement avec sursis peut durer jusqu\u2019\u00e0 deux\u00a0ans.<\/p>\n<p><strong>Lorsqu\u2019un juge impose \u00e0 un contrevenant une peine d\u2019emprisonnement<\/strong><\/p>\n<p>Si une victime redoute que le contrevenant communique avec elle \u00e0 partir de la prison, elle devrait faire part de ses inqui\u00e9tudes au procureur de la Couronne avant la date du prononc\u00e9 de la sentence du contrevenant. Un juge peut ordonner au contrevenant de ne pas communiquer avec la victime \u00e0 partir de prison.<\/p>\n<p><strong>Lorsqu\u2019un juge impose \u00e0 un contrevenant une peine pour un crime de nature sexuelle contre une jeune personne<\/strong><\/p>\n<p>Lorsqu\u2019un contrevenant est d\u00e9clar\u00e9 coupable d\u2019une infraction de nature sexuelle contre une personne \u00e2g\u00e9e de moins de 16\u00a0ans, la Cour doit consid\u00e9rer la possibilit\u00e9 d\u2019inclure dans la peine une ordonnance appel\u00e9e \u00ab\u00a0ordonnance d\u2019interdiction\u00a0\u00bb. Une ordonnance d\u2019interdiction peut forcer le d\u00e9linquant \u00e0<\/p>\n<ul>\n<li>ne pas se trouver \u00e0 moins de deux kilom\u00e8tres (ou de toute autre distance ordonn\u00e9e par la Cour) de la r\u00e9sidence de la victime ou d\u2019un autre endroit pr\u00e9cis\u00e9 dans l\u2019ordonnance;<\/li>\n<li>ne pas avoir de contact sans surveillance avec une personne de moins de 16\u00a0ans;<\/li>\n<li>ne pas avoir d\u2019emploi ou faire du b\u00e9n\u00e9volat pouvant le mettre dans une position qui le placerait en relation de confiance ou d\u2019autorit\u00e9 vis-\u00e0-vis de personnes \u00e2g\u00e9es de moins de 16 ans;<\/li>\n<li>ne pas utiliser Internet;<\/li>\n<li>ne pas aller dans des garderies, dans des \u00e9coles, sur des terrains de jeux ou dans des centres communautaires;<\/li>\n<li>ne pas se rendre dans des parcs publics ou des lieux de baignade publics lorsque des personnes de moins de 16\u00a0ans pourraient y \u00eatre pr\u00e9sentes. Une ordonnance d\u2019interdiction est valide durant la p\u00e9riode fix\u00e9e par la Cour. Elle peut m\u00eame \u00eatre rendue \u00e0 perp\u00e9tuit\u00e9.<\/li>\n<\/ul>\n<p><strong>Lorsqu\u2019un contrevenant obtient une lib\u00e9ration anticip\u00e9e de prison<\/strong><\/p>\n<p>Les contrevenants qui sont condamn\u00e9s \u00e0 l\u2019emprisonnement b\u00e9n\u00e9ficient souvent d\u2019une lib\u00e9ration anticip\u00e9e, dans le cadre d\u2019une \u00ab\u00a0permission de sortir\u00a0\u00bb, d\u2019une \u00ab\u00a0lib\u00e9ration conditionnelle\u00a0\u00bb ou encore d\u2019une \u00ab\u00a0lib\u00e9ration d\u2019office\u00a0\u00bb. Ceci signifie qu\u2019ils sont lib\u00e9r\u00e9s de prison avant la fin de leur peine, mais qu\u2019ils font l\u2019objet d\u2019une surveillance au sein de la collectivit\u00e9 et qu\u2019ils doivent observer certaines conditions. Les conditions prescrites peuvent inclure une interdiction de communication.<\/p>\n<p>Les contrevenants condamn\u00e9s \u00e0 une peine d\u2019emprisonnement de deux\u00a0ans ou plus purgeront leur peine dans un p\u00e9nitencier f\u00e9d\u00e9ral.<\/p>\n<p>Si une victime demande l\u2019imposition d\u2019une condition de non-communication au contrevenant, la Commission des lib\u00e9rations conditionnelles du Canada et le Service correctionnel du Canada devront imposer une telle condition de non-communication ou expliquer les raisons pour lesquelles elles ont d\u00e9cid\u00e9 de ne pas le faire si elles accordent au d\u00e9linquant une lib\u00e9ration anticip\u00e9e.<\/p>\n<p>Une condition de non-communication rattach\u00e9e \u00e0 une permission de sortir, \u00e0 une lib\u00e9ration conditionnelle ou \u00e0 une lib\u00e9ration d\u2019office peut \u00eatre valide durant toute la p\u00e9riode de lib\u00e9ration anticip\u00e9e ou une partie de celle-ci.<\/p>\n<p>Les contrevenants condamn\u00e9s \u00e0 une peine d\u2019emprisonnement de moins de deux\u00a0ans purgeront leur peine dans une prison provinciale. Les victimes peuvent s\u2019inscrire aupr\u00e8s des Services aux victimes provinciale pour \u00eatre avis\u00e9es si le contrevenant d\u00e9pose une demande de lib\u00e9ration conditionnelle.<\/p>\n<p>Pour plus de renseignements, communiquer avec la Commission des lib\u00e9rations conditionnelles du Canada et le Service correctionnel du Canada. Leurs coordonn\u00e9es figurent au bas le a page.<\/p>\n<p><strong>Lorsqu\u2019un juge impose un \u00ab\u00a0Engagement de ne pas troubler l\u2019ordre public et d\u2019avoir une bonne conduite\u00a0\u00bb<\/strong><\/p>\n<p>Un engagement de ne pas troubler l\u2019ordre public est une ordonnance du tribunal criminel. Il est pr\u00e9vu pour emp\u00eacher une personne de causer des l\u00e9sions corporelles \u00e0 une autre.<\/p>\n<p>Vous pouvez demander un engagement de ne pas troubler l\u2019ordre public contre toute personne si vous craignez qu\u2019elle ne cause des l\u00e9sions corporelles \u00e0 vous-m\u00eame ou \u00e0 votre famille, ou n\u2019endommage votre propri\u00e9t\u00e9. Le d\u00e9fendeur peut \u00eatre n\u2019importe qui. Il peut s\u2019agir d\u2019un voisin, d\u2019une connaissance ou d\u2019un membre de votre famille. Le d\u00e9fendeur peut accepter ou \u00eatre enjoint par le tribunal \u00ab de ne pas troubler l\u2019ordre public et d\u2019observer une bonne conduite \u00bb.<\/p>\n<p>Lorsque la Cour impose un engagement de ne pas troubler l\u2019ordre public et d\u2019avoir une bonne conduite, elle doit consid\u00e9rer la possibilit\u00e9 d\u2019y inclure une condition de non-communication et celle d\u2019interdire au d\u00e9fendeur d\u2019avoir ou de poss\u00e9der des armes \u00e0 feu.<\/p>\n<p>L\u2019engagement de ne pas troubler l\u2019ordre public et d\u2019avoir une bonne conduite a normalement une dur\u00e9e d\u2019un an. Lorsqu\u2019il prend fin, la personne l\u2019ayant demand\u00e9 peut en demander un autre si elle a de nouvelles preuves \u00e0 l\u2019appui de sa crainte que le d\u00e9fendeur ne lui fasse du mal, fasse du mal \u00e0 un membre de sa famille ou endommage ses biens.<\/p>\n<p>Pour plus de renseignements, veuillez-vous r\u00e9f\u00e9rer au d\u00e9pliant du SPEIJ-NB intitul\u00e9 \u00ab\u00a0Engagement de ne pas troubler l\u2019ordre public et ordonnance de protection \u00a0\u00bb.<\/p>\n<\/div><\/div><\/div><div class=\"fusion-panel panel-default panel-11bd54519906a7c29 fusion-toggle-has-divider\" style=\"--awb-title-color:var(--awb-color8);--awb-content-color:var(--awb-color8);\"><div class=\"panel-heading\"><h4 class=\"panel-title toggle\" id=\"toggle_11bd54519906a7c29\"><a aria-expanded=\"false\" aria-controls=\"11bd54519906a7c29\" role=\"button\" data-toggle=\"collapse\" data-target=\"#11bd54519906a7c29\" href=\"#11bd54519906a7c29\"><span class=\"fusion-toggle-icon-wrapper\" aria-hidden=\"true\"><i class=\"fa-fusion-box active-icon awb-icon-minus\" aria-hidden=\"true\"><\/i><i class=\"fa-fusion-box inactive-icon awb-icon-plus\" aria-hidden=\"true\"><\/i><\/span><span class=\"fusion-toggle-heading\">Conditions de non-communication<\/span><\/a><\/h4><\/div><div id=\"11bd54519906a7c29\" class=\"panel-collapse collapse \" aria-labelledby=\"toggle_11bd54519906a7c29\"><div class=\"panel-body toggle-content fusion-clearfix\">\n<p><strong>Que doit faire une victime si elle ne d\u00e9sire pas que le contrevenant connaisse son adresse?<\/strong><\/p>\n<p>Si une victime ne d\u00e9sire pas que l\u2019accus\u00e9 ou le contrevenant sache o\u00f9 elle habite ou travaille, elle devrait le pr\u00e9ciser lorsqu\u2019elle soumet une demande d\u2019imposition de condition de non-communication.<\/p>\n<p><strong>Que devrait faire une victime en cas de violation d\u2019une condition de non-communication?<\/strong><\/p>\n<p>Si une personne enfreint une condition de non-communication, la victime devrait imm\u00e9diatement appeler la police.<\/p>\n<p>La victime devrait \u00e9galement fournir \u00e0 la police tous les renseignements qui pourraient aider \u00e0 prouver que la condition a \u00e9t\u00e9 enfreinte\u00a0\u2013 par exemple, un message texte ou un courriel re\u00e7u par la victime.<\/p>\n<p><strong>Qu\u2019arrive-t-il \u00e0 une personne qui enfreint une condition de non-communication?<\/strong><\/p>\n<p>Les cons\u00e9quences d\u2019une violation d\u2019une condition de non-communication d\u00e9pend du moment o\u00f9 la violation survient.<\/p>\n<p>Si la condition de non-communication a \u00e9t\u00e9 impos\u00e9e dans le cadre d\u2019un engagement donn\u00e9 \u00e0 la police, d\u2019un engagement donn\u00e9 \u00e0 un juge, dans le cadre d\u2019une peine de probation, d\u2019une ordonnance d\u2019interdiction ou d\u2019un engagement de ne pas troubler l\u2019ordre public et d\u2019avoir une bonne conduite, le suspect peut \u00eatre accus\u00e9 d\u2019un crime et, s\u2019il est reconnu coupable, se voir imposer une amende ou une peine d\u2019emprisonnement.<\/p>\n<p>Si la condition de non-communication a \u00e9t\u00e9 impos\u00e9e dans le cadre d\u2019une condamnation \u00e0 l\u2019emprisonnement avec sursis, d\u2019une permission de sortir, d\u2019une lib\u00e9ration conditionnelle ou d\u2019une lib\u00e9ration d\u2019office, l\u2019accus\u00e9 peut devoir purger le reste de sa peine en prison.<\/p>\n<p><strong>Le syst\u00e8me de justice peut-il utiliser d\u2019autres moyens afin de prot\u00e9ger les victimes?<\/strong><\/p>\n<p>Oui. Plusieurs mesures peuvent \u00eatre prises par le syst\u00e8me de justice p\u00e9nale afin de faciliter le t\u00e9moignage des victimes de crime consid\u00e9r\u00e9es comme vuln\u00e9rables (comme par exemple les victimes d\u2019agression sexuelle et de violence familiale de m\u00eame que les enfants et les adultes handicap\u00e9s). Pour plus de renseignements, pri\u00e8re de consulter <a href=\"https:\/\/legalinfonb.ca\/fr\/info-legale\/victimes-de-crime\/victimes-vulnerables\/\">Victimes vuln\u00e9rables de crime<\/a>.<\/p>\n<p>Le syst\u00e8me du droit de la famille a \u00e9galement recours \u00e0 des m\u00e9thodes non p\u00e9nales pour prot\u00e9ger les gens de contacts fr\u00e9quents ind\u00e9sirables, comme les ordonnances d\u2019interdiction de communiquer. Pour plus de renseignements, pri\u00e8re de consulter <a href=\"https:\/\/pomis.legalinfonb.ca\/publication-files\/Peace_Bonds_EN.pdf\" target=\"_blank\" rel=\"noopener\">Engagement de ne pas troubler le public et ordonnance d\u2019interdiction de communiquer<\/a>.<\/p>\n<\/div><\/div><\/div><\/div><\/div><\/div><\/div><\/div><\/div><\/p>\n","protected":false},"excerpt":{"rendered":"","protected":false},"author":1,"featured_media":0,"parent":620,"menu_order":0,"comment_status":"closed","ping_status":"closed","template":"","meta":{"footnotes":""},"categories":[44,51],"tags":[],"class_list":["post-521","page","type-page","status-publish","hentry","category-law-topics-fr","category-victimes-actes-criminels"],"_links":{"self":[{"href":"https:\/\/legalinfonb.ca\/fr\/wp-json\/wp\/v2\/pages\/521","targetHints":{"allow":["GET"]}}],"collection":[{"href":"https:\/\/legalinfonb.ca\/fr\/wp-json\/wp\/v2\/pages"}],"about":[{"href":"https:\/\/legalinfonb.ca\/fr\/wp-json\/wp\/v2\/types\/page"}],"author":[{"embeddable":true,"href":"https:\/\/legalinfonb.ca\/fr\/wp-json\/wp\/v2\/users\/1"}],"replies":[{"embeddable":true,"href":"https:\/\/legalinfonb.ca\/fr\/wp-json\/wp\/v2\/comments?post=521"}],"version-history":[{"count":6,"href":"https:\/\/legalinfonb.ca\/fr\/wp-json\/wp\/v2\/pages\/521\/revisions"}],"predecessor-version":[{"id":5014,"href":"https:\/\/legalinfonb.ca\/fr\/wp-json\/wp\/v2\/pages\/521\/revisions\/5014"}],"up":[{"embeddable":true,"href":"https:\/\/legalinfonb.ca\/fr\/wp-json\/wp\/v2\/pages\/620"}],"wp:attachment":[{"href":"https:\/\/legalinfonb.ca\/fr\/wp-json\/wp\/v2\/media?parent=521"}],"wp:term":[{"taxonomy":"category","embeddable":true,"href":"https:\/\/legalinfonb.ca\/fr\/wp-json\/wp\/v2\/categories?post=521"},{"taxonomy":"post_tag","embeddable":true,"href":"https:\/\/legalinfonb.ca\/fr\/wp-json\/wp\/v2\/tags?post=521"}],"curies":[{"name":"wp","href":"https:\/\/api.w.org\/{rel}","templated":true}]}}