{"id":967,"date":"2023-11-18T19:38:04","date_gmt":"2023-11-18T23:38:04","guid":{"rendered":"https:\/\/legalinfonb.ca\/notre-travail\/legal-information\/"},"modified":"2026-01-27T09:52:55","modified_gmt":"2026-01-27T13:52:55","slug":"ligne-dinformation-juridique","status":"publish","type":"page","link":"https:\/\/legalinfonb.ca\/fr\/notre-travail\/ligne-dinformation-juridique\/","title":{"rendered":"Ligne d\u2019information juridique"},"content":{"rendered":"<p><div class=\"fusion-fullwidth fullwidth-box fusion-builder-row-1 fusion-flex-container has-pattern-background has-mask-background nonhundred-percent-fullwidth non-hundred-percent-height-scrolling\" style=\"--awb-border-radius-top-left:0px;--awb-border-radius-top-right:0px;--awb-border-radius-bottom-right:0px;--awb-border-radius-bottom-left:0px;--awb-flex-wrap:wrap;\" ><div class=\"fusion-builder-row fusion-row fusion-flex-align-items-flex-start fusion-flex-content-wrap\" style=\"max-width:104%;margin-left: calc(-4% \/ 2 );margin-right: calc(-4% \/ 2 );\"><div class=\"fusion-layout-column fusion_builder_column fusion-builder-column-0 fusion_builder_column_1_1 1_1 fusion-flex-column\" style=\"--awb-bg-size:cover;--awb-width-large:100%;--awb-margin-top-large:0px;--awb-spacing-right-large:1.92%;--awb-margin-bottom-large:20px;--awb-spacing-left-large:1.92%;--awb-width-medium:100%;--awb-order-medium:0;--awb-spacing-right-medium:1.92%;--awb-spacing-left-medium:1.92%;--awb-width-small:100%;--awb-order-small:0;--awb-spacing-right-small:1.92%;--awb-spacing-left-small:1.92%;\"><div class=\"fusion-column-wrapper fusion-column-has-shadow fusion-flex-justify-content-flex-start fusion-content-layout-column\"><div class=\"fusion-title title fusion-title-1 fusion-sep-none fusion-title-text fusion-title-size-one\"><h1 class=\"fusion-title-heading title-heading-left\" style=\"margin:0;\">Ligne d\u2019information juridique<\/h1><\/div><\/div><\/div><\/div><\/div><div class=\"fusion-fullwidth fullwidth-box fusion-builder-row-2 fusion-flex-container has-pattern-background has-mask-background nonhundred-percent-fullwidth non-hundred-percent-height-scrolling\" style=\"--awb-border-radius-top-left:0px;--awb-border-radius-top-right:0px;--awb-border-radius-bottom-right:0px;--awb-border-radius-bottom-left:0px;--awb-flex-wrap:wrap;\" ><div class=\"fusion-builder-row fusion-row fusion-flex-align-items-flex-start fusion-flex-content-wrap\" style=\"max-width:104%;margin-left: calc(-4% \/ 2 );margin-right: calc(-4% \/ 2 );\"><div class=\"fusion-layout-column fusion_builder_column fusion-builder-column-1 fusion_builder_column_1_1 1_1 fusion-flex-column\" style=\"--awb-bg-size:cover;--awb-width-large:100%;--awb-margin-top-large:0px;--awb-spacing-right-large:1.92%;--awb-margin-bottom-large:20px;--awb-spacing-left-large:1.92%;--awb-width-medium:100%;--awb-order-medium:0;--awb-spacing-right-medium:1.92%;--awb-spacing-left-medium:1.92%;--awb-width-small:100%;--awb-order-small:0;--awb-spacing-right-small:1.92%;--awb-spacing-left-small:1.92%;\"><div class=\"fusion-column-wrapper fusion-column-has-shadow fusion-flex-justify-content-flex-start fusion-content-layout-column\"><div class=\"fusion-text fusion-text-1\"><p>Le SPEIJ-NB propose une ligne d\u2019information juridique gratuite, en fran\u00e7ais et en anglais. Le public peut appeler la ligne d\u2019information juridique et envoyer des courriels pour obtenir des renseignements juridiques sur une multitude de sujets.<\/p>\n<p>La ligne d\u2019information juridique\u00a0<strong>ne donne pas de conseils juridiques<\/strong>. Si vous avez besoin d\u2019un avis juridique sur votre situation, contactez un avocat.<\/p>\n<p>Nous r\u00e9pondons aux questions sur les lois du Nouveau-Brunswick, sur les proc\u00e9dures juridiques, sur les termes juridiques et sur le syst\u00e8me judiciaire. Nous pouvons \u00e9galement sugg\u00e9rer des ressources d\u2019aide juridique gratuite ou \u00e0 faible co\u00fbt et d\u2019autres types d\u2019aide.<\/p>\n<\/div><div class=\"fusion-text fusion-text-2\"><p><i class=\"fb-icon-element-1 fb-icon-element fontawesome-icon fa-phone fas circle-yes fusion-text-flow\" style=\"--awb-circlecolor:var(--awb-color2);--awb-circlebordersize:1px;--awb-font-size:28.16px;--awb-width:56.32px;--awb-height:56.32px;--awb-line-height:54.32px;--awb-margin-right:16px;\"><\/i>(506) 453-5369<strong><br \/>\n<\/strong><\/p>\n<p><i class=\"fb-icon-element-2 fb-icon-element fontawesome-icon fa-at fas circle-yes fusion-text-flow\" style=\"--awb-circlecolor:var(--awb-color2);--awb-circlebordersize:1px;--awb-font-size:28.16px;--awb-width:56.32px;--awb-height:56.32px;--awb-line-height:54.32px;--awb-margin-right:16px;\"><\/i><a href=\"mailto:info@legalinfonb.ca\">info@legalinfonb.ca<\/a><\/p>\n<\/div><div class=\"fusion-text fusion-text-3\"><p>N\u2019h\u00e9sitez pas \u00e0 laisser un message si vous tombez sur notre bo\u00eete vocale. Nous vous rappellerons dans les deux jours ouvrables, mais g\u00e9n\u00e9ralement nous vous contacterons avant ce d\u00e9lai. Si nous <strong>ne vous avons pas contact\u00e9 apr\u00e8s 2 jours ouvrables<\/strong>, nous avons peut-\u00eatre eu un probl\u00e8me avec vos coordonn\u00e9es. Il se peut qu&rsquo;elles aient \u00e9t\u00e9 \u00e9touff\u00e9es dans votre message vocale ou qu&rsquo;il y ait eu une erreur dans le num\u00e9ro. Veuillez nous rappeler ou nous envoyer un e-mail \u00e0 nouveau.<\/p>\n<p><strong>Nous appellerons uniquement la personne qui nous a laiss\u00e9 le message<\/strong>. Pour des raisons de s\u00e9curit\u00e9 et de confidentialit\u00e9, veuillez ne pas laisser de message nous demandant d&rsquo;appeler une tierce personne. Si vous appelez au nom d&rsquo;un ami, d&rsquo;un membre de votre famille ou d&rsquo;un client, veuillez laisser votre nom et vos coordonn\u00e9es. Nous vous contacterons pour d\u00e9terminer comment nous pouvons aider la personne.<\/p>\n<p>Merci d\u2019indiquer\u00a0:<\/p>\n<ul>\n<li>votre pr\u00e9nom;<\/li>\n<li>votre question ou une description du sujet;<\/li>\n<li>votre num\u00e9ro de t\u00e9l\u00e9phone (dites-le deux fois);<\/li>\n<li>le meilleur moment pour vous rappeler.<\/li>\n<\/ul>\n<p>Si vous <strong>ne voulez pas<\/strong> que nous laissions un message dans votre bo\u00eete vocale, pr\u00e9cisez-le dans votre message. Autrement, nous laisserons un message vocal si nous ne parvenons pas \u00e0 vous joindre.<\/p>\n<p>La ligne d\u2019information juridique est financ\u00e9e par une subvention de la Fondation pour l\u2019avancement du droit au Nouveau-Brunswick.<\/p>\n<\/div><\/div><\/div><\/div><\/div><div class=\"fusion-fullwidth fullwidth-box fusion-builder-row-3 fusion-flex-container has-pattern-background has-mask-background nonhundred-percent-fullwidth non-hundred-percent-height-scrolling\" style=\"--awb-border-radius-top-left:0px;--awb-border-radius-top-right:0px;--awb-border-radius-bottom-right:0px;--awb-border-radius-bottom-left:0px;--awb-flex-wrap:wrap;\" ><div class=\"fusion-builder-row fusion-row fusion-flex-align-items-flex-start fusion-flex-content-wrap\" style=\"max-width:104%;margin-left: calc(-4% \/ 2 );margin-right: calc(-4% \/ 2 );\"><div class=\"fusion-layout-column fusion_builder_column fusion-builder-column-2 fusion_builder_column_1_1 1_1 fusion-flex-column\" style=\"--awb-bg-size:cover;--awb-width-large:100%;--awb-margin-top-large:0px;--awb-spacing-right-large:1.92%;--awb-margin-bottom-large:20px;--awb-spacing-left-large:1.92%;--awb-width-medium:100%;--awb-order-medium:0;--awb-spacing-right-medium:1.92%;--awb-spacing-left-medium:1.92%;--awb-width-small:100%;--awb-order-small:0;--awb-spacing-right-small:1.92%;--awb-spacing-left-small:1.92%;\"><div class=\"fusion-column-wrapper fusion-column-has-shadow fusion-flex-justify-content-flex-start fusion-content-layout-column\">\n<p><strong>Heures d\u2019ouverture<\/strong><\/p>\n<div class=\"table-1\">\n<table width=\"100%\">\n<tbody>\n<tr>\n<td>Lundi<\/td>\n<td>8 h 30 \u00e0 16 h 15<\/td>\n<\/tr>\n<tr>\n<td>Mardi<\/td>\n<td>8 h 30 \u00e0 16 h 15<\/td>\n<\/tr>\n<tr>\n<td>Mercredi<\/td>\n<td>8 h 30 \u00e0 16 h 15<\/td>\n<\/tr>\n<tr>\n<td>Jeudi<\/td>\n<td>8 h 30 \u00e0 16 h 15<\/td>\n<\/tr>\n<tr>\n<td>Vendredi<\/td>\n<td>8 h 30 \u00e0 16 h 15<\/td>\n<\/tr>\n<\/tbody>\n<\/table>\n<\/div>\n\n\n<\/div><\/div><\/div><\/div><\/p>\n","protected":false},"excerpt":{"rendered":"","protected":false},"author":1,"featured_media":0,"parent":534,"menu_order":0,"comment_status":"closed","ping_status":"closed","template":"","meta":{"footnotes":""},"categories":[49],"tags":[],"class_list":["post-967","page","type-page","status-publish","hentry","category-obtenir-aide"],"_links":{"self":[{"href":"https:\/\/legalinfonb.ca\/fr\/wp-json\/wp\/v2\/pages\/967","targetHints":{"allow":["GET"]}}],"collection":[{"href":"https:\/\/legalinfonb.ca\/fr\/wp-json\/wp\/v2\/pages"}],"about":[{"href":"https:\/\/legalinfonb.ca\/fr\/wp-json\/wp\/v2\/types\/page"}],"author":[{"embeddable":true,"href":"https:\/\/legalinfonb.ca\/fr\/wp-json\/wp\/v2\/users\/1"}],"replies":[{"embeddable":true,"href":"https:\/\/legalinfonb.ca\/fr\/wp-json\/wp\/v2\/comments?post=967"}],"version-history":[{"count":18,"href":"https:\/\/legalinfonb.ca\/fr\/wp-json\/wp\/v2\/pages\/967\/revisions"}],"predecessor-version":[{"id":4743,"href":"https:\/\/legalinfonb.ca\/fr\/wp-json\/wp\/v2\/pages\/967\/revisions\/4743"}],"up":[{"embeddable":true,"href":"https:\/\/legalinfonb.ca\/fr\/wp-json\/wp\/v2\/pages\/534"}],"wp:attachment":[{"href":"https:\/\/legalinfonb.ca\/fr\/wp-json\/wp\/v2\/media?parent=967"}],"wp:term":[{"taxonomy":"category","embeddable":true,"href":"https:\/\/legalinfonb.ca\/fr\/wp-json\/wp\/v2\/categories?post=967"},{"taxonomy":"post_tag","embeddable":true,"href":"https:\/\/legalinfonb.ca\/fr\/wp-json\/wp\/v2\/tags?post=967"}],"curies":[{"name":"wp","href":"https:\/\/api.w.org\/{rel}","templated":true}]}}